{"id":3228,"date":"2025-11-09T12:30:00","date_gmt":"2025-11-09T12:30:00","guid":{"rendered":"https:\/\/skilldo.wiechula.ovh\/?page_id=3228"},"modified":"2026-01-22T21:17:42","modified_gmt":"2026-01-22T21:17:42","slug":"storytelling-w-biznesie","status":"publish","type":"page","link":"https:\/\/skilldo.pl\/en\/storytelling-w-biznesie\/","title":{"rendered":"Storytelling in Business \u2013 How to Build Influence and Engagement Through Stories"},"content":{"rendered":"<div data-elementor-type=\"wp-page\" data-elementor-id=\"3228\" class=\"elementor elementor-3228\">\n\t\t\t\t<div class=\"elementor-element elementor-element-9c9c0d6 e-flex e-con-boxed e-con e-parent\" data-id=\"9c9c0d6\" data-element_type=\"container\" data-settings=\"{&quot;background_background&quot;:&quot;classic&quot;}\">\n\t\t\t\t\t<div class=\"e-con-inner\">\n\t\t<div class=\"elementor-element elementor-element-2774994 e-con-full e-flex e-con e-child\" data-id=\"2774994\" data-element_type=\"container\">\n\t\t\t\t<div class=\"elementor-element elementor-element-add3558 elementor-widget elementor-widget-heading\" data-id=\"add3558\" data-element_type=\"widget\" data-widget_type=\"heading.default\">\n\t\t\t\t<div class=\"elementor-widget-container\">\n\t\t\t\t\t<h1 class=\"elementor-heading-title elementor-size-default\">Storytelling in Business \u2013 How to Build Influence and Engagement Through Stories<\/h1>\t\t\t\t<\/div>\n\t\t\t\t<\/div>\n\t\t\t\t<\/div>\n\t\t\t\t\t<\/div>\n\t\t\t\t<\/div>\n\t\t<div class=\"elementor-element elementor-element-38476a0 e-flex e-con-boxed e-con e-parent\" data-id=\"38476a0\" data-element_type=\"container\" data-settings=\"{&quot;background_background&quot;:&quot;classic&quot;}\">\n\t\t\t\t\t<div class=\"e-con-inner\">\n\t\t<div class=\"elementor-element elementor-element-3b3710f e-con-full e-flex e-con e-child\" data-id=\"3b3710f\" data-element_type=\"container\">\n\t\t\t\t<div class=\"elementor-element elementor-element-eb62324 elementor-widget elementor-widget-heading\" data-id=\"eb62324\" data-element_type=\"widget\" data-widget_type=\"heading.default\">\n\t\t\t\t<div class=\"elementor-widget-container\">\n\t\t\t\t\t<h2 class=\"elementor-heading-title elementor-size-default\">Workshop description<\/h2>\t\t\t\t<\/div>\n\t\t\t\t<\/div>\n\t\t\t\t<div class=\"elementor-element elementor-element-2352195 elementor-widget elementor-widget-text-editor\" data-id=\"2352195\" data-element_type=\"widget\" data-widget_type=\"text-editor.default\">\n\t\t\t\t<div class=\"elementor-widget-container\">\n\t\t\t\t\t\t\t\t\t<p>Storytelling is the art of conveying information in a way that engages, inspires, and resonates with audiences.<br \/><br \/>In a world where we are bombarded with an overabundance of data and messages daily, good stories stand out and build genuine relationships.<br \/><br \/>During this workshop, participants will learn how to utilize storytelling in their professional work\u2014regardless of their role or department within the organization. They will learn the structure of an effective story, which allows them to translate complex topics into the language of emotion and benefit, making it easier to gain acceptance for ideas, build engagement, and influence decisions.<br \/><br \/>We will pay special attention to working with various stakeholder groups, demonstrating how to tailor narratives to their expectations. We will also discuss the importance of storytelling in communicating with younger generations of employees\u2014Generation Z and Alpha\u2014for whom stories are a natural way to absorb information.<br \/><br \/>The workshop is fully practical\u2014participants will create their own stories, working with examples from their professional lives and real-world organizational challenges.<\/p>\t\t\t\t\t\t\t\t<\/div>\n\t\t\t\t<\/div>\n\t\t\t\t<\/div>\n\t\t<div class=\"elementor-element elementor-element-16e5dfe e-con-full e-flex e-con e-child\" data-id=\"16e5dfe\" data-element_type=\"container\">\n\t\t\t\t<div class=\"elementor-element elementor-element-3fd3d1c elementor-widget elementor-widget-image\" data-id=\"3fd3d1c\" data-element_type=\"widget\" data-widget_type=\"image.default\">\n\t\t\t\t<div class=\"elementor-widget-container\">\n\t\t\t\t\t\t\t\t\t\t\t\t\t\t\t<img fetchpriority=\"high\" decoding=\"async\" width=\"731\" height=\"1024\" src=\"https:\/\/skilldo.pl\/wp-content\/uploads\/2026\/01\/storytelling-731x1024.jpg\" class=\"attachment-large size-large wp-image-3983\" alt=\"\" srcset=\"https:\/\/skilldo.pl\/wp-content\/uploads\/2026\/01\/storytelling-731x1024.jpg 731w, https:\/\/skilldo.pl\/wp-content\/uploads\/2026\/01\/storytelling-214x300.jpg 214w, https:\/\/skilldo.pl\/wp-content\/uploads\/2026\/01\/storytelling-768x1076.jpg 768w, https:\/\/skilldo.pl\/wp-content\/uploads\/2026\/01\/storytelling.jpg 996w\" sizes=\"(max-width: 731px) 100vw, 731px\" \/>\t\t\t\t\t\t\t\t\t\t\t\t\t\t\t<\/div>\n\t\t\t\t<\/div>\n\t\t\t\t<\/div>\n\t\t\t\t\t<\/div>\n\t\t\t\t<\/div>\n\t\t<div class=\"elementor-element elementor-element-850c3c6 e-flex e-con-boxed e-con e-parent\" data-id=\"850c3c6\" data-element_type=\"container\" data-settings=\"{&quot;background_background&quot;:&quot;classic&quot;}\">\n\t\t\t\t\t<div class=\"e-con-inner\">\n\t\t<div class=\"elementor-element elementor-element-448314e e-con-full e-flex e-con e-child\" data-id=\"448314e\" data-element_type=\"container\">\n\t\t\t\t<div class=\"elementor-element elementor-element-63fc861 elementor-widget elementor-widget-heading\" data-id=\"63fc861\" data-element_type=\"widget\" data-widget_type=\"heading.default\">\n\t\t\t\t<div class=\"elementor-widget-container\">\n\t\t\t\t\t<h2 class=\"elementor-heading-title elementor-size-default\">Benefits of participation<\/h2>\t\t\t\t<\/div>\n\t\t\t\t<\/div>\n\t\t\t\t<\/div>\n\t\t<div class=\"elementor-element elementor-element-45bfc0a e-con-full e-flex e-con e-child\" data-id=\"45bfc0a\" data-element_type=\"container\">\n\t\t\t\t<div class=\"elementor-element elementor-element-0bc10e6 elementor-widget elementor-widget-text-editor\" data-id=\"0bc10e6\" data-element_type=\"widget\" data-widget_type=\"text-editor.default\">\n\t\t\t\t<div class=\"elementor-widget-container\">\n\t\t\t\t\t\t\t\t\t<ul><li><p>Learning the principles of effective storytelling in business<\/p><\/li><li><p>The ability to translate complex content into inspiring, engaging stories<\/p><\/li><li><p>Tools to gain acceptance and support for your ideas and projects<\/p><\/li><li><p>Increase the impact and visibility of your work within the organization<\/p><\/li><li><p>Better communication with different audiences, including younger generations<\/p><\/li><li><p>Development of leadership competencies and trust-building skills<\/p><\/li><\/ul>\t\t\t\t\t\t\t\t<\/div>\n\t\t\t\t<\/div>\n\t\t\t\t<\/div>\n\t\t\t\t\t<\/div>\n\t\t\t\t<\/div>\n\t\t<div class=\"elementor-element elementor-element-74f1275 e-flex e-con-boxed e-con e-parent\" data-id=\"74f1275\" data-element_type=\"container\" data-settings=\"{&quot;background_background&quot;:&quot;classic&quot;}\">\n\t\t\t\t\t<div class=\"e-con-inner\">\n\t\t<div class=\"elementor-element elementor-element-cec1198 e-con-full e-flex e-con e-child\" data-id=\"cec1198\" data-element_type=\"container\">\n\t\t\t\t<div class=\"elementor-element elementor-element-52f6c3d elementor-widget elementor-widget-heading\" data-id=\"52f6c3d\" data-element_type=\"widget\" data-widget_type=\"heading.default\">\n\t\t\t\t<div class=\"elementor-widget-container\">\n\t\t\t\t\t<h2 class=\"elementor-heading-title elementor-size-default\">Who is the workshop for?<\/h2>\t\t\t\t<\/div>\n\t\t\t\t<\/div>\n\t\t\t\t<\/div>\n\t\t<div class=\"elementor-element elementor-element-076f093 e-con-full e-flex e-con e-child\" data-id=\"076f093\" data-element_type=\"container\">\n\t\t<div class=\"elementor-element elementor-element-ac950a4 e-con-full e-flex e-con e-child\" data-id=\"ac950a4\" data-element_type=\"container\">\n\t\t<div class=\"elementor-element elementor-element-b997a19 e-con-full e-flex e-con e-child\" data-id=\"b997a19\" data-element_type=\"container\">\n\t\t\t\t<div class=\"elementor-element elementor-element-676a1de elementor-widget elementor-widget-html\" data-id=\"676a1de\" data-element_type=\"widget\" data-widget_type=\"html.default\">\n\t\t\t\t<div class=\"elementor-widget-container\">\n\t\t\t\t\t<div class=\"e-step\">\n  <div class=\"e-number\">1<\/div>\n  <div class=\"e-step-text\"><p>Leaders and managers responsible for communication and team development.<\/p><\/div>\n<\/div>\t\t\t\t<\/div>\n\t\t\t\t<\/div>\n\t\t\t\t<\/div>\n\t\t<div class=\"elementor-element elementor-element-64c7742 e-con-full e-flex e-con e-child\" data-id=\"64c7742\" data-element_type=\"container\">\n\t\t\t\t<div class=\"elementor-element elementor-element-57de7f1 elementor-widget elementor-widget-html\" data-id=\"57de7f1\" data-element_type=\"widget\" data-widget_type=\"html.default\">\n\t\t\t\t<div class=\"elementor-widget-container\">\n\t\t\t\t\t<div class=\"e-step\">\n  <div class=\"e-number\">2<\/div>\n  <div class=\"e-step-text\"><p>Specialists and experts who want to increase the visibility of their work.<\/p><\/div>\n<\/div>\t\t\t\t<\/div>\n\t\t\t\t<\/div>\n\t\t\t\t<\/div>\n\t\t<div class=\"elementor-element elementor-element-dae9b8a e-con-full e-flex e-con e-child\" data-id=\"dae9b8a\" data-element_type=\"container\">\n\t\t\t\t<div class=\"elementor-element elementor-element-b5c1dde elementor-widget elementor-widget-html\" data-id=\"b5c1dde\" data-element_type=\"widget\" data-widget_type=\"html.default\">\n\t\t\t\t<div class=\"elementor-widget-container\">\n\t\t\t\t\t<div class=\"e-step\">\n  <div class=\"e-number\">3<\/div>\n  <div class=\"e-step-text\"><p>Members of project teams and departments supporting the organization.<\/p><\/div>\n<\/div>\t\t\t\t<\/div>\n\t\t\t\t<\/div>\n\t\t\t\t<\/div>\n\t\t<div class=\"elementor-element elementor-element-68d3b3e e-con-full e-flex e-con e-child\" data-id=\"68d3b3e\" data-element_type=\"container\">\n\t\t\t\t<div class=\"elementor-element elementor-element-122745c elementor-widget elementor-widget-html\" data-id=\"122745c\" data-element_type=\"widget\" data-widget_type=\"html.default\">\n\t\t\t\t<div class=\"elementor-widget-container\">\n\t\t\t\t\t<div class=\"e-step\">\n  <div class=\"e-number\">4<\/div>\n  <div class=\"e-step-text\"><p>People preparing for a leadership role or planning to develop leadership competencies.<\/p><\/div>\n<\/div>\t\t\t\t<\/div>\n\t\t\t\t<\/div>\n\t\t\t\t<\/div>\n\t\t\t\t<\/div>\n\t\t\t\t<\/div>\n\t\t\t\t\t<\/div>\n\t\t\t\t<\/div>\n\t\t<div class=\"elementor-element elementor-element-8a1d875 e-flex e-con-boxed e-con e-parent\" data-id=\"8a1d875\" data-element_type=\"container\" data-settings=\"{&quot;background_background&quot;:&quot;classic&quot;}\">\n\t\t\t\t\t<div class=\"e-con-inner\">\n\t\t<div class=\"elementor-element elementor-element-fed9366 e-con-full e-flex e-con e-child\" data-id=\"fed9366\" data-element_type=\"container\">\n\t\t\t\t<div class=\"elementor-element elementor-element-da8b495 elementor-widget elementor-widget-heading\" data-id=\"da8b495\" data-element_type=\"widget\" data-widget_type=\"heading.default\">\n\t\t\t\t<div class=\"elementor-widget-container\">\n\t\t\t\t\t<h2 class=\"elementor-heading-title elementor-size-default\">Workshop effects<\/h2>\t\t\t\t<\/div>\n\t\t\t\t<\/div>\n\t\t\t\t<\/div>\n\t\t<div class=\"elementor-element elementor-element-9f22f97 e-con-full e-flex e-con e-child\" data-id=\"9f22f97\" data-element_type=\"container\">\n\t\t\t\t<div class=\"elementor-element elementor-element-a23f2dc elementor-widget elementor-widget-text-editor\" data-id=\"a23f2dc\" data-element_type=\"widget\" data-widget_type=\"text-editor.default\">\n\t\t\t\t<div class=\"elementor-widget-container\">\n\t\t\t\t\t\t\t\t\t<ul><li>Creating short, engaging, and compelling business stories<\/li><li>Tailoring the narrative to different stakeholder groups and their motivations<\/li><li>Consciously using stories to build team engagement<\/li><li>Ability to present data and projects in an impactful narrative<\/li><li>Increased communication effectiveness and visibility within the organization<\/li><\/ul>\t\t\t\t\t\t\t\t<\/div>\n\t\t\t\t<\/div>\n\t\t\t\t<\/div>\n\t\t\t\t\t<\/div>\n\t\t\t\t<\/div>\n\t\t<div class=\"elementor-element elementor-element-d809707 e-flex e-con-boxed e-con e-parent\" data-id=\"d809707\" data-element_type=\"container\">\n\t\t\t\t\t<div class=\"e-con-inner\">\n\t\t\t\t<div class=\"elementor-element elementor-element-7c2d7b8 big-btn elementor-widget elementor-widget-button\" data-id=\"7c2d7b8\" data-element_type=\"widget\" data-widget_type=\"button.default\">\n\t\t\t\t<div class=\"elementor-widget-container\">\n\t\t\t\t\t\t\t\t\t<div class=\"elementor-button-wrapper\">\n\t\t\t\t\t<a class=\"elementor-button elementor-button-link elementor-size-sm\" href=\"\/en\/kontakt\/\">\n\t\t\t\t\t\t<span class=\"elementor-button-content-wrapper\">\n\t\t\t\t\t\t<span class=\"elementor-button-icon\">\n\t\t\t\t<i aria-hidden=\"true\" class=\"fas fa-mail-bulk\"><\/i>\t\t\t<\/span>\n\t\t\t\t\t\t\t\t\t<span class=\"elementor-button-text\">Contact us<\/span>\n\t\t\t\t\t<\/span>\n\t\t\t\t\t<\/a>\n\t\t\t\t<\/div>\n\t\t\t\t\t\t\t\t<\/div>\n\t\t\t\t<\/div>\n\t\t\t\t\t<\/div>\n\t\t\t\t<\/div>\n\t\t\t\t<\/div>","protected":false},"excerpt":{"rendered":"<p>Storytelling w biznesie \u2013 jak budowa\u0107 wp\u0142yw i zaanga\u017cowanie poprzez opowie\u015bci Opis warsztatu Storytelling to sztuka przekazywania informacji w spos\u00f3b, kt\u00f3ry anga\u017cuje, inspiruje i pozostaje w pami\u0119ci odbiorc\u00f3w. W \u015bwiecie, gdzie codziennie dociera do nas nadmiar danych i komunikat\u00f3w, dobre historie wyr\u00f3\u017cniaj\u0105 si\u0119 i buduj\u0105 prawdziwe relacje. Podczas warsztatu uczestnicy naucz\u0105 si\u0119, jak wykorzystywa\u0107 storytelling <a class=\"read-more\" href=\"https:\/\/skilldo.pl\/en\/storytelling-w-biznesie\/\">[&#8230;] <\/a><\/p>\n","protected":false},"author":1,"featured_media":0,"parent":0,"menu_order":100,"comment_status":"closed","ping_status":"closed","template":"","meta":{"site-sidebar-layout":"no-sidebar","site-content-layout":"page-builder","ast-site-content-layout":"full-width-container","site-content-style":"default","site-sidebar-style":"default","ast-global-header-display":"","ast-banner-title-visibility":"","ast-main-header-display":"","ast-hfb-above-header-display":"","ast-hfb-below-header-display":"","ast-hfb-mobile-header-display":"","site-post-title":"disabled","ast-breadcrumbs-content":"","ast-featured-img":"disabled","footer-sml-layout":"","theme-transparent-header-meta":"enabled","adv-header-id-meta":"","stick-header-meta":"","header-above-stick-meta":"","header-main-stick-meta":"","header-below-stick-meta":"","astra-migrate-meta-layouts":"set","ast-page-background-enabled":"default","ast-page-background-meta":{"desktop":{"background-color":"var(--ast-global-color-4)","background-image":"","background-repeat":"repeat","background-position":"center center","background-size":"auto","background-attachment":"scroll","background-type":"","background-media":"","overlay-type":"","overlay-color":"","overlay-opacity":"","overlay-gradient":""},"tablet":{"background-color":"","background-image":"","background-repeat":"repeat","background-position":"center center","background-size":"auto","background-attachment":"scroll","background-type":"","background-media":"","overlay-type":"","overlay-color":"","overlay-opacity":"","overlay-gradient":""},"mobile":{"background-color":"","background-image":"","background-repeat":"repeat","background-position":"center center","background-size":"auto","background-attachment":"scroll","background-type":"","background-media":"","overlay-type":"","overlay-color":"","overlay-opacity":"","overlay-gradient":""}},"ast-content-background-meta":{"desktop":{"background-color":"var(--ast-global-color-5)","background-image":"","background-repeat":"repeat","background-position":"center center","background-size":"auto","background-attachment":"scroll","background-type":"","background-media":"","overlay-type":"","overlay-color":"","overlay-opacity":"","overlay-gradient":""},"tablet":{"background-color":"var(--ast-global-color-5)","background-image":"","background-repeat":"repeat","background-position":"center center","background-size":"auto","background-attachment":"scroll","background-type":"","background-media":"","overlay-type":"","overlay-color":"","overlay-opacity":"","overlay-gradient":""},"mobile":{"background-color":"var(--ast-global-color-5)","background-image":"","background-repeat":"repeat","background-position":"center center","background-size":"auto","background-attachment":"scroll","background-type":"","background-media":"","overlay-type":"","overlay-color":"","overlay-opacity":"","overlay-gradient":""}},"footnotes":""},"class_list":["post-3228","page","type-page","status-publish","hentry"],"yoast_head":"<!-- This site is optimized with the Yoast SEO plugin v26.7 - https:\/\/yoast.com\/wordpress\/plugins\/seo\/ -->\n<title>Warsztat: Storytelling w biznesie \u2013 jak budowa\u0107 wp\u0142yw i zaanga\u017cowanie poprzez opowie\u015bci | Skilldo<\/title>\n<meta name=\"description\" content=\"Storytelling w biznesie, kt\u00f3ry anga\u017cuje i przekonuje. Naucz si\u0119 opowiada\u0107 historie wspieraj\u0105ce sprzeda\u017c, przyw\u00f3dztwo i komunikacj\u0119 marki. Zmiany wdra\u017caj od razu - tego uczymy.\" \/>\n<meta name=\"robots\" content=\"index, follow, max-snippet:-1, max-image-preview:large, max-video-preview:-1\" \/>\n<link rel=\"canonical\" href=\"https:\/\/skilldo.pl\/en\/storytelling-w-biznesie\/\" \/>\n<meta property=\"og:locale\" content=\"en_GB\" \/>\n<meta property=\"og:type\" content=\"article\" \/>\n<meta property=\"og:title\" content=\"Warsztat: Storytelling w biznesie \u2013 jak budowa\u0107 wp\u0142yw i zaanga\u017cowanie poprzez opowie\u015bci | Skilldo\" \/>\n<meta property=\"og:description\" content=\"Storytelling w biznesie, kt\u00f3ry anga\u017cuje i przekonuje. Naucz si\u0119 opowiada\u0107 historie wspieraj\u0105ce sprzeda\u017c, przyw\u00f3dztwo i komunikacj\u0119 marki. Zmiany wdra\u017caj od razu - tego uczymy.\" \/>\n<meta property=\"og:url\" content=\"https:\/\/skilldo.pl\/en\/storytelling-w-biznesie\/\" \/>\n<meta property=\"og:site_name\" content=\"Skilldo\" \/>\n<meta property=\"article:modified_time\" content=\"2026-01-22T21:17:42+00:00\" \/>\n<meta property=\"og:image\" content=\"https:\/\/skilldo.pl\/wp-content\/uploads\/2026\/01\/storytelling-731x1024.jpg\" \/>\n<meta name=\"twitter:card\" content=\"summary_large_image\" \/>\n<meta name=\"twitter:label1\" content=\"Estimated reading time\" \/>\n\t<meta name=\"twitter:data1\" content=\"2 minutes\" \/>\n<script type=\"application\/ld+json\" class=\"yoast-schema-graph\">{\"@context\":\"https:\/\/schema.org\",\"@graph\":[{\"@type\":\"WebPage\",\"@id\":\"https:\/\/skilldo.pl\/storytelling-w-biznesie\/\",\"url\":\"https:\/\/skilldo.pl\/storytelling-w-biznesie\/\",\"name\":\"Warsztat: Storytelling w biznesie \u2013 jak budowa\u0107 wp\u0142yw i zaanga\u017cowanie poprzez opowie\u015bci | Skilldo\",\"isPartOf\":{\"@id\":\"https:\/\/skilldo.pl\/#website\"},\"primaryImageOfPage\":{\"@id\":\"https:\/\/skilldo.pl\/storytelling-w-biznesie\/#primaryimage\"},\"image\":{\"@id\":\"https:\/\/skilldo.pl\/storytelling-w-biznesie\/#primaryimage\"},\"thumbnailUrl\":\"https:\/\/skilldo.pl\/wp-content\/uploads\/2026\/01\/storytelling-731x1024.jpg\",\"datePublished\":\"2025-11-09T12:30:00+00:00\",\"dateModified\":\"2026-01-22T21:17:42+00:00\",\"description\":\"Storytelling w biznesie, kt\u00f3ry anga\u017cuje i przekonuje. Naucz si\u0119 opowiada\u0107 historie wspieraj\u0105ce sprzeda\u017c, przyw\u00f3dztwo i komunikacj\u0119 marki. Zmiany wdra\u017caj od razu - tego uczymy.\",\"breadcrumb\":{\"@id\":\"https:\/\/skilldo.pl\/storytelling-w-biznesie\/#breadcrumb\"},\"inLanguage\":\"en-GB\",\"potentialAction\":[{\"@type\":\"ReadAction\",\"target\":[\"https:\/\/skilldo.pl\/storytelling-w-biznesie\/\"]}]},{\"@type\":\"ImageObject\",\"inLanguage\":\"en-GB\",\"@id\":\"https:\/\/skilldo.pl\/storytelling-w-biznesie\/#primaryimage\",\"url\":\"https:\/\/skilldo.pl\/wp-content\/uploads\/2026\/01\/storytelling-731x1024.jpg\",\"contentUrl\":\"https:\/\/skilldo.pl\/wp-content\/uploads\/2026\/01\/storytelling-731x1024.jpg\"},{\"@type\":\"BreadcrumbList\",\"@id\":\"https:\/\/skilldo.pl\/storytelling-w-biznesie\/#breadcrumb\",\"itemListElement\":[{\"@type\":\"ListItem\",\"position\":1,\"name\":\"Strona g\u0142\u00f3wna\",\"item\":\"https:\/\/skilldo.pl\/\"},{\"@type\":\"ListItem\",\"position\":2,\"name\":\"Storytelling w biznesie \u2013 jak budowa\u0107 wp\u0142yw i zaanga\u017cowanie poprzez opowie\u015bci\"}]},{\"@type\":\"WebSite\",\"@id\":\"https:\/\/skilldo.pl\/#website\",\"url\":\"https:\/\/skilldo.pl\/\",\"name\":\"Skilldo\",\"description\":\"Skilldo - szkolenia dla lider\u00f3w i zespo\u0142\u00f3w\",\"publisher\":{\"@id\":\"https:\/\/skilldo.pl\/#organization\"},\"alternateName\":\"Skilldo\",\"potentialAction\":[{\"@type\":\"SearchAction\",\"target\":{\"@type\":\"EntryPoint\",\"urlTemplate\":\"https:\/\/skilldo.pl\/?s={search_term_string}\"},\"query-input\":{\"@type\":\"PropertyValueSpecification\",\"valueRequired\":true,\"valueName\":\"search_term_string\"}}],\"inLanguage\":\"en-GB\"},{\"@type\":\"Organization\",\"@id\":\"https:\/\/skilldo.pl\/#organization\",\"name\":\"Skilldo\",\"alternateName\":\"Skilldo\",\"url\":\"https:\/\/skilldo.pl\/\",\"logo\":{\"@type\":\"ImageObject\",\"inLanguage\":\"en-GB\",\"@id\":\"https:\/\/skilldo.pl\/#\/schema\/logo\/image\/\",\"url\":\"https:\/\/skilldo.pl\/wp-content\/uploads\/2025\/10\/skilldo-page.png\",\"contentUrl\":\"https:\/\/skilldo.pl\/wp-content\/uploads\/2025\/10\/skilldo-page.png\",\"width\":397,\"height\":164,\"caption\":\"Skilldo\"},\"image\":{\"@id\":\"https:\/\/skilldo.pl\/#\/schema\/logo\/image\/\"},\"sameAs\":[\"https:\/\/pl.linkedin.com\/in\/dagmara-solik\"]}]}<\/script>\n<!-- \/ Yoast SEO plugin. -->","yoast_head_json":{"title":"Warsztat: Storytelling w biznesie \u2013 jak budowa\u0107 wp\u0142yw i zaanga\u017cowanie poprzez opowie\u015bci | Skilldo","description":"Storytelling w biznesie, kt\u00f3ry anga\u017cuje i przekonuje. Naucz si\u0119 opowiada\u0107 historie wspieraj\u0105ce sprzeda\u017c, przyw\u00f3dztwo i komunikacj\u0119 marki. Zmiany wdra\u017caj od razu - tego uczymy.","robots":{"index":"index","follow":"follow","max-snippet":"max-snippet:-1","max-image-preview":"max-image-preview:large","max-video-preview":"max-video-preview:-1"},"canonical":"https:\/\/skilldo.pl\/en\/storytelling-w-biznesie\/","og_locale":"en_GB","og_type":"article","og_title":"Warsztat: Storytelling w biznesie \u2013 jak budowa\u0107 wp\u0142yw i zaanga\u017cowanie poprzez opowie\u015bci | Skilldo","og_description":"Storytelling w biznesie, kt\u00f3ry anga\u017cuje i przekonuje. Naucz si\u0119 opowiada\u0107 historie wspieraj\u0105ce sprzeda\u017c, przyw\u00f3dztwo i komunikacj\u0119 marki. Zmiany wdra\u017caj od razu - tego uczymy.","og_url":"https:\/\/skilldo.pl\/en\/storytelling-w-biznesie\/","og_site_name":"Skilldo","article_modified_time":"2026-01-22T21:17:42+00:00","og_image":[{"url":"https:\/\/skilldo.pl\/wp-content\/uploads\/2026\/01\/storytelling-731x1024.jpg","type":"","width":"","height":""}],"twitter_card":"summary_large_image","twitter_misc":{"Estimated reading time":"2 minutes"},"schema":{"@context":"https:\/\/schema.org","@graph":[{"@type":"WebPage","@id":"https:\/\/skilldo.pl\/storytelling-w-biznesie\/","url":"https:\/\/skilldo.pl\/storytelling-w-biznesie\/","name":"Warsztat: Storytelling w biznesie \u2013 jak budowa\u0107 wp\u0142yw i zaanga\u017cowanie poprzez opowie\u015bci | Skilldo","isPartOf":{"@id":"https:\/\/skilldo.pl\/#website"},"primaryImageOfPage":{"@id":"https:\/\/skilldo.pl\/storytelling-w-biznesie\/#primaryimage"},"image":{"@id":"https:\/\/skilldo.pl\/storytelling-w-biznesie\/#primaryimage"},"thumbnailUrl":"https:\/\/skilldo.pl\/wp-content\/uploads\/2026\/01\/storytelling-731x1024.jpg","datePublished":"2025-11-09T12:30:00+00:00","dateModified":"2026-01-22T21:17:42+00:00","description":"Storytelling w biznesie, kt\u00f3ry anga\u017cuje i przekonuje. Naucz si\u0119 opowiada\u0107 historie wspieraj\u0105ce sprzeda\u017c, przyw\u00f3dztwo i komunikacj\u0119 marki. Zmiany wdra\u017caj od razu - tego uczymy.","breadcrumb":{"@id":"https:\/\/skilldo.pl\/storytelling-w-biznesie\/#breadcrumb"},"inLanguage":"en-GB","potentialAction":[{"@type":"ReadAction","target":["https:\/\/skilldo.pl\/storytelling-w-biznesie\/"]}]},{"@type":"ImageObject","inLanguage":"en-GB","@id":"https:\/\/skilldo.pl\/storytelling-w-biznesie\/#primaryimage","url":"https:\/\/skilldo.pl\/wp-content\/uploads\/2026\/01\/storytelling-731x1024.jpg","contentUrl":"https:\/\/skilldo.pl\/wp-content\/uploads\/2026\/01\/storytelling-731x1024.jpg"},{"@type":"BreadcrumbList","@id":"https:\/\/skilldo.pl\/storytelling-w-biznesie\/#breadcrumb","itemListElement":[{"@type":"ListItem","position":1,"name":"Strona g\u0142\u00f3wna","item":"https:\/\/skilldo.pl\/"},{"@type":"ListItem","position":2,"name":"Storytelling w biznesie \u2013 jak budowa\u0107 wp\u0142yw i zaanga\u017cowanie poprzez opowie\u015bci"}]},{"@type":"WebSite","@id":"https:\/\/skilldo.pl\/#website","url":"https:\/\/skilldo.pl\/","name":"Skilldo","description":"Skilldo - szkolenia dla lider\u00f3w i zespo\u0142\u00f3w","publisher":{"@id":"https:\/\/skilldo.pl\/#organization"},"alternateName":"Skilldo","potentialAction":[{"@type":"SearchAction","target":{"@type":"EntryPoint","urlTemplate":"https:\/\/skilldo.pl\/?s={search_term_string}"},"query-input":{"@type":"PropertyValueSpecification","valueRequired":true,"valueName":"search_term_string"}}],"inLanguage":"en-GB"},{"@type":"Organization","@id":"https:\/\/skilldo.pl\/#organization","name":"Skilldo","alternateName":"Skilldo","url":"https:\/\/skilldo.pl\/","logo":{"@type":"ImageObject","inLanguage":"en-GB","@id":"https:\/\/skilldo.pl\/#\/schema\/logo\/image\/","url":"https:\/\/skilldo.pl\/wp-content\/uploads\/2025\/10\/skilldo-page.png","contentUrl":"https:\/\/skilldo.pl\/wp-content\/uploads\/2025\/10\/skilldo-page.png","width":397,"height":164,"caption":"Skilldo"},"image":{"@id":"https:\/\/skilldo.pl\/#\/schema\/logo\/image\/"},"sameAs":["https:\/\/pl.linkedin.com\/in\/dagmara-solik"]}]}},"_links":{"self":[{"href":"https:\/\/skilldo.pl\/en\/wp-json\/wp\/v2\/pages\/3228","targetHints":{"allow":["GET"]}}],"collection":[{"href":"https:\/\/skilldo.pl\/en\/wp-json\/wp\/v2\/pages"}],"about":[{"href":"https:\/\/skilldo.pl\/en\/wp-json\/wp\/v2\/types\/page"}],"author":[{"embeddable":true,"href":"https:\/\/skilldo.pl\/en\/wp-json\/wp\/v2\/users\/1"}],"replies":[{"embeddable":true,"href":"https:\/\/skilldo.pl\/en\/wp-json\/wp\/v2\/comments?post=3228"}],"version-history":[{"count":17,"href":"https:\/\/skilldo.pl\/en\/wp-json\/wp\/v2\/pages\/3228\/revisions"}],"predecessor-version":[{"id":3989,"href":"https:\/\/skilldo.pl\/en\/wp-json\/wp\/v2\/pages\/3228\/revisions\/3989"}],"wp:attachment":[{"href":"https:\/\/skilldo.pl\/en\/wp-json\/wp\/v2\/media?parent=3228"}],"curies":[{"name":"wp","href":"https:\/\/api.w.org\/{rel}","templated":true}]}}