{"id":3151,"date":"2025-10-30T13:06:23","date_gmt":"2025-10-30T13:06:23","guid":{"rendered":"https:\/\/skilldo.wiechula.ovh\/?page_id=3151"},"modified":"2026-01-22T16:04:35","modified_gmt":"2026-01-22T16:04:35","slug":"warsztat-komunikacyjny-masterclass-coaching-konflikt-motywacja","status":"publish","type":"page","link":"https:\/\/skilldo.pl\/en\/warsztat-komunikacyjny-masterclass-coaching-konflikt-motywacja\/","title":{"rendered":"Communication Masterclass \u2013 Coaching, Conflict, Motivation"},"content":{"rendered":"<div data-elementor-type=\"wp-page\" data-elementor-id=\"3151\" class=\"elementor elementor-3151\">\n\t\t\t\t<div class=\"elementor-element elementor-element-9c9c0d6 e-flex e-con-boxed e-con e-parent\" data-id=\"9c9c0d6\" data-element_type=\"container\" data-settings=\"{&quot;background_background&quot;:&quot;classic&quot;}\">\n\t\t\t\t\t<div class=\"e-con-inner\">\n\t\t<div class=\"elementor-element elementor-element-2774994 e-con-full e-flex e-con e-child\" data-id=\"2774994\" data-element_type=\"container\">\n\t\t\t\t<div class=\"elementor-element elementor-element-add3558 elementor-widget elementor-widget-heading\" data-id=\"add3558\" data-element_type=\"widget\" data-widget_type=\"heading.default\">\n\t\t\t\t<div class=\"elementor-widget-container\">\n\t\t\t\t\t<h1 class=\"elementor-heading-title elementor-size-default\">Communication Masterclass \u2013 Coaching, Conflict, Motivation<\/h1>\t\t\t\t<\/div>\n\t\t\t\t<\/div>\n\t\t\t\t<\/div>\n\t\t\t\t\t<\/div>\n\t\t\t\t<\/div>\n\t\t<div class=\"elementor-element elementor-element-38476a0 e-flex e-con-boxed e-con e-parent\" data-id=\"38476a0\" data-element_type=\"container\" data-settings=\"{&quot;background_background&quot;:&quot;classic&quot;}\">\n\t\t\t\t\t<div class=\"e-con-inner\">\n\t\t<div class=\"elementor-element elementor-element-3b3710f e-con-full e-flex e-con e-child\" data-id=\"3b3710f\" data-element_type=\"container\">\n\t\t\t\t<div class=\"elementor-element elementor-element-eb62324 elementor-widget elementor-widget-heading\" data-id=\"eb62324\" data-element_type=\"widget\" data-widget_type=\"heading.default\">\n\t\t\t\t<div class=\"elementor-widget-container\">\n\t\t\t\t\t<h2 class=\"elementor-heading-title elementor-size-default\">Workshop description<\/h2>\t\t\t\t<\/div>\n\t\t\t\t<\/div>\n\t\t\t\t<div class=\"elementor-element elementor-element-2352195 elementor-widget elementor-widget-text-editor\" data-id=\"2352195\" data-element_type=\"widget\" data-widget_type=\"text-editor.default\">\n\t\t\t\t<div class=\"elementor-widget-container\">\n\t\t\t\t\t\t\t\t\t<p>Effective communication is the key to the success of every leader and team.<\/p><p>During this workshop, participants will learn proven tools and models that will help them build better relationships, resolve conflicts, and motivate employees to achieve ambitious goals.<\/p><p>The workshop program combines theoretical knowledge with practical exercises. It covers, among other things, situational management using the Blanchard model, effective coaching methods, providing constructive feedback using the AID model, and conflict analysis using the Thomas-Kilman matrix. Additionally, participants will learn Patrick Lencioni's 5 Dysfunctions of a Team model, which helps diagnose problems in teams, as well as Herzberg's motivation theory and its practical application.<\/p><p>The workshop is focused on practice, allowing participants to immediately implement the knowledge they have acquired in their daily work.<\/p>\t\t\t\t\t\t\t\t<\/div>\n\t\t\t\t<\/div>\n\t\t\t\t<\/div>\n\t\t<div class=\"elementor-element elementor-element-16e5dfe e-con-full e-flex e-con e-child\" data-id=\"16e5dfe\" data-element_type=\"container\">\n\t\t\t\t<div class=\"elementor-element elementor-element-3fd3d1c elementor-widget elementor-widget-image\" data-id=\"3fd3d1c\" data-element_type=\"widget\" data-widget_type=\"image.default\">\n\t\t\t\t<div class=\"elementor-widget-container\">\n\t\t\t\t\t\t\t\t\t\t\t\t\t\t\t<img fetchpriority=\"high\" decoding=\"async\" width=\"731\" height=\"1024\" src=\"https:\/\/skilldo.pl\/wp-content\/uploads\/2026\/01\/masterclass-731x1024.jpg\" class=\"attachment-large size-large wp-image-3924\" alt=\"\" srcset=\"https:\/\/skilldo.pl\/wp-content\/uploads\/2026\/01\/masterclass-731x1024.jpg 731w, https:\/\/skilldo.pl\/wp-content\/uploads\/2026\/01\/masterclass-214x300.jpg 214w, https:\/\/skilldo.pl\/wp-content\/uploads\/2026\/01\/masterclass-768x1076.jpg 768w, https:\/\/skilldo.pl\/wp-content\/uploads\/2026\/01\/masterclass.jpg 996w\" sizes=\"(max-width: 731px) 100vw, 731px\" \/>\t\t\t\t\t\t\t\t\t\t\t\t\t\t\t<\/div>\n\t\t\t\t<\/div>\n\t\t\t\t<\/div>\n\t\t\t\t\t<\/div>\n\t\t\t\t<\/div>\n\t\t<div class=\"elementor-element elementor-element-850c3c6 e-flex e-con-boxed e-con e-parent\" data-id=\"850c3c6\" data-element_type=\"container\" data-settings=\"{&quot;background_background&quot;:&quot;classic&quot;}\">\n\t\t\t\t\t<div class=\"e-con-inner\">\n\t\t<div class=\"elementor-element elementor-element-448314e e-con-full e-flex e-con e-child\" data-id=\"448314e\" data-element_type=\"container\">\n\t\t\t\t<div class=\"elementor-element elementor-element-63fc861 elementor-widget elementor-widget-heading\" data-id=\"63fc861\" data-element_type=\"widget\" data-widget_type=\"heading.default\">\n\t\t\t\t<div class=\"elementor-widget-container\">\n\t\t\t\t\t<h2 class=\"elementor-heading-title elementor-size-default\">Benefits of participation<\/h2>\t\t\t\t<\/div>\n\t\t\t\t<\/div>\n\t\t\t\t<\/div>\n\t\t<div class=\"elementor-element elementor-element-45bfc0a e-con-full e-flex e-con e-child\" data-id=\"45bfc0a\" data-element_type=\"container\">\n\t\t\t\t<div class=\"elementor-element elementor-element-5810ef5 elementor-widget elementor-widget-text-editor\" data-id=\"5810ef5\" data-element_type=\"widget\" data-widget_type=\"text-editor.default\">\n\t\t\t\t<div class=\"elementor-widget-container\">\n\t\t\t\t\t\t\t\t\t<ul>\n \t<li>The ability to adapt the management style to the situation and needs of the team<\/li>\n \t<li>Learning effective coaching tools for working with employees<\/li>\n \t<li>Mastering the techniques of providing constructive feedback in a way that supports development<\/li>\n \t<li>Learning to resolve conflicts and prevent the escalation of tensions in a team<\/li>\n \t<li>Understanding the sources of team dysfunctions and how to eliminate them<\/li>\n \t<li>Understanding the factors that motivate employees and methods for increasing engagement<\/li>\n<\/ul>\t\t\t\t\t\t\t\t<\/div>\n\t\t\t\t<\/div>\n\t\t\t\t<\/div>\n\t\t\t\t\t<\/div>\n\t\t\t\t<\/div>\n\t\t<div class=\"elementor-element elementor-element-74f1275 e-flex e-con-boxed e-con e-parent\" data-id=\"74f1275\" data-element_type=\"container\" data-settings=\"{&quot;background_background&quot;:&quot;classic&quot;}\">\n\t\t\t\t\t<div class=\"e-con-inner\">\n\t\t<div class=\"elementor-element elementor-element-cec1198 e-con-full e-flex e-con e-child\" data-id=\"cec1198\" data-element_type=\"container\">\n\t\t\t\t<div class=\"elementor-element elementor-element-52f6c3d elementor-widget elementor-widget-heading\" data-id=\"52f6c3d\" data-element_type=\"widget\" data-widget_type=\"heading.default\">\n\t\t\t\t<div class=\"elementor-widget-container\">\n\t\t\t\t\t<h2 class=\"elementor-heading-title elementor-size-default\">Who is the workshop for?<\/h2>\t\t\t\t<\/div>\n\t\t\t\t<\/div>\n\t\t\t\t<\/div>\n\t\t<div class=\"elementor-element elementor-element-076f093 e-con-full e-flex e-con e-child\" data-id=\"076f093\" data-element_type=\"container\">\n\t\t<div class=\"elementor-element elementor-element-ac950a4 e-con-full e-flex e-con e-child\" data-id=\"ac950a4\" data-element_type=\"container\">\n\t\t<div class=\"elementor-element elementor-element-b997a19 e-con-full e-flex e-con e-child\" data-id=\"b997a19\" data-element_type=\"container\">\n\t\t\t\t<div class=\"elementor-element elementor-element-676a1de elementor-widget elementor-widget-html\" data-id=\"676a1de\" data-element_type=\"widget\" data-widget_type=\"html.default\">\n\t\t\t\t<div class=\"elementor-widget-container\">\n\t\t\t\t\t<div class=\"e-step\">\n  <div class=\"e-number\">1<\/div>\n  <div class=\"e-step-text\"><p>Leaders and managers responsible for leading teams.<\/p><\/div>\n<\/div>\t\t\t\t<\/div>\n\t\t\t\t<\/div>\n\t\t\t\t<\/div>\n\t\t<div class=\"elementor-element elementor-element-64c7742 e-con-full e-flex e-con e-child\" data-id=\"64c7742\" data-element_type=\"container\">\n\t\t\t\t<div class=\"elementor-element elementor-element-57de7f1 elementor-widget elementor-widget-html\" data-id=\"57de7f1\" data-element_type=\"widget\" data-widget_type=\"html.default\">\n\t\t\t\t<div class=\"elementor-widget-container\">\n\t\t\t\t\t<div class=\"e-step\">\n  <div class=\"e-number\">2<\/div>\n  <div class=\"e-step-text\"><p>HR specialists and internal trainers supporting employee development.<\/p><\/div>\n<\/div>\t\t\t\t<\/div>\n\t\t\t\t<\/div>\n\t\t\t\t<\/div>\n\t\t<div class=\"elementor-element elementor-element-dae9b8a e-con-full e-flex e-con e-child\" data-id=\"dae9b8a\" data-element_type=\"container\">\n\t\t\t\t<div class=\"elementor-element elementor-element-b5c1dde elementor-widget elementor-widget-html\" data-id=\"b5c1dde\" data-element_type=\"widget\" data-widget_type=\"html.default\">\n\t\t\t\t<div class=\"elementor-widget-container\">\n\t\t\t\t\t<div class=\"e-step\">\n  <div class=\"e-number\">3<\/div>\n  <div class=\"e-step-text\"><p>People preparing to take on a leadership role.<\/p><\/div>\n<\/div>\t\t\t\t<\/div>\n\t\t\t\t<\/div>\n\t\t\t\t<\/div>\n\t\t<div class=\"elementor-element elementor-element-68d3b3e e-con-full e-flex e-con e-child\" data-id=\"68d3b3e\" data-element_type=\"container\">\n\t\t\t\t<div class=\"elementor-element elementor-element-122745c elementor-widget elementor-widget-html\" data-id=\"122745c\" data-element_type=\"widget\" data-widget_type=\"html.default\">\n\t\t\t\t<div class=\"elementor-widget-container\">\n\t\t\t\t\t<div class=\"e-step\">\n  <div class=\"e-number\">4<\/div>\n  <div class=\"e-step-text\"><p>Anyone who wants to improve their communication and leadership skills.\t\t\t\t<\/div>\n\t\t\t\t<\/div>\n\t\t\t\t<\/div>\n\t\t\t\t<\/div>\n\t\t\t\t<\/div>\n\t\t\t\t\t<\/div>\n\t\t\t\t<\/div>\n\t\t<div class=\"elementor-element elementor-element-8a1d875 e-flex e-con-boxed e-con e-parent\" data-id=\"8a1d875\" data-element_type=\"container\" data-settings=\"{&quot;background_background&quot;:&quot;classic&quot;}\">\n\t\t\t\t\t<div class=\"e-con-inner\">\n\t\t<div class=\"elementor-element elementor-element-fed9366 e-con-full e-flex e-con e-child\" data-id=\"fed9366\" data-element_type=\"container\">\n\t\t\t\t<div class=\"elementor-element elementor-element-da8b495 elementor-widget elementor-widget-heading\" data-id=\"da8b495\" data-element_type=\"widget\" data-widget_type=\"heading.default\">\n\t\t\t\t<div class=\"elementor-widget-container\">\n\t\t\t\t\t<h2 class=\"elementor-heading-title elementor-size-default\">Workshop effects<\/h2>\t\t\t\t<\/div>\n\t\t\t\t<\/div>\n\t\t\t\t<\/div>\n\t\t<div class=\"elementor-element elementor-element-9f22f97 e-con-full e-flex e-con e-child\" data-id=\"9f22f97\" data-element_type=\"container\">\n\t\t\t\t<div class=\"elementor-element elementor-element-a23f2dc elementor-widget elementor-widget-text-editor\" data-id=\"a23f2dc\" data-element_type=\"widget\" data-widget_type=\"text-editor.default\">\n\t\t\t\t<div class=\"elementor-widget-container\">\n\t\t\t\t\t\t\t\t\t<ul>\n \t<li>Flexible adjustment of management style to the maturity of the team<\/li>\n \t<li>Ready-made tools for conducting development coaching conversations<\/li>\n \t<li>Providing more effective feedback that strengthens engagement<\/li>\n \t<li>Consciously responding to conflict and preventing the escalation of tensions<\/li>\n \t<li>Ability to build lasting motivation and responsibility in a team<\/li>\n<\/ul>\t\t\t\t\t\t\t\t<\/div>\n\t\t\t\t<\/div>\n\t\t\t\t<\/div>\n\t\t\t\t\t<\/div>\n\t\t\t\t<\/div>\n\t\t<div class=\"elementor-element elementor-element-109a128 e-flex e-con-boxed e-con e-parent\" data-id=\"109a128\" data-element_type=\"container\">\n\t\t\t\t\t<div class=\"e-con-inner\">\n\t\t\t\t<div class=\"elementor-element elementor-element-882573a big-btn elementor-widget elementor-widget-button\" data-id=\"882573a\" data-element_type=\"widget\" data-widget_type=\"button.default\">\n\t\t\t\t<div class=\"elementor-widget-container\">\n\t\t\t\t\t\t\t\t\t<div class=\"elementor-button-wrapper\">\n\t\t\t\t\t<a class=\"elementor-button elementor-button-link elementor-size-sm\" href=\"\/en\/kontakt\/\">\n\t\t\t\t\t\t<span class=\"elementor-button-content-wrapper\">\n\t\t\t\t\t\t<span class=\"elementor-button-icon\">\n\t\t\t\t<i aria-hidden=\"true\" class=\"fas fa-mail-bulk\"><\/i>\t\t\t<\/span>\n\t\t\t\t\t\t\t\t\t<span class=\"elementor-button-text\">Contact us<\/span>\n\t\t\t\t\t<\/span>\n\t\t\t\t\t<\/a>\n\t\t\t\t<\/div>\n\t\t\t\t\t\t\t\t<\/div>\n\t\t\t\t<\/div>\n\t\t\t\t\t<\/div>\n\t\t\t\t<\/div>\n\t\t\t\t<\/div>","protected":false},"excerpt":{"rendered":"<p>Komunikacyjny Masterclass \u2013 Coaching, Konflikt, Motywacja Opis warsztatu Efektywna komunikacja to klucz do sukcesu ka\u017cdego lidera i zespo\u0142u. Podczas warsztatu uczestnicy poznaj\u0105 sprawdzone narz\u0119dzia i modele, kt\u00f3re pomog\u0105 im budowa\u0107 lepsze relacje, rozwi\u0105zywa\u0107 konflikty i motywowa\u0107 pracownik\u00f3w do osi\u0105gania ambitnych cel\u00f3w. Program warsztatu \u0142\u0105czy wiedz\u0119 teoretyczn\u0105 z praktycznymi \u0107wiczeniami. Obejmuje m.in. zarz\u0105dzanie sytuacyjne wed\u0142ug modelu <a class=\"read-more\" href=\"https:\/\/skilldo.pl\/en\/warsztat-komunikacyjny-masterclass-coaching-konflikt-motywacja\/\">[&#8230;] <\/a><\/p>\n","protected":false},"author":1,"featured_media":0,"parent":0,"menu_order":100,"comment_status":"closed","ping_status":"closed","template":"","meta":{"site-sidebar-layout":"no-sidebar","site-content-layout":"page-builder","ast-site-content-layout":"full-width-container","site-content-style":"default","site-sidebar-style":"default","ast-global-header-display":"","ast-banner-title-visibility":"","ast-main-header-display":"","ast-hfb-above-header-display":"","ast-hfb-below-header-display":"","ast-hfb-mobile-header-display":"","site-post-title":"disabled","ast-breadcrumbs-content":"","ast-featured-img":"disabled","footer-sml-layout":"","theme-transparent-header-meta":"enabled","adv-header-id-meta":"","stick-header-meta":"","header-above-stick-meta":"","header-main-stick-meta":"","header-below-stick-meta":"","astra-migrate-meta-layouts":"set","ast-page-background-enabled":"default","ast-page-background-meta":{"desktop":{"background-color":"var(--ast-global-color-4)","background-image":"","background-repeat":"repeat","background-position":"center center","background-size":"auto","background-attachment":"scroll","background-type":"","background-media":"","overlay-type":"","overlay-color":"","overlay-opacity":"","overlay-gradient":""},"tablet":{"background-color":"","background-image":"","background-repeat":"repeat","background-position":"center center","background-size":"auto","background-attachment":"scroll","background-type":"","background-media":"","overlay-type":"","overlay-color":"","overlay-opacity":"","overlay-gradient":""},"mobile":{"background-color":"","background-image":"","background-repeat":"repeat","background-position":"center center","background-size":"auto","background-attachment":"scroll","background-type":"","background-media":"","overlay-type":"","overlay-color":"","overlay-opacity":"","overlay-gradient":""}},"ast-content-background-meta":{"desktop":{"background-color":"var(--ast-global-color-5)","background-image":"","background-repeat":"repeat","background-position":"center center","background-size":"auto","background-attachment":"scroll","background-type":"","background-media":"","overlay-type":"","overlay-color":"","overlay-opacity":"","overlay-gradient":""},"tablet":{"background-color":"var(--ast-global-color-5)","background-image":"","background-repeat":"repeat","background-position":"center center","background-size":"auto","background-attachment":"scroll","background-type":"","background-media":"","overlay-type":"","overlay-color":"","overlay-opacity":"","overlay-gradient":""},"mobile":{"background-color":"var(--ast-global-color-5)","background-image":"","background-repeat":"repeat","background-position":"center center","background-size":"auto","background-attachment":"scroll","background-type":"","background-media":"","overlay-type":"","overlay-color":"","overlay-opacity":"","overlay-gradient":""}},"footnotes":""},"class_list":["post-3151","page","type-page","status-publish","hentry"],"yoast_head":"<!-- This site is optimized with the Yoast SEO plugin v26.7 - https:\/\/yoast.com\/wordpress\/plugins\/seo\/ -->\n<title>Warsztat: Komunikacyjny Masterclass \u2013 Coaching, Konflikt, Motywacja | Skilldo<\/title>\n<meta name=\"description\" content=\"Masterclass komunikacyjny dla lider\u00f3w i zespo\u0142\u00f3w. Rozwijaj umiej\u0119tno\u015bci coachingu, radzenia sobie z konfliktem i skutecznego motywowania.\" \/>\n<meta name=\"robots\" content=\"index, follow, max-snippet:-1, max-image-preview:large, max-video-preview:-1\" \/>\n<link rel=\"canonical\" href=\"https:\/\/skilldo.pl\/en\/warsztat-komunikacyjny-masterclass-coaching-konflikt-motywacja\/\" \/>\n<meta property=\"og:locale\" content=\"en_GB\" \/>\n<meta property=\"og:type\" content=\"article\" \/>\n<meta property=\"og:title\" content=\"Warsztat: Komunikacyjny Masterclass \u2013 Coaching, Konflikt, Motywacja | Skilldo\" \/>\n<meta property=\"og:description\" content=\"Masterclass komunikacyjny dla lider\u00f3w i zespo\u0142\u00f3w. Rozwijaj umiej\u0119tno\u015bci coachingu, radzenia sobie z konfliktem i skutecznego motywowania.\" \/>\n<meta property=\"og:url\" content=\"https:\/\/skilldo.pl\/en\/warsztat-komunikacyjny-masterclass-coaching-konflikt-motywacja\/\" \/>\n<meta property=\"og:site_name\" content=\"Skilldo\" \/>\n<meta property=\"article:modified_time\" content=\"2026-01-22T16:04:35+00:00\" \/>\n<meta property=\"og:image\" content=\"https:\/\/skilldo.pl\/wp-content\/uploads\/2026\/01\/masterclass.jpg\" \/>\n\t<meta property=\"og:image:width\" content=\"996\" \/>\n\t<meta property=\"og:image:height\" content=\"1395\" \/>\n\t<meta property=\"og:image:type\" content=\"image\/jpeg\" \/>\n<meta name=\"twitter:card\" content=\"summary_large_image\" \/>\n<meta name=\"twitter:label1\" content=\"Estimated reading time\" \/>\n\t<meta name=\"twitter:data1\" content=\"2 minutes\" \/>\n<script type=\"application\/ld+json\" class=\"yoast-schema-graph\">{\"@context\":\"https:\/\/schema.org\",\"@graph\":[{\"@type\":\"WebPage\",\"@id\":\"https:\/\/skilldo.pl\/warsztat-komunikacyjny-masterclass-coaching-konflikt-motywacja\/\",\"url\":\"https:\/\/skilldo.pl\/warsztat-komunikacyjny-masterclass-coaching-konflikt-motywacja\/\",\"name\":\"Warsztat: Komunikacyjny Masterclass \u2013 Coaching, Konflikt, Motywacja | Skilldo\",\"isPartOf\":{\"@id\":\"https:\/\/skilldo.pl\/#website\"},\"primaryImageOfPage\":{\"@id\":\"https:\/\/skilldo.pl\/warsztat-komunikacyjny-masterclass-coaching-konflikt-motywacja\/#primaryimage\"},\"image\":{\"@id\":\"https:\/\/skilldo.pl\/warsztat-komunikacyjny-masterclass-coaching-konflikt-motywacja\/#primaryimage\"},\"thumbnailUrl\":\"https:\/\/skilldo.pl\/wp-content\/uploads\/2026\/01\/masterclass-731x1024.jpg\",\"datePublished\":\"2025-10-30T13:06:23+00:00\",\"dateModified\":\"2026-01-22T16:04:35+00:00\",\"description\":\"Masterclass komunikacyjny dla lider\u00f3w i zespo\u0142\u00f3w. Rozwijaj umiej\u0119tno\u015bci coachingu, radzenia sobie z konfliktem i skutecznego motywowania.\",\"breadcrumb\":{\"@id\":\"https:\/\/skilldo.pl\/warsztat-komunikacyjny-masterclass-coaching-konflikt-motywacja\/#breadcrumb\"},\"inLanguage\":\"en-GB\",\"potentialAction\":[{\"@type\":\"ReadAction\",\"target\":[\"https:\/\/skilldo.pl\/warsztat-komunikacyjny-masterclass-coaching-konflikt-motywacja\/\"]}]},{\"@type\":\"ImageObject\",\"inLanguage\":\"en-GB\",\"@id\":\"https:\/\/skilldo.pl\/warsztat-komunikacyjny-masterclass-coaching-konflikt-motywacja\/#primaryimage\",\"url\":\"https:\/\/skilldo.pl\/wp-content\/uploads\/2026\/01\/masterclass-731x1024.jpg\",\"contentUrl\":\"https:\/\/skilldo.pl\/wp-content\/uploads\/2026\/01\/masterclass-731x1024.jpg\"},{\"@type\":\"BreadcrumbList\",\"@id\":\"https:\/\/skilldo.pl\/warsztat-komunikacyjny-masterclass-coaching-konflikt-motywacja\/#breadcrumb\",\"itemListElement\":[{\"@type\":\"ListItem\",\"position\":1,\"name\":\"Strona g\u0142\u00f3wna\",\"item\":\"https:\/\/skilldo.pl\/\"},{\"@type\":\"ListItem\",\"position\":2,\"name\":\"Komunikacyjny Masterclass \u2013 Coaching, Konflikt, Motywacja\"}]},{\"@type\":\"WebSite\",\"@id\":\"https:\/\/skilldo.pl\/#website\",\"url\":\"https:\/\/skilldo.pl\/\",\"name\":\"Skilldo\",\"description\":\"Skilldo - szkolenia dla lider\u00f3w i zespo\u0142\u00f3w\",\"publisher\":{\"@id\":\"https:\/\/skilldo.pl\/#organization\"},\"alternateName\":\"Skilldo\",\"potentialAction\":[{\"@type\":\"SearchAction\",\"target\":{\"@type\":\"EntryPoint\",\"urlTemplate\":\"https:\/\/skilldo.pl\/?s={search_term_string}\"},\"query-input\":{\"@type\":\"PropertyValueSpecification\",\"valueRequired\":true,\"valueName\":\"search_term_string\"}}],\"inLanguage\":\"en-GB\"},{\"@type\":\"Organization\",\"@id\":\"https:\/\/skilldo.pl\/#organization\",\"name\":\"Skilldo\",\"alternateName\":\"Skilldo\",\"url\":\"https:\/\/skilldo.pl\/\",\"logo\":{\"@type\":\"ImageObject\",\"inLanguage\":\"en-GB\",\"@id\":\"https:\/\/skilldo.pl\/#\/schema\/logo\/image\/\",\"url\":\"https:\/\/skilldo.pl\/wp-content\/uploads\/2025\/10\/skilldo-page.png\",\"contentUrl\":\"https:\/\/skilldo.pl\/wp-content\/uploads\/2025\/10\/skilldo-page.png\",\"width\":397,\"height\":164,\"caption\":\"Skilldo\"},\"image\":{\"@id\":\"https:\/\/skilldo.pl\/#\/schema\/logo\/image\/\"},\"sameAs\":[\"https:\/\/pl.linkedin.com\/in\/dagmara-solik\"]}]}<\/script>\n<!-- \/ Yoast SEO plugin. -->","yoast_head_json":{"title":"Warsztat: Komunikacyjny Masterclass \u2013 Coaching, Konflikt, Motywacja | Skilldo","description":"Masterclass komunikacyjny dla lider\u00f3w i zespo\u0142\u00f3w. Rozwijaj umiej\u0119tno\u015bci coachingu, radzenia sobie z konfliktem i skutecznego motywowania.","robots":{"index":"index","follow":"follow","max-snippet":"max-snippet:-1","max-image-preview":"max-image-preview:large","max-video-preview":"max-video-preview:-1"},"canonical":"https:\/\/skilldo.pl\/en\/warsztat-komunikacyjny-masterclass-coaching-konflikt-motywacja\/","og_locale":"en_GB","og_type":"article","og_title":"Warsztat: Komunikacyjny Masterclass \u2013 Coaching, Konflikt, Motywacja | Skilldo","og_description":"Masterclass komunikacyjny dla lider\u00f3w i zespo\u0142\u00f3w. Rozwijaj umiej\u0119tno\u015bci coachingu, radzenia sobie z konfliktem i skutecznego motywowania.","og_url":"https:\/\/skilldo.pl\/en\/warsztat-komunikacyjny-masterclass-coaching-konflikt-motywacja\/","og_site_name":"Skilldo","article_modified_time":"2026-01-22T16:04:35+00:00","og_image":[{"width":996,"height":1395,"url":"https:\/\/skilldo.pl\/wp-content\/uploads\/2026\/01\/masterclass.jpg","type":"image\/jpeg"}],"twitter_card":"summary_large_image","twitter_misc":{"Estimated reading time":"2 minutes"},"schema":{"@context":"https:\/\/schema.org","@graph":[{"@type":"WebPage","@id":"https:\/\/skilldo.pl\/warsztat-komunikacyjny-masterclass-coaching-konflikt-motywacja\/","url":"https:\/\/skilldo.pl\/warsztat-komunikacyjny-masterclass-coaching-konflikt-motywacja\/","name":"Warsztat: Komunikacyjny Masterclass \u2013 Coaching, Konflikt, Motywacja | Skilldo","isPartOf":{"@id":"https:\/\/skilldo.pl\/#website"},"primaryImageOfPage":{"@id":"https:\/\/skilldo.pl\/warsztat-komunikacyjny-masterclass-coaching-konflikt-motywacja\/#primaryimage"},"image":{"@id":"https:\/\/skilldo.pl\/warsztat-komunikacyjny-masterclass-coaching-konflikt-motywacja\/#primaryimage"},"thumbnailUrl":"https:\/\/skilldo.pl\/wp-content\/uploads\/2026\/01\/masterclass-731x1024.jpg","datePublished":"2025-10-30T13:06:23+00:00","dateModified":"2026-01-22T16:04:35+00:00","description":"Masterclass komunikacyjny dla lider\u00f3w i zespo\u0142\u00f3w. Rozwijaj umiej\u0119tno\u015bci coachingu, radzenia sobie z konfliktem i skutecznego motywowania.","breadcrumb":{"@id":"https:\/\/skilldo.pl\/warsztat-komunikacyjny-masterclass-coaching-konflikt-motywacja\/#breadcrumb"},"inLanguage":"en-GB","potentialAction":[{"@type":"ReadAction","target":["https:\/\/skilldo.pl\/warsztat-komunikacyjny-masterclass-coaching-konflikt-motywacja\/"]}]},{"@type":"ImageObject","inLanguage":"en-GB","@id":"https:\/\/skilldo.pl\/warsztat-komunikacyjny-masterclass-coaching-konflikt-motywacja\/#primaryimage","url":"https:\/\/skilldo.pl\/wp-content\/uploads\/2026\/01\/masterclass-731x1024.jpg","contentUrl":"https:\/\/skilldo.pl\/wp-content\/uploads\/2026\/01\/masterclass-731x1024.jpg"},{"@type":"BreadcrumbList","@id":"https:\/\/skilldo.pl\/warsztat-komunikacyjny-masterclass-coaching-konflikt-motywacja\/#breadcrumb","itemListElement":[{"@type":"ListItem","position":1,"name":"Strona g\u0142\u00f3wna","item":"https:\/\/skilldo.pl\/"},{"@type":"ListItem","position":2,"name":"Komunikacyjny Masterclass \u2013 Coaching, Konflikt, Motywacja"}]},{"@type":"WebSite","@id":"https:\/\/skilldo.pl\/#website","url":"https:\/\/skilldo.pl\/","name":"Skilldo","description":"Skilldo - szkolenia dla lider\u00f3w i zespo\u0142\u00f3w","publisher":{"@id":"https:\/\/skilldo.pl\/#organization"},"alternateName":"Skilldo","potentialAction":[{"@type":"SearchAction","target":{"@type":"EntryPoint","urlTemplate":"https:\/\/skilldo.pl\/?s={search_term_string}"},"query-input":{"@type":"PropertyValueSpecification","valueRequired":true,"valueName":"search_term_string"}}],"inLanguage":"en-GB"},{"@type":"Organization","@id":"https:\/\/skilldo.pl\/#organization","name":"Skilldo","alternateName":"Skilldo","url":"https:\/\/skilldo.pl\/","logo":{"@type":"ImageObject","inLanguage":"en-GB","@id":"https:\/\/skilldo.pl\/#\/schema\/logo\/image\/","url":"https:\/\/skilldo.pl\/wp-content\/uploads\/2025\/10\/skilldo-page.png","contentUrl":"https:\/\/skilldo.pl\/wp-content\/uploads\/2025\/10\/skilldo-page.png","width":397,"height":164,"caption":"Skilldo"},"image":{"@id":"https:\/\/skilldo.pl\/#\/schema\/logo\/image\/"},"sameAs":["https:\/\/pl.linkedin.com\/in\/dagmara-solik"]}]}},"_links":{"self":[{"href":"https:\/\/skilldo.pl\/en\/wp-json\/wp\/v2\/pages\/3151","targetHints":{"allow":["GET"]}}],"collection":[{"href":"https:\/\/skilldo.pl\/en\/wp-json\/wp\/v2\/pages"}],"about":[{"href":"https:\/\/skilldo.pl\/en\/wp-json\/wp\/v2\/types\/page"}],"author":[{"embeddable":true,"href":"https:\/\/skilldo.pl\/en\/wp-json\/wp\/v2\/users\/1"}],"replies":[{"embeddable":true,"href":"https:\/\/skilldo.pl\/en\/wp-json\/wp\/v2\/comments?post=3151"}],"version-history":[{"count":23,"href":"https:\/\/skilldo.pl\/en\/wp-json\/wp\/v2\/pages\/3151\/revisions"}],"predecessor-version":[{"id":3930,"href":"https:\/\/skilldo.pl\/en\/wp-json\/wp\/v2\/pages\/3151\/revisions\/3930"}],"wp:attachment":[{"href":"https:\/\/skilldo.pl\/en\/wp-json\/wp\/v2\/media?parent=3151"}],"curies":[{"name":"wp","href":"https:\/\/api.w.org\/{rel}","templated":true}]}}