{"id":3138,"date":"2025-10-30T12:59:41","date_gmt":"2025-10-30T12:59:41","guid":{"rendered":"https:\/\/skilldo.wiechula.ovh\/?page_id=3138"},"modified":"2026-01-22T16:18:34","modified_gmt":"2026-01-22T16:18:34","slug":"warsztat-skuteczna-komunikacja-miedzy-pracownikiem-a-liderem","status":"publish","type":"page","link":"https:\/\/skilldo.pl\/en\/warsztat-skuteczna-komunikacja-miedzy-pracownikiem-a-liderem\/","title":{"rendered":"Effective communication between employee and leader"},"content":{"rendered":"<div data-elementor-type=\"wp-page\" data-elementor-id=\"3138\" class=\"elementor elementor-3138\">\n\t\t\t\t<div class=\"elementor-element elementor-element-9c9c0d6 e-flex e-con-boxed e-con e-parent\" data-id=\"9c9c0d6\" data-element_type=\"container\" data-settings=\"{&quot;background_background&quot;:&quot;classic&quot;}\">\n\t\t\t\t\t<div class=\"e-con-inner\">\n\t\t<div class=\"elementor-element elementor-element-2774994 e-con-full e-flex e-con e-child\" data-id=\"2774994\" data-element_type=\"container\">\n\t\t\t\t<div class=\"elementor-element elementor-element-add3558 elementor-widget elementor-widget-heading\" data-id=\"add3558\" data-element_type=\"widget\" data-widget_type=\"heading.default\">\n\t\t\t\t<div class=\"elementor-widget-container\">\n\t\t\t\t\t<h1 class=\"elementor-heading-title elementor-size-default\">Effective communication between employee and leader<\/h1>\t\t\t\t<\/div>\n\t\t\t\t<\/div>\n\t\t\t\t<\/div>\n\t\t\t\t\t<\/div>\n\t\t\t\t<\/div>\n\t\t<div class=\"elementor-element elementor-element-38476a0 e-flex e-con-boxed e-con e-parent\" data-id=\"38476a0\" data-element_type=\"container\" data-settings=\"{&quot;background_background&quot;:&quot;classic&quot;}\">\n\t\t\t\t\t<div class=\"e-con-inner\">\n\t\t<div class=\"elementor-element elementor-element-3b3710f e-con-full e-flex e-con e-child\" data-id=\"3b3710f\" data-element_type=\"container\">\n\t\t\t\t<div class=\"elementor-element elementor-element-eb62324 elementor-widget elementor-widget-heading\" data-id=\"eb62324\" data-element_type=\"widget\" data-widget_type=\"heading.default\">\n\t\t\t\t<div class=\"elementor-widget-container\">\n\t\t\t\t\t<h2 class=\"elementor-heading-title elementor-size-default\">Workshop description<\/h2>\t\t\t\t<\/div>\n\t\t\t\t<\/div>\n\t\t\t\t<div class=\"elementor-element elementor-element-2352195 elementor-widget elementor-widget-text-editor\" data-id=\"2352195\" data-element_type=\"widget\" data-widget_type=\"text-editor.default\">\n\t\t\t\t<div class=\"elementor-widget-container\">\n\t\t\t\t\t\t\t\t\t<p>Effective communication is the foundation of healthy and productive collaboration within an organization.<\/p><p>During this workshop, participants will learn key principles of building relationships between employees and leaders, which help avoid misunderstandings, increase engagement, and improve team spirit.<\/p><p>The program covers key areas of communication: identifying barriers and obstacles, consciously setting and communicating goals, active listening, providing constructive feedback, and building mutual trust. Participants will also learn how to effectively convey information, conduct motivational interviews, and respond to difficult emotions at work.<\/p><p>The workshop is intensive and based on practice \u2013 exercises, games, and simulations allow for immediate implementation of new skills in everyday work.<\/p>\t\t\t\t\t\t\t\t<\/div>\n\t\t\t\t<\/div>\n\t\t\t\t<\/div>\n\t\t<div class=\"elementor-element elementor-element-16e5dfe e-con-full e-flex e-con e-child\" data-id=\"16e5dfe\" data-element_type=\"container\">\n\t\t\t\t<div class=\"elementor-element elementor-element-3fd3d1c elementor-widget elementor-widget-image\" data-id=\"3fd3d1c\" data-element_type=\"widget\" data-widget_type=\"image.default\">\n\t\t\t\t<div class=\"elementor-widget-container\">\n\t\t\t\t\t\t\t\t\t\t\t\t\t\t\t<img fetchpriority=\"high\" decoding=\"async\" width=\"731\" height=\"1024\" src=\"https:\/\/skilldo.pl\/wp-content\/uploads\/2026\/01\/komunikacja-pracownik-lider-731x1024.jpg\" class=\"attachment-large size-large wp-image-3938\" alt=\"\" srcset=\"https:\/\/skilldo.pl\/wp-content\/uploads\/2026\/01\/komunikacja-pracownik-lider-731x1024.jpg 731w, https:\/\/skilldo.pl\/wp-content\/uploads\/2026\/01\/komunikacja-pracownik-lider-214x300.jpg 214w, https:\/\/skilldo.pl\/wp-content\/uploads\/2026\/01\/komunikacja-pracownik-lider-768x1076.jpg 768w, https:\/\/skilldo.pl\/wp-content\/uploads\/2026\/01\/komunikacja-pracownik-lider.jpg 996w\" sizes=\"(max-width: 731px) 100vw, 731px\" \/>\t\t\t\t\t\t\t\t\t\t\t\t\t\t\t<\/div>\n\t\t\t\t<\/div>\n\t\t\t\t<\/div>\n\t\t\t\t\t<\/div>\n\t\t\t\t<\/div>\n\t\t<div class=\"elementor-element elementor-element-850c3c6 e-flex e-con-boxed e-con e-parent\" data-id=\"850c3c6\" data-element_type=\"container\" data-settings=\"{&quot;background_background&quot;:&quot;classic&quot;}\">\n\t\t\t\t\t<div class=\"e-con-inner\">\n\t\t<div class=\"elementor-element elementor-element-448314e e-con-full e-flex e-con e-child\" data-id=\"448314e\" data-element_type=\"container\">\n\t\t\t\t<div class=\"elementor-element elementor-element-63fc861 elementor-widget elementor-widget-heading\" data-id=\"63fc861\" data-element_type=\"widget\" data-widget_type=\"heading.default\">\n\t\t\t\t<div class=\"elementor-widget-container\">\n\t\t\t\t\t<h2 class=\"elementor-heading-title elementor-size-default\">Benefits of participation<\/h2>\t\t\t\t<\/div>\n\t\t\t\t<\/div>\n\t\t\t\t<\/div>\n\t\t<div class=\"elementor-element elementor-element-45bfc0a e-con-full e-flex e-con e-child\" data-id=\"45bfc0a\" data-element_type=\"container\">\n\t\t\t\t<div class=\"elementor-element elementor-element-5810ef5 elementor-widget elementor-widget-text-editor\" data-id=\"5810ef5\" data-element_type=\"widget\" data-widget_type=\"text-editor.default\">\n\t\t\t\t<div class=\"elementor-widget-container\">\n\t\t\t\t\t\t\t\t\t<ul><li><p>The ability to communicate effectively in the employee-leader relationship (bottom-top)<\/p><\/li><li><p>Identifying communication barriers and ways to overcome them<\/p><\/li><li><p>Learning the principles of active listening and asking questions<\/p><\/li><li><p>Developing the ability to provide constructive feedback (AID model)<\/p><\/li><li><p>More effective goal setting and expectation alignment<\/p><\/li><li><p>Understanding the impact of culture and individual differences on team communication<\/p><\/li><li><p>Improving the working atmosphere and reducing conflicts resulting from misunderstandings<\/p><\/li><\/ul>\t\t\t\t\t\t\t\t<\/div>\n\t\t\t\t<\/div>\n\t\t\t\t<\/div>\n\t\t\t\t\t<\/div>\n\t\t\t\t<\/div>\n\t\t<div class=\"elementor-element elementor-element-74f1275 e-flex e-con-boxed e-con e-parent\" data-id=\"74f1275\" data-element_type=\"container\" data-settings=\"{&quot;background_background&quot;:&quot;classic&quot;}\">\n\t\t\t\t\t<div class=\"e-con-inner\">\n\t\t<div class=\"elementor-element elementor-element-cec1198 e-con-full e-flex e-con e-child\" data-id=\"cec1198\" data-element_type=\"container\">\n\t\t\t\t<div class=\"elementor-element elementor-element-52f6c3d elementor-widget elementor-widget-heading\" data-id=\"52f6c3d\" data-element_type=\"widget\" data-widget_type=\"heading.default\">\n\t\t\t\t<div class=\"elementor-widget-container\">\n\t\t\t\t\t<h2 class=\"elementor-heading-title elementor-size-default\">Who is the workshop for?<\/h2>\t\t\t\t<\/div>\n\t\t\t\t<\/div>\n\t\t\t\t<\/div>\n\t\t<div class=\"elementor-element elementor-element-076f093 e-con-full e-flex e-con e-child\" data-id=\"076f093\" data-element_type=\"container\">\n\t\t<div class=\"elementor-element elementor-element-ac950a4 e-con-full e-flex e-con e-child\" data-id=\"ac950a4\" data-element_type=\"container\">\n\t\t<div class=\"elementor-element elementor-element-b997a19 e-con-full e-flex e-con e-child\" data-id=\"b997a19\" data-element_type=\"container\">\n\t\t\t\t<div class=\"elementor-element elementor-element-676a1de elementor-widget elementor-widget-html\" data-id=\"676a1de\" data-element_type=\"widget\" data-widget_type=\"html.default\">\n\t\t\t\t<div class=\"elementor-widget-container\">\n\t\t\t\t\t<div class=\"e-step\">\n  <div class=\"e-number\">1<\/div>\n  <div class=\"e-step-text\"><p>Leaders and managers responsible for leading teams.<\/p><\/div>\n<\/div>\t\t\t\t<\/div>\n\t\t\t\t<\/div>\n\t\t\t\t<\/div>\n\t\t<div class=\"elementor-element elementor-element-789c6e4 e-con-full e-flex e-con e-child\" data-id=\"789c6e4\" data-element_type=\"container\">\n\t\t\t\t<div class=\"elementor-element elementor-element-b820b49 elementor-widget elementor-widget-html\" data-id=\"b820b49\" data-element_type=\"widget\" data-widget_type=\"html.default\">\n\t\t\t\t<div class=\"elementor-widget-container\">\n\t\t\t\t\t<div class=\"e-step\">\n  <div class=\"e-number\">2<\/div>\n  <div class=\"e-step-text\"><p>Employees who want to improve the quality of cooperation with their superiors.<\/p><\/div>\n<\/div>\t\t\t\t<\/div>\n\t\t\t\t<\/div>\n\t\t\t\t<\/div>\n\t\t<div class=\"elementor-element elementor-element-db95fb8 e-con-full e-flex e-con e-child\" data-id=\"db95fb8\" data-element_type=\"container\">\n\t\t\t\t<div class=\"elementor-element elementor-element-3fb3ba2 elementor-widget elementor-widget-html\" data-id=\"3fb3ba2\" data-element_type=\"widget\" data-widget_type=\"html.default\">\n\t\t\t\t<div class=\"elementor-widget-container\">\n\t\t\t\t\t<div class=\"e-step\">\n  <div class=\"e-number\">3<\/div>\n  <div class=\"e-step-text\"><p>HR specialists supporting development and communication processes within the organization.<\/p><\/div>\n<\/div>\t\t\t\t<\/div>\n\t\t\t\t<\/div>\n\t\t\t\t<\/div>\n\t\t<div class=\"elementor-element elementor-element-d0e955c e-con-full e-flex e-con e-child\" data-id=\"d0e955c\" data-element_type=\"container\">\n\t\t\t\t<div class=\"elementor-element elementor-element-886260d elementor-widget elementor-widget-html\" data-id=\"886260d\" data-element_type=\"widget\" data-widget_type=\"html.default\">\n\t\t\t\t<div class=\"elementor-widget-container\">\n\t\t\t\t\t<div class=\"e-step\">\n  <div class=\"e-number\">4<\/div>\n  <div class=\"e-step-text\"><p>Anyone who wants to develop their competences in the area of \u200b\u200beffective communication.<\/p><\/div>\n<\/div>\t\t\t\t<\/div>\n\t\t\t\t<\/div>\n\t\t\t\t<\/div>\n\t\t\t\t<\/div>\n\t\t\t\t<\/div>\n\t\t\t\t\t<\/div>\n\t\t\t\t<\/div>\n\t\t<div class=\"elementor-element elementor-element-8a1d875 e-flex e-con-boxed e-con e-parent\" data-id=\"8a1d875\" data-element_type=\"container\" data-settings=\"{&quot;background_background&quot;:&quot;classic&quot;}\">\n\t\t\t\t\t<div class=\"e-con-inner\">\n\t\t<div class=\"elementor-element elementor-element-fed9366 e-con-full e-flex e-con e-child\" data-id=\"fed9366\" data-element_type=\"container\">\n\t\t\t\t<div class=\"elementor-element elementor-element-da8b495 elementor-widget elementor-widget-heading\" data-id=\"da8b495\" data-element_type=\"widget\" data-widget_type=\"heading.default\">\n\t\t\t\t<div class=\"elementor-widget-container\">\n\t\t\t\t\t<h2 class=\"elementor-heading-title elementor-size-default\">Workshop effects<\/h2>\t\t\t\t<\/div>\n\t\t\t\t<\/div>\n\t\t\t\t<\/div>\n\t\t<div class=\"elementor-element elementor-element-9f22f97 e-con-full e-flex e-con e-child\" data-id=\"9f22f97\" data-element_type=\"container\">\n\t\t\t\t<div class=\"elementor-element elementor-element-a23f2dc elementor-widget elementor-widget-text-editor\" data-id=\"a23f2dc\" data-element_type=\"widget\" data-widget_type=\"text-editor.default\">\n\t\t\t\t<div class=\"elementor-widget-container\">\n\t\t\t\t\t\t\t\t\t<ul><li>Conducting conversations more efficiently in the employee-leader relationship<\/li><li>Tools for building trust and openness in communication<\/li><li>Awareness and elimination of barriers and cognitive biases<\/li><li>Ability to formulate clear goals using the SMART method<\/li><li>Increased willingness to give and receive feedback<\/li><\/ul>\t\t\t\t\t\t\t\t<\/div>\n\t\t\t\t<\/div>\n\t\t\t\t<\/div>\n\t\t\t\t\t<\/div>\n\t\t\t\t<\/div>\n\t\t<div class=\"elementor-element elementor-element-34db258 e-flex e-con-boxed e-con e-parent\" data-id=\"34db258\" data-element_type=\"container\">\n\t\t\t\t\t<div class=\"e-con-inner\">\n\t\t\t\t<div class=\"elementor-element elementor-element-5b6031d big-btn elementor-widget elementor-widget-button\" data-id=\"5b6031d\" data-element_type=\"widget\" data-widget_type=\"button.default\">\n\t\t\t\t<div class=\"elementor-widget-container\">\n\t\t\t\t\t\t\t\t\t<div class=\"elementor-button-wrapper\">\n\t\t\t\t\t<a class=\"elementor-button elementor-button-link elementor-size-sm\" href=\"\/en\/kontakt\/\">\n\t\t\t\t\t\t<span class=\"elementor-button-content-wrapper\">\n\t\t\t\t\t\t<span class=\"elementor-button-icon\">\n\t\t\t\t<i aria-hidden=\"true\" class=\"fas fa-mail-bulk\"><\/i>\t\t\t<\/span>\n\t\t\t\t\t\t\t\t\t<span class=\"elementor-button-text\">Contact us<\/span>\n\t\t\t\t\t<\/span>\n\t\t\t\t\t<\/a>\n\t\t\t\t<\/div>\n\t\t\t\t\t\t\t\t<\/div>\n\t\t\t\t<\/div>\n\t\t\t\t\t<\/div>\n\t\t\t\t<\/div>\n\t\t\t\t<\/div>","protected":false},"excerpt":{"rendered":"<p>Skuteczna komunikacja mi\u0119dzy pracownikiem a liderem Opis warsztatu Efektywna komunikacja jest fundamentem zdrowej i produktywnej wsp\u00f3\u0142pracy w organizacji. Podczas tego warsztatu uczestnicy poznaj\u0105 kluczowe zasady budowania relacji pomi\u0119dzy pracownikiem a liderem, kt\u00f3re pozwalaj\u0105 na unikanie nieporozumie\u0144, zwi\u0119kszaj\u0105 zaanga\u017cowanie i poprawiaj\u0105 atmosfer\u0119 w zespole. Program obejmuje najwa\u017cniejsze obszary komunikacji: identyfikowanie barier i przeszk\u00f3d, \u015bwiadome stawianie i <a class=\"read-more\" href=\"https:\/\/skilldo.pl\/en\/warsztat-skuteczna-komunikacja-miedzy-pracownikiem-a-liderem\/\">[&#8230;] <\/a><\/p>\n","protected":false},"author":1,"featured_media":0,"parent":0,"menu_order":100,"comment_status":"closed","ping_status":"closed","template":"","meta":{"site-sidebar-layout":"no-sidebar","site-content-layout":"page-builder","ast-site-content-layout":"full-width-container","site-content-style":"default","site-sidebar-style":"default","ast-global-header-display":"","ast-banner-title-visibility":"","ast-main-header-display":"","ast-hfb-above-header-display":"","ast-hfb-below-header-display":"","ast-hfb-mobile-header-display":"","site-post-title":"disabled","ast-breadcrumbs-content":"","ast-featured-img":"disabled","footer-sml-layout":"","theme-transparent-header-meta":"enabled","adv-header-id-meta":"","stick-header-meta":"","header-above-stick-meta":"","header-main-stick-meta":"","header-below-stick-meta":"","astra-migrate-meta-layouts":"set","ast-page-background-enabled":"default","ast-page-background-meta":{"desktop":{"background-color":"var(--ast-global-color-4)","background-image":"","background-repeat":"repeat","background-position":"center center","background-size":"auto","background-attachment":"scroll","background-type":"","background-media":"","overlay-type":"","overlay-color":"","overlay-opacity":"","overlay-gradient":""},"tablet":{"background-color":"","background-image":"","background-repeat":"repeat","background-position":"center center","background-size":"auto","background-attachment":"scroll","background-type":"","background-media":"","overlay-type":"","overlay-color":"","overlay-opacity":"","overlay-gradient":""},"mobile":{"background-color":"","background-image":"","background-repeat":"repeat","background-position":"center center","background-size":"auto","background-attachment":"scroll","background-type":"","background-media":"","overlay-type":"","overlay-color":"","overlay-opacity":"","overlay-gradient":""}},"ast-content-background-meta":{"desktop":{"background-color":"var(--ast-global-color-5)","background-image":"","background-repeat":"repeat","background-position":"center center","background-size":"auto","background-attachment":"scroll","background-type":"","background-media":"","overlay-type":"","overlay-color":"","overlay-opacity":"","overlay-gradient":""},"tablet":{"background-color":"var(--ast-global-color-5)","background-image":"","background-repeat":"repeat","background-position":"center center","background-size":"auto","background-attachment":"scroll","background-type":"","background-media":"","overlay-type":"","overlay-color":"","overlay-opacity":"","overlay-gradient":""},"mobile":{"background-color":"var(--ast-global-color-5)","background-image":"","background-repeat":"repeat","background-position":"center center","background-size":"auto","background-attachment":"scroll","background-type":"","background-media":"","overlay-type":"","overlay-color":"","overlay-opacity":"","overlay-gradient":""}},"footnotes":""},"class_list":["post-3138","page","type-page","status-publish","hentry"],"yoast_head":"<!-- This site is optimized with the Yoast SEO plugin v26.7 - https:\/\/yoast.com\/wordpress\/plugins\/seo\/ -->\n<title>Warsztat Skuteczna komunikacja mi\u0119dzy pracownikiem a liderem | Skilldo<\/title>\n<meta name=\"description\" content=\"Warsztat skutecznej komunikacji mi\u0119dzy pracownikiem a liderem. Ucz si\u0119 budowa\u0107 porozumienie, zaufanie i efektywn\u0105 wsp\u00f3\u0142prac\u0119 w zespole. Wdra\u017caj zmiany od razu - tego uczymy!\" \/>\n<meta name=\"robots\" content=\"index, follow, max-snippet:-1, max-image-preview:large, max-video-preview:-1\" \/>\n<link rel=\"canonical\" href=\"https:\/\/skilldo.pl\/en\/warsztat-skuteczna-komunikacja-miedzy-pracownikiem-a-liderem\/\" \/>\n<meta property=\"og:locale\" content=\"en_GB\" \/>\n<meta property=\"og:type\" content=\"article\" \/>\n<meta property=\"og:title\" content=\"Warsztat Skuteczna komunikacja mi\u0119dzy pracownikiem a liderem | Skilldo\" \/>\n<meta property=\"og:description\" content=\"Warsztat skutecznej komunikacji mi\u0119dzy pracownikiem a liderem. Ucz si\u0119 budowa\u0107 porozumienie, zaufanie i efektywn\u0105 wsp\u00f3\u0142prac\u0119 w zespole. Wdra\u017caj zmiany od razu - tego uczymy!\" \/>\n<meta property=\"og:url\" content=\"https:\/\/skilldo.pl\/en\/warsztat-skuteczna-komunikacja-miedzy-pracownikiem-a-liderem\/\" \/>\n<meta property=\"og:site_name\" content=\"Skilldo\" \/>\n<meta property=\"article:modified_time\" content=\"2026-01-22T16:18:34+00:00\" \/>\n<meta property=\"og:image\" content=\"https:\/\/skilldo.pl\/wp-content\/uploads\/2026\/01\/komunikacja-pracownik-lider-731x1024.jpg\" \/>\n<meta name=\"twitter:card\" content=\"summary_large_image\" \/>\n<meta name=\"twitter:label1\" content=\"Estimated reading time\" \/>\n\t<meta name=\"twitter:data1\" content=\"2 minutes\" \/>\n<script type=\"application\/ld+json\" class=\"yoast-schema-graph\">{\"@context\":\"https:\/\/schema.org\",\"@graph\":[{\"@type\":\"WebPage\",\"@id\":\"https:\/\/skilldo.pl\/warsztat-skuteczna-komunikacja-miedzy-pracownikiem-a-liderem\/\",\"url\":\"https:\/\/skilldo.pl\/warsztat-skuteczna-komunikacja-miedzy-pracownikiem-a-liderem\/\",\"name\":\"Warsztat Skuteczna komunikacja mi\u0119dzy pracownikiem a liderem | Skilldo\",\"isPartOf\":{\"@id\":\"https:\/\/skilldo.pl\/#website\"},\"primaryImageOfPage\":{\"@id\":\"https:\/\/skilldo.pl\/warsztat-skuteczna-komunikacja-miedzy-pracownikiem-a-liderem\/#primaryimage\"},\"image\":{\"@id\":\"https:\/\/skilldo.pl\/warsztat-skuteczna-komunikacja-miedzy-pracownikiem-a-liderem\/#primaryimage\"},\"thumbnailUrl\":\"https:\/\/skilldo.pl\/wp-content\/uploads\/2026\/01\/komunikacja-pracownik-lider-731x1024.jpg\",\"datePublished\":\"2025-10-30T12:59:41+00:00\",\"dateModified\":\"2026-01-22T16:18:34+00:00\",\"description\":\"Warsztat skutecznej komunikacji mi\u0119dzy pracownikiem a liderem. Ucz si\u0119 budowa\u0107 porozumienie, zaufanie i efektywn\u0105 wsp\u00f3\u0142prac\u0119 w zespole. Wdra\u017caj zmiany od razu - tego uczymy!\",\"breadcrumb\":{\"@id\":\"https:\/\/skilldo.pl\/warsztat-skuteczna-komunikacja-miedzy-pracownikiem-a-liderem\/#breadcrumb\"},\"inLanguage\":\"en-GB\",\"potentialAction\":[{\"@type\":\"ReadAction\",\"target\":[\"https:\/\/skilldo.pl\/warsztat-skuteczna-komunikacja-miedzy-pracownikiem-a-liderem\/\"]}]},{\"@type\":\"ImageObject\",\"inLanguage\":\"en-GB\",\"@id\":\"https:\/\/skilldo.pl\/warsztat-skuteczna-komunikacja-miedzy-pracownikiem-a-liderem\/#primaryimage\",\"url\":\"https:\/\/skilldo.pl\/wp-content\/uploads\/2026\/01\/komunikacja-pracownik-lider-731x1024.jpg\",\"contentUrl\":\"https:\/\/skilldo.pl\/wp-content\/uploads\/2026\/01\/komunikacja-pracownik-lider-731x1024.jpg\"},{\"@type\":\"BreadcrumbList\",\"@id\":\"https:\/\/skilldo.pl\/warsztat-skuteczna-komunikacja-miedzy-pracownikiem-a-liderem\/#breadcrumb\",\"itemListElement\":[{\"@type\":\"ListItem\",\"position\":1,\"name\":\"Strona g\u0142\u00f3wna\",\"item\":\"https:\/\/skilldo.pl\/\"},{\"@type\":\"ListItem\",\"position\":2,\"name\":\"Skuteczna komunikacja mi\u0119dzy pracownikiem a liderem\"}]},{\"@type\":\"WebSite\",\"@id\":\"https:\/\/skilldo.pl\/#website\",\"url\":\"https:\/\/skilldo.pl\/\",\"name\":\"Skilldo\",\"description\":\"Skilldo - szkolenia dla lider\u00f3w i zespo\u0142\u00f3w\",\"publisher\":{\"@id\":\"https:\/\/skilldo.pl\/#organization\"},\"alternateName\":\"Skilldo\",\"potentialAction\":[{\"@type\":\"SearchAction\",\"target\":{\"@type\":\"EntryPoint\",\"urlTemplate\":\"https:\/\/skilldo.pl\/?s={search_term_string}\"},\"query-input\":{\"@type\":\"PropertyValueSpecification\",\"valueRequired\":true,\"valueName\":\"search_term_string\"}}],\"inLanguage\":\"en-GB\"},{\"@type\":\"Organization\",\"@id\":\"https:\/\/skilldo.pl\/#organization\",\"name\":\"Skilldo\",\"alternateName\":\"Skilldo\",\"url\":\"https:\/\/skilldo.pl\/\",\"logo\":{\"@type\":\"ImageObject\",\"inLanguage\":\"en-GB\",\"@id\":\"https:\/\/skilldo.pl\/#\/schema\/logo\/image\/\",\"url\":\"https:\/\/skilldo.pl\/wp-content\/uploads\/2025\/10\/skilldo-page.png\",\"contentUrl\":\"https:\/\/skilldo.pl\/wp-content\/uploads\/2025\/10\/skilldo-page.png\",\"width\":397,\"height\":164,\"caption\":\"Skilldo\"},\"image\":{\"@id\":\"https:\/\/skilldo.pl\/#\/schema\/logo\/image\/\"},\"sameAs\":[\"https:\/\/pl.linkedin.com\/in\/dagmara-solik\"]}]}<\/script>\n<!-- \/ Yoast SEO plugin. -->","yoast_head_json":{"title":"Warsztat Skuteczna komunikacja mi\u0119dzy pracownikiem a liderem | Skilldo","description":"Warsztat skutecznej komunikacji mi\u0119dzy pracownikiem a liderem. Ucz si\u0119 budowa\u0107 porozumienie, zaufanie i efektywn\u0105 wsp\u00f3\u0142prac\u0119 w zespole. Wdra\u017caj zmiany od razu - tego uczymy!","robots":{"index":"index","follow":"follow","max-snippet":"max-snippet:-1","max-image-preview":"max-image-preview:large","max-video-preview":"max-video-preview:-1"},"canonical":"https:\/\/skilldo.pl\/en\/warsztat-skuteczna-komunikacja-miedzy-pracownikiem-a-liderem\/","og_locale":"en_GB","og_type":"article","og_title":"Warsztat Skuteczna komunikacja mi\u0119dzy pracownikiem a liderem | Skilldo","og_description":"Warsztat skutecznej komunikacji mi\u0119dzy pracownikiem a liderem. Ucz si\u0119 budowa\u0107 porozumienie, zaufanie i efektywn\u0105 wsp\u00f3\u0142prac\u0119 w zespole. Wdra\u017caj zmiany od razu - tego uczymy!","og_url":"https:\/\/skilldo.pl\/en\/warsztat-skuteczna-komunikacja-miedzy-pracownikiem-a-liderem\/","og_site_name":"Skilldo","article_modified_time":"2026-01-22T16:18:34+00:00","og_image":[{"url":"https:\/\/skilldo.pl\/wp-content\/uploads\/2026\/01\/komunikacja-pracownik-lider-731x1024.jpg","type":"","width":"","height":""}],"twitter_card":"summary_large_image","twitter_misc":{"Estimated reading time":"2 minutes"},"schema":{"@context":"https:\/\/schema.org","@graph":[{"@type":"WebPage","@id":"https:\/\/skilldo.pl\/warsztat-skuteczna-komunikacja-miedzy-pracownikiem-a-liderem\/","url":"https:\/\/skilldo.pl\/warsztat-skuteczna-komunikacja-miedzy-pracownikiem-a-liderem\/","name":"Warsztat Skuteczna komunikacja mi\u0119dzy pracownikiem a liderem | Skilldo","isPartOf":{"@id":"https:\/\/skilldo.pl\/#website"},"primaryImageOfPage":{"@id":"https:\/\/skilldo.pl\/warsztat-skuteczna-komunikacja-miedzy-pracownikiem-a-liderem\/#primaryimage"},"image":{"@id":"https:\/\/skilldo.pl\/warsztat-skuteczna-komunikacja-miedzy-pracownikiem-a-liderem\/#primaryimage"},"thumbnailUrl":"https:\/\/skilldo.pl\/wp-content\/uploads\/2026\/01\/komunikacja-pracownik-lider-731x1024.jpg","datePublished":"2025-10-30T12:59:41+00:00","dateModified":"2026-01-22T16:18:34+00:00","description":"Warsztat skutecznej komunikacji mi\u0119dzy pracownikiem a liderem. Ucz si\u0119 budowa\u0107 porozumienie, zaufanie i efektywn\u0105 wsp\u00f3\u0142prac\u0119 w zespole. Wdra\u017caj zmiany od razu - tego uczymy!","breadcrumb":{"@id":"https:\/\/skilldo.pl\/warsztat-skuteczna-komunikacja-miedzy-pracownikiem-a-liderem\/#breadcrumb"},"inLanguage":"en-GB","potentialAction":[{"@type":"ReadAction","target":["https:\/\/skilldo.pl\/warsztat-skuteczna-komunikacja-miedzy-pracownikiem-a-liderem\/"]}]},{"@type":"ImageObject","inLanguage":"en-GB","@id":"https:\/\/skilldo.pl\/warsztat-skuteczna-komunikacja-miedzy-pracownikiem-a-liderem\/#primaryimage","url":"https:\/\/skilldo.pl\/wp-content\/uploads\/2026\/01\/komunikacja-pracownik-lider-731x1024.jpg","contentUrl":"https:\/\/skilldo.pl\/wp-content\/uploads\/2026\/01\/komunikacja-pracownik-lider-731x1024.jpg"},{"@type":"BreadcrumbList","@id":"https:\/\/skilldo.pl\/warsztat-skuteczna-komunikacja-miedzy-pracownikiem-a-liderem\/#breadcrumb","itemListElement":[{"@type":"ListItem","position":1,"name":"Strona g\u0142\u00f3wna","item":"https:\/\/skilldo.pl\/"},{"@type":"ListItem","position":2,"name":"Skuteczna komunikacja mi\u0119dzy pracownikiem a liderem"}]},{"@type":"WebSite","@id":"https:\/\/skilldo.pl\/#website","url":"https:\/\/skilldo.pl\/","name":"Skilldo","description":"Skilldo - szkolenia dla lider\u00f3w i zespo\u0142\u00f3w","publisher":{"@id":"https:\/\/skilldo.pl\/#organization"},"alternateName":"Skilldo","potentialAction":[{"@type":"SearchAction","target":{"@type":"EntryPoint","urlTemplate":"https:\/\/skilldo.pl\/?s={search_term_string}"},"query-input":{"@type":"PropertyValueSpecification","valueRequired":true,"valueName":"search_term_string"}}],"inLanguage":"en-GB"},{"@type":"Organization","@id":"https:\/\/skilldo.pl\/#organization","name":"Skilldo","alternateName":"Skilldo","url":"https:\/\/skilldo.pl\/","logo":{"@type":"ImageObject","inLanguage":"en-GB","@id":"https:\/\/skilldo.pl\/#\/schema\/logo\/image\/","url":"https:\/\/skilldo.pl\/wp-content\/uploads\/2025\/10\/skilldo-page.png","contentUrl":"https:\/\/skilldo.pl\/wp-content\/uploads\/2025\/10\/skilldo-page.png","width":397,"height":164,"caption":"Skilldo"},"image":{"@id":"https:\/\/skilldo.pl\/#\/schema\/logo\/image\/"},"sameAs":["https:\/\/pl.linkedin.com\/in\/dagmara-solik"]}]}},"_links":{"self":[{"href":"https:\/\/skilldo.pl\/en\/wp-json\/wp\/v2\/pages\/3138","targetHints":{"allow":["GET"]}}],"collection":[{"href":"https:\/\/skilldo.pl\/en\/wp-json\/wp\/v2\/pages"}],"about":[{"href":"https:\/\/skilldo.pl\/en\/wp-json\/wp\/v2\/types\/page"}],"author":[{"embeddable":true,"href":"https:\/\/skilldo.pl\/en\/wp-json\/wp\/v2\/users\/1"}],"replies":[{"embeddable":true,"href":"https:\/\/skilldo.pl\/en\/wp-json\/wp\/v2\/comments?post=3138"}],"version-history":[{"count":39,"href":"https:\/\/skilldo.pl\/en\/wp-json\/wp\/v2\/pages\/3138\/revisions"}],"predecessor-version":[{"id":3944,"href":"https:\/\/skilldo.pl\/en\/wp-json\/wp\/v2\/pages\/3138\/revisions\/3944"}],"wp:attachment":[{"href":"https:\/\/skilldo.pl\/en\/wp-json\/wp\/v2\/media?parent=3138"}],"curies":[{"name":"wp","href":"https:\/\/api.w.org\/{rel}","templated":true}]}}