{"id":3113,"date":"2025-10-30T12:47:05","date_gmt":"2025-10-30T12:47:05","guid":{"rendered":"https:\/\/skilldo.wiechula.ovh\/?page_id=3113"},"modified":"2026-01-22T20:40:20","modified_gmt":"2026-01-22T20:40:20","slug":"warsztat-prezentacja-w-biznesie-klucz-do-efektywnych-spotkan-i-procesow","status":"publish","type":"page","link":"https:\/\/skilldo.pl\/en\/warsztat-prezentacja-w-biznesie-klucz-do-efektywnych-spotkan-i-procesow\/","title":{"rendered":"Business presentation \u2013 the key to effective meetings and processes"},"content":{"rendered":"<div data-elementor-type=\"wp-page\" data-elementor-id=\"3113\" class=\"elementor elementor-3113\">\n\t\t\t\t<div class=\"elementor-element elementor-element-9c9c0d6 e-flex e-con-boxed e-con e-parent\" data-id=\"9c9c0d6\" data-element_type=\"container\" data-settings=\"{&quot;background_background&quot;:&quot;classic&quot;}\">\n\t\t\t\t\t<div class=\"e-con-inner\">\n\t\t<div class=\"elementor-element elementor-element-2774994 e-con-full e-flex e-con e-child\" data-id=\"2774994\" data-element_type=\"container\">\n\t\t\t\t<div class=\"elementor-element elementor-element-add3558 elementor-widget elementor-widget-heading\" data-id=\"add3558\" data-element_type=\"widget\" data-widget_type=\"heading.default\">\n\t\t\t\t<div class=\"elementor-widget-container\">\n\t\t\t\t\t<h1 class=\"elementor-heading-title elementor-size-default\">Business presentation \u2013 the key to effective meetings and processes<\/h1>\t\t\t\t<\/div>\n\t\t\t\t<\/div>\n\t\t\t\t<\/div>\n\t\t\t\t\t<\/div>\n\t\t\t\t<\/div>\n\t\t<div class=\"elementor-element elementor-element-38476a0 e-flex e-con-boxed e-con e-parent\" data-id=\"38476a0\" data-element_type=\"container\" data-settings=\"{&quot;background_background&quot;:&quot;classic&quot;}\">\n\t\t\t\t\t<div class=\"e-con-inner\">\n\t\t<div class=\"elementor-element elementor-element-3b3710f e-con-full e-flex e-con e-child\" data-id=\"3b3710f\" data-element_type=\"container\">\n\t\t\t\t<div class=\"elementor-element elementor-element-eb62324 elementor-widget elementor-widget-heading\" data-id=\"eb62324\" data-element_type=\"widget\" data-widget_type=\"heading.default\">\n\t\t\t\t<div class=\"elementor-widget-container\">\n\t\t\t\t\t<h2 class=\"elementor-heading-title elementor-size-default\">Workshop description<\/h2>\t\t\t\t<\/div>\n\t\t\t\t<\/div>\n\t\t\t\t<div class=\"elementor-element elementor-element-2352195 elementor-widget elementor-widget-text-editor\" data-id=\"2352195\" data-element_type=\"widget\" data-widget_type=\"text-editor.default\">\n\t\t\t\t<div class=\"elementor-widget-container\">\n\t\t\t\t\t\t\t\t\t<p>Effective business communication is not only the ability to clearly convey content, but also the art of engaging participants, building understanding and making decisions.<br \/><br \/>During this workshop, participants will learn how to conduct meetings that deliver tangible results, how to create impactful presentations, and how to use persuasion and storytelling techniques to make their messages more compelling and inspiring.<br \/><br \/>The workshop also provides tools for dealing with difficult participants, effective time management during meetings, and closing processes in a way that ensures further action. This practical training, based on real-world examples and exercises, will allow participants to immediately implement the methods they learn in their daily work.<\/p>\t\t\t\t\t\t\t\t<\/div>\n\t\t\t\t<\/div>\n\t\t\t\t<\/div>\n\t\t<div class=\"elementor-element elementor-element-16e5dfe e-con-full e-flex e-con e-child\" data-id=\"16e5dfe\" data-element_type=\"container\">\n\t\t\t\t<div class=\"elementor-element elementor-element-3fd3d1c elementor-widget elementor-widget-image\" data-id=\"3fd3d1c\" data-element_type=\"widget\" data-widget_type=\"image.default\">\n\t\t\t\t<div class=\"elementor-widget-container\">\n\t\t\t\t\t\t\t\t\t\t\t\t\t\t\t<img fetchpriority=\"high\" decoding=\"async\" width=\"731\" height=\"1024\" src=\"https:\/\/skilldo.pl\/wp-content\/uploads\/2026\/01\/prezentacja_w_biznesie-731x1024.jpg\" class=\"attachment-large size-large wp-image-3959\" alt=\"\" srcset=\"https:\/\/skilldo.pl\/wp-content\/uploads\/2026\/01\/prezentacja_w_biznesie-731x1024.jpg 731w, https:\/\/skilldo.pl\/wp-content\/uploads\/2026\/01\/prezentacja_w_biznesie-214x300.jpg 214w, https:\/\/skilldo.pl\/wp-content\/uploads\/2026\/01\/prezentacja_w_biznesie-768x1076.jpg 768w, https:\/\/skilldo.pl\/wp-content\/uploads\/2026\/01\/prezentacja_w_biznesie.jpg 996w\" sizes=\"(max-width: 731px) 100vw, 731px\" \/>\t\t\t\t\t\t\t\t\t\t\t\t\t\t\t<\/div>\n\t\t\t\t<\/div>\n\t\t\t\t<\/div>\n\t\t\t\t\t<\/div>\n\t\t\t\t<\/div>\n\t\t<div class=\"elementor-element elementor-element-850c3c6 e-flex e-con-boxed e-con e-parent\" data-id=\"850c3c6\" data-element_type=\"container\" data-settings=\"{&quot;background_background&quot;:&quot;classic&quot;}\">\n\t\t\t\t\t<div class=\"e-con-inner\">\n\t\t<div class=\"elementor-element elementor-element-448314e e-con-full e-flex e-con e-child\" data-id=\"448314e\" data-element_type=\"container\">\n\t\t\t\t<div class=\"elementor-element elementor-element-63fc861 elementor-widget elementor-widget-heading\" data-id=\"63fc861\" data-element_type=\"widget\" data-widget_type=\"heading.default\">\n\t\t\t\t<div class=\"elementor-widget-container\">\n\t\t\t\t\t<h2 class=\"elementor-heading-title elementor-size-default\">Benefits of participation<\/h2>\t\t\t\t<\/div>\n\t\t\t\t<\/div>\n\t\t\t\t<\/div>\n\t\t<div class=\"elementor-element elementor-element-45bfc0a e-con-full e-flex e-con e-child\" data-id=\"45bfc0a\" data-element_type=\"container\">\n\t\t\t\t<div class=\"elementor-element elementor-element-0bc10e6 elementor-widget elementor-widget-text-editor\" data-id=\"0bc10e6\" data-element_type=\"widget\" data-widget_type=\"text-editor.default\">\n\t\t\t\t<div class=\"elementor-widget-container\">\n\t\t\t\t\t\t\t\t\t<ul><li><p>Ability to conduct effective and well-planned meetings<\/p><\/li><li><p>Learning storytelling and persuasion techniques that help you convince others about your ideas<\/p><\/li><li><p>More effective decision-making and assigning responsibility within the team<\/p><\/li><li><p>Tools for working with difficult meeting participants<\/p><\/li><li><p>Improving the effectiveness of communication within the organization<\/p><\/li><li><p>Reducing time spent in unproductive meetings<\/p><\/li><\/ul>\t\t\t\t\t\t\t\t<\/div>\n\t\t\t\t<\/div>\n\t\t\t\t<\/div>\n\t\t\t\t\t<\/div>\n\t\t\t\t<\/div>\n\t\t<div class=\"elementor-element elementor-element-74f1275 e-flex e-con-boxed e-con e-parent\" data-id=\"74f1275\" data-element_type=\"container\" data-settings=\"{&quot;background_background&quot;:&quot;classic&quot;}\">\n\t\t\t\t\t<div class=\"e-con-inner\">\n\t\t<div class=\"elementor-element elementor-element-cec1198 e-con-full e-flex e-con e-child\" data-id=\"cec1198\" data-element_type=\"container\">\n\t\t\t\t<div class=\"elementor-element elementor-element-52f6c3d elementor-widget elementor-widget-heading\" data-id=\"52f6c3d\" data-element_type=\"widget\" data-widget_type=\"heading.default\">\n\t\t\t\t<div class=\"elementor-widget-container\">\n\t\t\t\t\t<h2 class=\"elementor-heading-title elementor-size-default\">Who is the workshop for?<\/h2>\t\t\t\t<\/div>\n\t\t\t\t<\/div>\n\t\t\t\t<\/div>\n\t\t<div class=\"elementor-element elementor-element-076f093 e-con-full e-flex e-con e-child\" data-id=\"076f093\" data-element_type=\"container\">\n\t\t<div class=\"elementor-element elementor-element-ac950a4 e-con-full e-flex e-con e-child\" data-id=\"ac950a4\" data-element_type=\"container\">\n\t\t<div class=\"elementor-element elementor-element-b997a19 e-con-full e-flex e-con e-child\" data-id=\"b997a19\" data-element_type=\"container\">\n\t\t\t\t<div class=\"elementor-element elementor-element-676a1de elementor-widget elementor-widget-html\" data-id=\"676a1de\" data-element_type=\"widget\" data-widget_type=\"html.default\">\n\t\t\t\t<div class=\"elementor-widget-container\">\n\t\t\t\t\t<div class=\"e-step\">\n  <div class=\"e-number\">1<\/div>\n  <div class=\"e-step-text\"><p>Leaders and managers responsible for leading teams and projects.<\/p><\/div>\n<\/div>\t\t\t\t<\/div>\n\t\t\t\t<\/div>\n\t\t\t\t<\/div>\n\t\t<div class=\"elementor-element elementor-element-64c7742 e-con-full e-flex e-con e-child\" data-id=\"64c7742\" data-element_type=\"container\">\n\t\t\t\t<div class=\"elementor-element elementor-element-57de7f1 elementor-widget elementor-widget-html\" data-id=\"57de7f1\" data-element_type=\"widget\" data-widget_type=\"html.default\">\n\t\t\t\t<div class=\"elementor-widget-container\">\n\t\t\t\t\t<div class=\"e-step\">\n  <div class=\"e-number\">2<\/div>\n  <div class=\"e-step-text\"><p>People who frequently lead or participate in business meetings.<\/p><\/div>\n<\/div>\t\t\t\t<\/div>\n\t\t\t\t<\/div>\n\t\t\t\t<\/div>\n\t\t<div class=\"elementor-element elementor-element-dae9b8a e-con-full e-flex e-con e-child\" data-id=\"dae9b8a\" data-element_type=\"container\">\n\t\t\t\t<div class=\"elementor-element elementor-element-b5c1dde elementor-widget elementor-widget-html\" data-id=\"b5c1dde\" data-element_type=\"widget\" data-widget_type=\"html.default\">\n\t\t\t\t<div class=\"elementor-widget-container\">\n\t\t\t\t\t<div class=\"e-step\">\n  <div class=\"e-number\">3<\/div>\n  <div class=\"e-step-text\"><p>HR specialists, trainers and people responsible for developing employee competencies.<\/p><\/div>\n<\/div>\t\t\t\t<\/div>\n\t\t\t\t<\/div>\n\t\t\t\t<\/div>\n\t\t<div class=\"elementor-element elementor-element-68d3b3e e-con-full e-flex e-con e-child\" data-id=\"68d3b3e\" data-element_type=\"container\">\n\t\t\t\t<div class=\"elementor-element elementor-element-122745c elementor-widget elementor-widget-html\" data-id=\"122745c\" data-element_type=\"widget\" data-widget_type=\"html.default\">\n\t\t\t\t<div class=\"elementor-widget-container\">\n\t\t\t\t\t<div class=\"e-step\">\n  <div class=\"e-number\">4<\/div>\n  <div class=\"e-step-text\"><p>Anyone who wants to improve the quality of their presentations and the effectiveness of teamwork.<\/p><\/div>\n<\/div>\t\t\t\t<\/div>\n\t\t\t\t<\/div>\n\t\t\t\t<\/div>\n\t\t\t\t<\/div>\n\t\t\t\t<\/div>\n\t\t\t\t\t<\/div>\n\t\t\t\t<\/div>\n\t\t<div class=\"elementor-element elementor-element-8a1d875 e-flex e-con-boxed e-con e-parent\" data-id=\"8a1d875\" data-element_type=\"container\" data-settings=\"{&quot;background_background&quot;:&quot;classic&quot;}\">\n\t\t\t\t\t<div class=\"e-con-inner\">\n\t\t<div class=\"elementor-element elementor-element-fed9366 e-con-full e-flex e-con e-child\" data-id=\"fed9366\" data-element_type=\"container\">\n\t\t\t\t<div class=\"elementor-element elementor-element-da8b495 elementor-widget elementor-widget-heading\" data-id=\"da8b495\" data-element_type=\"widget\" data-widget_type=\"heading.default\">\n\t\t\t\t<div class=\"elementor-widget-container\">\n\t\t\t\t\t<h2 class=\"elementor-heading-title elementor-size-default\">Workshop effects<\/h2>\t\t\t\t<\/div>\n\t\t\t\t<\/div>\n\t\t\t\t<\/div>\n\t\t<div class=\"elementor-element elementor-element-9f22f97 e-con-full e-flex e-con e-child\" data-id=\"9f22f97\" data-element_type=\"container\">\n\t\t\t\t<div class=\"elementor-element elementor-element-a23f2dc elementor-widget elementor-widget-text-editor\" data-id=\"a23f2dc\" data-element_type=\"widget\" data-widget_type=\"text-editor.default\">\n\t\t\t\t<div class=\"elementor-widget-container\">\n\t\t\t\t\t\t\t\t\t<ul>\n \t<li>Ability to prepare and lead meetings that end with specific decisions and actions<\/li>\n \t<li>Arguing and influencing more effectively without manipulation<\/li>\n \t<li>Conscious use of storytelling to build engagement and persuade audiences<\/li>\n \t<li>Greater confidence in responding to difficult situations and demanding meeting participants<\/li>\n \t<li>A real increase in team efficiency and a reduction in time wasted on unproductive meetings<\/li>\n<\/ul>\t\t\t\t\t\t\t\t<\/div>\n\t\t\t\t<\/div>\n\t\t\t\t<\/div>\n\t\t\t\t\t<\/div>\n\t\t\t\t<\/div>\n\t\t<div class=\"elementor-element elementor-element-00d9a39 e-flex e-con-boxed e-con e-parent\" data-id=\"00d9a39\" data-element_type=\"container\">\n\t\t\t\t\t<div class=\"e-con-inner\">\n\t\t\t\t<div class=\"elementor-element elementor-element-9b87081 big-btn elementor-widget elementor-widget-button\" data-id=\"9b87081\" data-element_type=\"widget\" data-widget_type=\"button.default\">\n\t\t\t\t<div class=\"elementor-widget-container\">\n\t\t\t\t\t\t\t\t\t<div class=\"elementor-button-wrapper\">\n\t\t\t\t\t<a class=\"elementor-button elementor-button-link elementor-size-sm\" href=\"\/en\/kontakt\/\">\n\t\t\t\t\t\t<span class=\"elementor-button-content-wrapper\">\n\t\t\t\t\t\t<span class=\"elementor-button-icon\">\n\t\t\t\t<i aria-hidden=\"true\" class=\"fas fa-mail-bulk\"><\/i>\t\t\t<\/span>\n\t\t\t\t\t\t\t\t\t<span class=\"elementor-button-text\">Contact us<\/span>\n\t\t\t\t\t<\/span>\n\t\t\t\t\t<\/a>\n\t\t\t\t<\/div>\n\t\t\t\t\t\t\t\t<\/div>\n\t\t\t\t<\/div>\n\t\t\t\t\t<\/div>\n\t\t\t\t<\/div>\n\t\t\t\t<\/div>","protected":false},"excerpt":{"rendered":"<p>Prezentacja w biznesie \u2013 klucz do efektywnych spotka\u0144 i proces\u00f3w Opis warsztatu Efektywna komunikacja w biznesie to nie tylko umiej\u0119tno\u015b\u0107 jasnego przekazywania tre\u015bci, ale tak\u017ce sztuka anga\u017cowania uczestnik\u00f3w, budowania porozumienia i podejmowania decyzji. Podczas warsztatu uczestnicy naucz\u0105 si\u0119, jak prowadzi\u0107 spotkania, kt\u00f3re przynosz\u0105 realne rezultaty, jak tworzy\u0107 prezentacje wp\u0142ywaj\u0105ce na odbiorc\u00f3w oraz jak korzysta\u0107 z <a class=\"read-more\" href=\"https:\/\/skilldo.pl\/en\/warsztat-prezentacja-w-biznesie-klucz-do-efektywnych-spotkan-i-procesow\/\">[&#8230;] <\/a><\/p>\n","protected":false},"author":1,"featured_media":0,"parent":0,"menu_order":100,"comment_status":"closed","ping_status":"closed","template":"","meta":{"site-sidebar-layout":"no-sidebar","site-content-layout":"page-builder","ast-site-content-layout":"full-width-container","site-content-style":"default","site-sidebar-style":"default","ast-global-header-display":"","ast-banner-title-visibility":"","ast-main-header-display":"","ast-hfb-above-header-display":"","ast-hfb-below-header-display":"","ast-hfb-mobile-header-display":"","site-post-title":"disabled","ast-breadcrumbs-content":"","ast-featured-img":"disabled","footer-sml-layout":"","theme-transparent-header-meta":"enabled","adv-header-id-meta":"","stick-header-meta":"","header-above-stick-meta":"","header-main-stick-meta":"","header-below-stick-meta":"","astra-migrate-meta-layouts":"set","ast-page-background-enabled":"default","ast-page-background-meta":{"desktop":{"background-color":"var(--ast-global-color-4)","background-image":"","background-repeat":"repeat","background-position":"center center","background-size":"auto","background-attachment":"scroll","background-type":"","background-media":"","overlay-type":"","overlay-color":"","overlay-opacity":"","overlay-gradient":""},"tablet":{"background-color":"","background-image":"","background-repeat":"repeat","background-position":"center center","background-size":"auto","background-attachment":"scroll","background-type":"","background-media":"","overlay-type":"","overlay-color":"","overlay-opacity":"","overlay-gradient":""},"mobile":{"background-color":"","background-image":"","background-repeat":"repeat","background-position":"center center","background-size":"auto","background-attachment":"scroll","background-type":"","background-media":"","overlay-type":"","overlay-color":"","overlay-opacity":"","overlay-gradient":""}},"ast-content-background-meta":{"desktop":{"background-color":"var(--ast-global-color-5)","background-image":"","background-repeat":"repeat","background-position":"center center","background-size":"auto","background-attachment":"scroll","background-type":"","background-media":"","overlay-type":"","overlay-color":"","overlay-opacity":"","overlay-gradient":""},"tablet":{"background-color":"var(--ast-global-color-5)","background-image":"","background-repeat":"repeat","background-position":"center center","background-size":"auto","background-attachment":"scroll","background-type":"","background-media":"","overlay-type":"","overlay-color":"","overlay-opacity":"","overlay-gradient":""},"mobile":{"background-color":"var(--ast-global-color-5)","background-image":"","background-repeat":"repeat","background-position":"center center","background-size":"auto","background-attachment":"scroll","background-type":"","background-media":"","overlay-type":"","overlay-color":"","overlay-opacity":"","overlay-gradient":""}},"footnotes":""},"class_list":["post-3113","page","type-page","status-publish","hentry"],"yoast_head":"<!-- This site is optimized with the Yoast SEO plugin v26.7 - https:\/\/yoast.com\/wordpress\/plugins\/seo\/ -->\n<title>Warsztat: Prezentacja w biznesie \u2013 klucz do efektywnych spotka\u0144 i proces\u00f3w | Skilldo<\/title>\n<meta name=\"description\" content=\"Warsztat prezentacji w biznesie. Naucz si\u0119 prowadzi\u0107 efektywne spotkania, jasno komunikowa\u0107 cele i usprawnia\u0107 procesy w organizacji.\" \/>\n<meta name=\"robots\" content=\"index, follow, max-snippet:-1, max-image-preview:large, max-video-preview:-1\" \/>\n<link rel=\"canonical\" href=\"https:\/\/skilldo.pl\/en\/warsztat-prezentacja-w-biznesie-klucz-do-efektywnych-spotkan-i-procesow\/\" \/>\n<meta property=\"og:locale\" content=\"en_GB\" \/>\n<meta property=\"og:type\" content=\"article\" \/>\n<meta property=\"og:title\" content=\"Warsztat: Prezentacja w biznesie \u2013 klucz do efektywnych spotka\u0144 i proces\u00f3w | Skilldo\" \/>\n<meta property=\"og:description\" content=\"Warsztat prezentacji w biznesie. Naucz si\u0119 prowadzi\u0107 efektywne spotkania, jasno komunikowa\u0107 cele i usprawnia\u0107 procesy w organizacji.\" \/>\n<meta property=\"og:url\" content=\"https:\/\/skilldo.pl\/en\/warsztat-prezentacja-w-biznesie-klucz-do-efektywnych-spotkan-i-procesow\/\" \/>\n<meta property=\"og:site_name\" content=\"Skilldo\" \/>\n<meta property=\"article:modified_time\" content=\"2026-01-22T20:40:20+00:00\" \/>\n<meta property=\"og:image\" content=\"https:\/\/skilldo.pl\/wp-content\/uploads\/2026\/01\/prezentacja_w_biznesie.jpg\" \/>\n\t<meta property=\"og:image:width\" content=\"996\" \/>\n\t<meta property=\"og:image:height\" content=\"1395\" \/>\n\t<meta property=\"og:image:type\" content=\"image\/jpeg\" \/>\n<meta name=\"twitter:card\" content=\"summary_large_image\" \/>\n<meta name=\"twitter:label1\" content=\"Estimated reading time\" \/>\n\t<meta name=\"twitter:data1\" content=\"2 minutes\" \/>\n<script type=\"application\/ld+json\" class=\"yoast-schema-graph\">{\"@context\":\"https:\/\/schema.org\",\"@graph\":[{\"@type\":\"WebPage\",\"@id\":\"https:\/\/skilldo.pl\/warsztat-prezentacja-w-biznesie-klucz-do-efektywnych-spotkan-i-procesow\/\",\"url\":\"https:\/\/skilldo.pl\/warsztat-prezentacja-w-biznesie-klucz-do-efektywnych-spotkan-i-procesow\/\",\"name\":\"Warsztat: Prezentacja w biznesie \u2013 klucz do efektywnych spotka\u0144 i proces\u00f3w | Skilldo\",\"isPartOf\":{\"@id\":\"https:\/\/skilldo.pl\/#website\"},\"primaryImageOfPage\":{\"@id\":\"https:\/\/skilldo.pl\/warsztat-prezentacja-w-biznesie-klucz-do-efektywnych-spotkan-i-procesow\/#primaryimage\"},\"image\":{\"@id\":\"https:\/\/skilldo.pl\/warsztat-prezentacja-w-biznesie-klucz-do-efektywnych-spotkan-i-procesow\/#primaryimage\"},\"thumbnailUrl\":\"https:\/\/skilldo.pl\/wp-content\/uploads\/2026\/01\/prezentacja_w_biznesie-731x1024.jpg\",\"datePublished\":\"2025-10-30T12:47:05+00:00\",\"dateModified\":\"2026-01-22T20:40:20+00:00\",\"description\":\"Warsztat prezentacji w biznesie. Naucz si\u0119 prowadzi\u0107 efektywne spotkania, jasno komunikowa\u0107 cele i usprawnia\u0107 procesy w organizacji.\",\"breadcrumb\":{\"@id\":\"https:\/\/skilldo.pl\/warsztat-prezentacja-w-biznesie-klucz-do-efektywnych-spotkan-i-procesow\/#breadcrumb\"},\"inLanguage\":\"en-GB\",\"potentialAction\":[{\"@type\":\"ReadAction\",\"target\":[\"https:\/\/skilldo.pl\/warsztat-prezentacja-w-biznesie-klucz-do-efektywnych-spotkan-i-procesow\/\"]}]},{\"@type\":\"ImageObject\",\"inLanguage\":\"en-GB\",\"@id\":\"https:\/\/skilldo.pl\/warsztat-prezentacja-w-biznesie-klucz-do-efektywnych-spotkan-i-procesow\/#primaryimage\",\"url\":\"https:\/\/skilldo.pl\/wp-content\/uploads\/2026\/01\/prezentacja_w_biznesie-731x1024.jpg\",\"contentUrl\":\"https:\/\/skilldo.pl\/wp-content\/uploads\/2026\/01\/prezentacja_w_biznesie-731x1024.jpg\"},{\"@type\":\"BreadcrumbList\",\"@id\":\"https:\/\/skilldo.pl\/warsztat-prezentacja-w-biznesie-klucz-do-efektywnych-spotkan-i-procesow\/#breadcrumb\",\"itemListElement\":[{\"@type\":\"ListItem\",\"position\":1,\"name\":\"Strona g\u0142\u00f3wna\",\"item\":\"https:\/\/skilldo.pl\/\"},{\"@type\":\"ListItem\",\"position\":2,\"name\":\"Prezentacja w biznesie \u2013 klucz do efektywnych spotka\u0144 i proces\u00f3w\"}]},{\"@type\":\"WebSite\",\"@id\":\"https:\/\/skilldo.pl\/#website\",\"url\":\"https:\/\/skilldo.pl\/\",\"name\":\"Skilldo\",\"description\":\"Skilldo - szkolenia dla lider\u00f3w i zespo\u0142\u00f3w\",\"publisher\":{\"@id\":\"https:\/\/skilldo.pl\/#organization\"},\"alternateName\":\"Skilldo\",\"potentialAction\":[{\"@type\":\"SearchAction\",\"target\":{\"@type\":\"EntryPoint\",\"urlTemplate\":\"https:\/\/skilldo.pl\/?s={search_term_string}\"},\"query-input\":{\"@type\":\"PropertyValueSpecification\",\"valueRequired\":true,\"valueName\":\"search_term_string\"}}],\"inLanguage\":\"en-GB\"},{\"@type\":\"Organization\",\"@id\":\"https:\/\/skilldo.pl\/#organization\",\"name\":\"Skilldo\",\"alternateName\":\"Skilldo\",\"url\":\"https:\/\/skilldo.pl\/\",\"logo\":{\"@type\":\"ImageObject\",\"inLanguage\":\"en-GB\",\"@id\":\"https:\/\/skilldo.pl\/#\/schema\/logo\/image\/\",\"url\":\"https:\/\/skilldo.pl\/wp-content\/uploads\/2025\/10\/skilldo-page.png\",\"contentUrl\":\"https:\/\/skilldo.pl\/wp-content\/uploads\/2025\/10\/skilldo-page.png\",\"width\":397,\"height\":164,\"caption\":\"Skilldo\"},\"image\":{\"@id\":\"https:\/\/skilldo.pl\/#\/schema\/logo\/image\/\"},\"sameAs\":[\"https:\/\/pl.linkedin.com\/in\/dagmara-solik\"]}]}<\/script>\n<!-- \/ Yoast SEO plugin. -->","yoast_head_json":{"title":"Warsztat: Prezentacja w biznesie \u2013 klucz do efektywnych spotka\u0144 i proces\u00f3w | Skilldo","description":"Warsztat prezentacji w biznesie. Naucz si\u0119 prowadzi\u0107 efektywne spotkania, jasno komunikowa\u0107 cele i usprawnia\u0107 procesy w organizacji.","robots":{"index":"index","follow":"follow","max-snippet":"max-snippet:-1","max-image-preview":"max-image-preview:large","max-video-preview":"max-video-preview:-1"},"canonical":"https:\/\/skilldo.pl\/en\/warsztat-prezentacja-w-biznesie-klucz-do-efektywnych-spotkan-i-procesow\/","og_locale":"en_GB","og_type":"article","og_title":"Warsztat: Prezentacja w biznesie \u2013 klucz do efektywnych spotka\u0144 i proces\u00f3w | Skilldo","og_description":"Warsztat prezentacji w biznesie. Naucz si\u0119 prowadzi\u0107 efektywne spotkania, jasno komunikowa\u0107 cele i usprawnia\u0107 procesy w organizacji.","og_url":"https:\/\/skilldo.pl\/en\/warsztat-prezentacja-w-biznesie-klucz-do-efektywnych-spotkan-i-procesow\/","og_site_name":"Skilldo","article_modified_time":"2026-01-22T20:40:20+00:00","og_image":[{"width":996,"height":1395,"url":"https:\/\/skilldo.pl\/wp-content\/uploads\/2026\/01\/prezentacja_w_biznesie.jpg","type":"image\/jpeg"}],"twitter_card":"summary_large_image","twitter_misc":{"Estimated reading time":"2 minutes"},"schema":{"@context":"https:\/\/schema.org","@graph":[{"@type":"WebPage","@id":"https:\/\/skilldo.pl\/warsztat-prezentacja-w-biznesie-klucz-do-efektywnych-spotkan-i-procesow\/","url":"https:\/\/skilldo.pl\/warsztat-prezentacja-w-biznesie-klucz-do-efektywnych-spotkan-i-procesow\/","name":"Warsztat: Prezentacja w biznesie \u2013 klucz do efektywnych spotka\u0144 i proces\u00f3w | Skilldo","isPartOf":{"@id":"https:\/\/skilldo.pl\/#website"},"primaryImageOfPage":{"@id":"https:\/\/skilldo.pl\/warsztat-prezentacja-w-biznesie-klucz-do-efektywnych-spotkan-i-procesow\/#primaryimage"},"image":{"@id":"https:\/\/skilldo.pl\/warsztat-prezentacja-w-biznesie-klucz-do-efektywnych-spotkan-i-procesow\/#primaryimage"},"thumbnailUrl":"https:\/\/skilldo.pl\/wp-content\/uploads\/2026\/01\/prezentacja_w_biznesie-731x1024.jpg","datePublished":"2025-10-30T12:47:05+00:00","dateModified":"2026-01-22T20:40:20+00:00","description":"Warsztat prezentacji w biznesie. Naucz si\u0119 prowadzi\u0107 efektywne spotkania, jasno komunikowa\u0107 cele i usprawnia\u0107 procesy w organizacji.","breadcrumb":{"@id":"https:\/\/skilldo.pl\/warsztat-prezentacja-w-biznesie-klucz-do-efektywnych-spotkan-i-procesow\/#breadcrumb"},"inLanguage":"en-GB","potentialAction":[{"@type":"ReadAction","target":["https:\/\/skilldo.pl\/warsztat-prezentacja-w-biznesie-klucz-do-efektywnych-spotkan-i-procesow\/"]}]},{"@type":"ImageObject","inLanguage":"en-GB","@id":"https:\/\/skilldo.pl\/warsztat-prezentacja-w-biznesie-klucz-do-efektywnych-spotkan-i-procesow\/#primaryimage","url":"https:\/\/skilldo.pl\/wp-content\/uploads\/2026\/01\/prezentacja_w_biznesie-731x1024.jpg","contentUrl":"https:\/\/skilldo.pl\/wp-content\/uploads\/2026\/01\/prezentacja_w_biznesie-731x1024.jpg"},{"@type":"BreadcrumbList","@id":"https:\/\/skilldo.pl\/warsztat-prezentacja-w-biznesie-klucz-do-efektywnych-spotkan-i-procesow\/#breadcrumb","itemListElement":[{"@type":"ListItem","position":1,"name":"Strona g\u0142\u00f3wna","item":"https:\/\/skilldo.pl\/"},{"@type":"ListItem","position":2,"name":"Prezentacja w biznesie \u2013 klucz do efektywnych spotka\u0144 i proces\u00f3w"}]},{"@type":"WebSite","@id":"https:\/\/skilldo.pl\/#website","url":"https:\/\/skilldo.pl\/","name":"Skilldo","description":"Skilldo - szkolenia dla lider\u00f3w i zespo\u0142\u00f3w","publisher":{"@id":"https:\/\/skilldo.pl\/#organization"},"alternateName":"Skilldo","potentialAction":[{"@type":"SearchAction","target":{"@type":"EntryPoint","urlTemplate":"https:\/\/skilldo.pl\/?s={search_term_string}"},"query-input":{"@type":"PropertyValueSpecification","valueRequired":true,"valueName":"search_term_string"}}],"inLanguage":"en-GB"},{"@type":"Organization","@id":"https:\/\/skilldo.pl\/#organization","name":"Skilldo","alternateName":"Skilldo","url":"https:\/\/skilldo.pl\/","logo":{"@type":"ImageObject","inLanguage":"en-GB","@id":"https:\/\/skilldo.pl\/#\/schema\/logo\/image\/","url":"https:\/\/skilldo.pl\/wp-content\/uploads\/2025\/10\/skilldo-page.png","contentUrl":"https:\/\/skilldo.pl\/wp-content\/uploads\/2025\/10\/skilldo-page.png","width":397,"height":164,"caption":"Skilldo"},"image":{"@id":"https:\/\/skilldo.pl\/#\/schema\/logo\/image\/"},"sameAs":["https:\/\/pl.linkedin.com\/in\/dagmara-solik"]}]}},"_links":{"self":[{"href":"https:\/\/skilldo.pl\/en\/wp-json\/wp\/v2\/pages\/3113","targetHints":{"allow":["GET"]}}],"collection":[{"href":"https:\/\/skilldo.pl\/en\/wp-json\/wp\/v2\/pages"}],"about":[{"href":"https:\/\/skilldo.pl\/en\/wp-json\/wp\/v2\/types\/page"}],"author":[{"embeddable":true,"href":"https:\/\/skilldo.pl\/en\/wp-json\/wp\/v2\/users\/1"}],"replies":[{"embeddable":true,"href":"https:\/\/skilldo.pl\/en\/wp-json\/wp\/v2\/comments?post=3113"}],"version-history":[{"count":23,"href":"https:\/\/skilldo.pl\/en\/wp-json\/wp\/v2\/pages\/3113\/revisions"}],"predecessor-version":[{"id":3968,"href":"https:\/\/skilldo.pl\/en\/wp-json\/wp\/v2\/pages\/3113\/revisions\/3968"}],"wp:attachment":[{"href":"https:\/\/skilldo.pl\/en\/wp-json\/wp\/v2\/media?parent=3113"}],"curies":[{"name":"wp","href":"https:\/\/api.w.org\/{rel}","templated":true}]}}