{"id":3102,"date":"2025-10-30T11:45:38","date_gmt":"2025-10-30T11:45:38","guid":{"rendered":"https:\/\/skilldo.wiechula.ovh\/?page_id=3102"},"modified":"2026-01-22T21:04:17","modified_gmt":"2026-01-22T21:04:17","slug":"warsztat-zostalem-liderem-i-co-dalej-kluczowe-kompetencje-lidera","status":"publish","type":"page","link":"https:\/\/skilldo.pl\/en\/warsztat-zostalem-liderem-i-co-dalej-kluczowe-kompetencje-lidera\/","title":{"rendered":"Zosta\u0142em Liderem i co dalej? \u2013 Kluczowe kompetencje lidera"},"content":{"rendered":"<div data-elementor-type=\"wp-page\" data-elementor-id=\"3102\" class=\"elementor elementor-3102\">\n\t\t\t\t<div class=\"elementor-element elementor-element-9c9c0d6 e-flex e-con-boxed e-con e-parent\" data-id=\"9c9c0d6\" data-element_type=\"container\" data-settings=\"{&quot;background_background&quot;:&quot;classic&quot;}\">\n\t\t\t\t\t<div class=\"e-con-inner\">\n\t\t<div class=\"elementor-element elementor-element-2774994 e-con-full e-flex e-con e-child\" data-id=\"2774994\" data-element_type=\"container\">\n\t\t\t\t<div class=\"elementor-element elementor-element-add3558 elementor-widget elementor-widget-heading\" data-id=\"add3558\" data-element_type=\"widget\" data-widget_type=\"heading.default\">\n\t\t\t\t<div class=\"elementor-widget-container\">\n\t\t\t\t\t<h1 class=\"elementor-heading-title elementor-size-default\">I Became a Leader, Now What? Key Leadership Competencies<\/h1>\t\t\t\t<\/div>\n\t\t\t\t<\/div>\n\t\t\t\t<\/div>\n\t\t\t\t\t<\/div>\n\t\t\t\t<\/div>\n\t\t<div class=\"elementor-element elementor-element-38476a0 e-flex e-con-boxed e-con e-parent\" data-id=\"38476a0\" data-element_type=\"container\" data-settings=\"{&quot;background_background&quot;:&quot;classic&quot;}\">\n\t\t\t\t\t<div class=\"e-con-inner\">\n\t\t<div class=\"elementor-element elementor-element-3b3710f e-con-full e-flex e-con e-child\" data-id=\"3b3710f\" data-element_type=\"container\">\n\t\t\t\t<div class=\"elementor-element elementor-element-eb62324 elementor-widget elementor-widget-heading\" data-id=\"eb62324\" data-element_type=\"widget\" data-widget_type=\"heading.default\">\n\t\t\t\t<div class=\"elementor-widget-container\">\n\t\t\t\t\t<h2 class=\"elementor-heading-title elementor-size-default\">Workshop description<\/h2>\t\t\t\t<\/div>\n\t\t\t\t<\/div>\n\t\t\t\t<div class=\"elementor-element elementor-element-2352195 elementor-widget elementor-widget-text-editor\" data-id=\"2352195\" data-element_type=\"widget\" data-widget_type=\"text-editor.default\">\n\t\t\t\t<div class=\"elementor-widget-container\">\n\t\t\t\t\t\t\t\t\t<p>Conscious and effective leadership is the foundation of the success of every team and organization.<br \/><br \/>During the two-day workshop, participants will discover what the role of a leader means in practice, how to build authority, develop a team, and effectively manage daily challenges.<br \/><br \/>The workshop combines theory with practice \u2013 participants will work on real-world examples, developing their skills through exercises, simulations, and discussions. The program covers key areas of people management, such as communication, delegation, motivation, conflict resolution, and providing constructive feedback.<br \/><br \/>Participants will also learn Blanchard's Situational Leadership model, learning to adapt their management style to the needs and maturity of team members. The workshop will culminate in each participant creating a personal development plan, which will serve as a roadmap for further development of their leadership competencies.<\/p>\t\t\t\t\t\t\t\t<\/div>\n\t\t\t\t<\/div>\n\t\t\t\t<\/div>\n\t\t<div class=\"elementor-element elementor-element-16e5dfe e-con-full e-flex e-con e-child\" data-id=\"16e5dfe\" data-element_type=\"container\">\n\t\t\t\t<div class=\"elementor-element elementor-element-3fd3d1c elementor-widget elementor-widget-image\" data-id=\"3fd3d1c\" data-element_type=\"widget\" data-widget_type=\"image.default\">\n\t\t\t\t<div class=\"elementor-widget-container\">\n\t\t\t\t\t\t\t\t\t\t\t\t\t\t\t<img decoding=\"async\" src=\"https:\/\/skilldo.pl\/wp-content\/uploads\/2026\/01\/zostalem_liderem.jpg\" title=\"\" alt=\"\" loading=\"lazy\" \/>\t\t\t\t\t\t\t\t\t\t\t\t\t\t\t<\/div>\n\t\t\t\t<\/div>\n\t\t\t\t<\/div>\n\t\t\t\t\t<\/div>\n\t\t\t\t<\/div>\n\t\t<div class=\"elementor-element elementor-element-850c3c6 e-flex e-con-boxed e-con e-parent\" data-id=\"850c3c6\" data-element_type=\"container\" data-settings=\"{&quot;background_background&quot;:&quot;classic&quot;}\">\n\t\t\t\t\t<div class=\"e-con-inner\">\n\t\t<div class=\"elementor-element elementor-element-448314e e-con-full e-flex e-con e-child\" data-id=\"448314e\" data-element_type=\"container\">\n\t\t\t\t<div class=\"elementor-element elementor-element-63fc861 elementor-widget elementor-widget-heading\" data-id=\"63fc861\" data-element_type=\"widget\" data-widget_type=\"heading.default\">\n\t\t\t\t<div class=\"elementor-widget-container\">\n\t\t\t\t\t<h2 class=\"elementor-heading-title elementor-size-default\">Benefits of participation<\/h2>\t\t\t\t<\/div>\n\t\t\t\t<\/div>\n\t\t\t\t<\/div>\n\t\t<div class=\"elementor-element elementor-element-45bfc0a e-con-full e-flex e-con e-child\" data-id=\"45bfc0a\" data-element_type=\"container\">\n\t\t\t\t<div class=\"elementor-element elementor-element-0bc10e6 elementor-widget elementor-widget-text-editor\" data-id=\"0bc10e6\" data-element_type=\"widget\" data-widget_type=\"text-editor.default\">\n\t\t\t\t<div class=\"elementor-widget-container\">\n\t\t\t\t\t\t\t\t\t<ul>\n \t<li>Understanding the role and responsibilities of a leader in an organization<\/li>\n \t<li>Developing effective communication skills and conducting 1:1 conversations<\/li>\n \t<li>Learning methods for delegating tasks and building team engagement<\/li>\n \t<li>The ability to resolve conflicts and conduct difficult conversations<\/li>\n \t<li>Mastering the techniques of providing constructive feedback (AID model)<\/li>\n \t<li>Increased competence in the area of \u200b\u200b\u200b\u200bmotivation and creating employee development plans<\/li>\n \t<li>Learning tools for effective meeting management, also in a remote environment<\/li>\n\n<\/ul>\t\t\t\t\t\t\t\t<\/div>\n\t\t\t\t<\/div>\n\t\t\t\t<\/div>\n\t\t\t\t\t<\/div>\n\t\t\t\t<\/div>\n\t\t<div class=\"elementor-element elementor-element-74f1275 e-flex e-con-boxed e-con e-parent\" data-id=\"74f1275\" data-element_type=\"container\" data-settings=\"{&quot;background_background&quot;:&quot;classic&quot;}\">\n\t\t\t\t\t<div class=\"e-con-inner\">\n\t\t<div class=\"elementor-element elementor-element-cec1198 e-con-full e-flex e-con e-child\" data-id=\"cec1198\" data-element_type=\"container\">\n\t\t\t\t<div class=\"elementor-element elementor-element-52f6c3d elementor-widget elementor-widget-heading\" data-id=\"52f6c3d\" data-element_type=\"widget\" data-widget_type=\"heading.default\">\n\t\t\t\t<div class=\"elementor-widget-container\">\n\t\t\t\t\t<h2 class=\"elementor-heading-title elementor-size-default\">Who is the workshop for?<\/h2>\t\t\t\t<\/div>\n\t\t\t\t<\/div>\n\t\t\t\t<\/div>\n\t\t<div class=\"elementor-element elementor-element-076f093 e-con-full e-flex e-con e-child\" data-id=\"076f093\" data-element_type=\"container\">\n\t\t<div class=\"elementor-element elementor-element-ac950a4 e-con-full e-flex e-con e-child\" data-id=\"ac950a4\" data-element_type=\"container\">\n\t\t<div class=\"elementor-element elementor-element-b997a19 e-con-full e-flex e-con e-child\" data-id=\"b997a19\" data-element_type=\"container\">\n\t\t\t\t<div class=\"elementor-element elementor-element-676a1de elementor-widget elementor-widget-html\" data-id=\"676a1de\" data-element_type=\"widget\" data-widget_type=\"html.default\">\n\t\t\t\t<div class=\"elementor-widget-container\">\n\t\t\t\t\t<div class=\"e-step\">\n  <div class=\"e-number\">1<\/div>\n  <div class=\"e-step-text\"><p>Leaders and managers at the beginning of their management path.<\/p><\/div>\n<\/div>\t\t\t\t<\/div>\n\t\t\t\t<\/div>\n\t\t\t\t<\/div>\n\t\t<div class=\"elementor-element elementor-element-64c7742 e-con-full e-flex e-con e-child\" data-id=\"64c7742\" data-element_type=\"container\">\n\t\t\t\t<div class=\"elementor-element elementor-element-57de7f1 elementor-widget elementor-widget-html\" data-id=\"57de7f1\" data-element_type=\"widget\" data-widget_type=\"html.default\">\n\t\t\t\t<div class=\"elementor-widget-container\">\n\t\t\t\t\t<div class=\"e-step\">\n  <div class=\"e-number\">2<\/div>\n  <div class=\"e-step-text\"><p>Experienced leaders who want to refresh and organize their knowledge in the area of \u200b\u200bleadership.<\/p><\/div>\n<\/div>\t\t\t\t<\/div>\n\t\t\t\t<\/div>\n\t\t\t\t<\/div>\n\t\t<div class=\"elementor-element elementor-element-dae9b8a e-con-full e-flex e-con e-child\" data-id=\"dae9b8a\" data-element_type=\"container\">\n\t\t\t\t<div class=\"elementor-element elementor-element-b5c1dde elementor-widget elementor-widget-html\" data-id=\"b5c1dde\" data-element_type=\"widget\" data-widget_type=\"html.default\">\n\t\t\t\t<div class=\"elementor-widget-container\">\n\t\t\t\t\t<div class=\"e-step\">\n  <div class=\"e-number\">3<\/div>\n  <div class=\"e-step-text\"><p>Professionals preparing to take on a leadership role.<\/p><\/div>\n<\/div>\t\t\t\t<\/div>\n\t\t\t\t<\/div>\n\t\t\t\t<\/div>\n\t\t<div class=\"elementor-element elementor-element-68d3b3e e-con-full e-flex e-con e-child\" data-id=\"68d3b3e\" data-element_type=\"container\">\n\t\t\t\t<div class=\"elementor-element elementor-element-122745c elementor-widget elementor-widget-html\" data-id=\"122745c\" data-element_type=\"widget\" data-widget_type=\"html.default\">\n\t\t\t\t<div class=\"elementor-widget-container\">\n\t\t\t\t\t<div class=\"e-step\">\n  <div class=\"e-number\">4<\/div>\n  <div class=\"e-step-text\"><p>Anyone who wants to improve their team management skills.<\/p><\/div>\n<\/div>\t\t\t\t<\/div>\n\t\t\t\t<\/div>\n\t\t\t\t<\/div>\n\t\t\t\t<\/div>\n\t\t\t\t<\/div>\n\t\t\t\t\t<\/div>\n\t\t\t\t<\/div>\n\t\t<div class=\"elementor-element elementor-element-8a1d875 e-flex e-con-boxed e-con e-parent\" data-id=\"8a1d875\" data-element_type=\"container\" data-settings=\"{&quot;background_background&quot;:&quot;classic&quot;}\">\n\t\t\t\t\t<div class=\"e-con-inner\">\n\t\t<div class=\"elementor-element elementor-element-fed9366 e-con-full e-flex e-con e-child\" data-id=\"fed9366\" data-element_type=\"container\">\n\t\t\t\t<div class=\"elementor-element elementor-element-da8b495 elementor-widget elementor-widget-heading\" data-id=\"da8b495\" data-element_type=\"widget\" data-widget_type=\"heading.default\">\n\t\t\t\t<div class=\"elementor-widget-container\">\n\t\t\t\t\t<h2 class=\"elementor-heading-title elementor-size-default\">Workshop effects<\/h2>\t\t\t\t<\/div>\n\t\t\t\t<\/div>\n\t\t\t\t<\/div>\n\t\t<div class=\"elementor-element elementor-element-9f22f97 e-con-full e-flex e-con e-child\" data-id=\"9f22f97\" data-element_type=\"container\">\n\t\t\t\t<div class=\"elementor-element elementor-element-a23f2dc elementor-widget elementor-widget-text-editor\" data-id=\"a23f2dc\" data-element_type=\"widget\" data-widget_type=\"text-editor.default\">\n\t\t\t\t<div class=\"elementor-widget-container\">\n\t\t\t\t\t\t\t\t\t<ul><li>Awareness of your own leadership style and its impact on the team<\/li><li>The ability to adapt management methods to the situation and people's needs<\/li><li>Greater confidence in conducting development and feedback conversations<\/li><li>More effective team management, even in a hybrid environment<\/li><li>An individual leadership development plan tailored to real-world challenges<\/li><\/ul>\t\t\t\t\t\t\t\t<\/div>\n\t\t\t\t<\/div>\n\t\t\t\t<\/div>\n\t\t\t\t\t<\/div>\n\t\t\t\t<\/div>\n\t\t<div class=\"elementor-element elementor-element-9031210 e-flex e-con-boxed e-con e-parent\" data-id=\"9031210\" data-element_type=\"container\">\n\t\t\t\t\t<div class=\"e-con-inner\">\n\t\t\t\t<div class=\"elementor-element elementor-element-62d9c7d big-btn elementor-widget elementor-widget-button\" data-id=\"62d9c7d\" data-element_type=\"widget\" data-widget_type=\"button.default\">\n\t\t\t\t<div class=\"elementor-widget-container\">\n\t\t\t\t\t\t\t\t\t<div class=\"elementor-button-wrapper\">\n\t\t\t\t\t<a class=\"elementor-button elementor-button-link elementor-size-sm\" href=\"\/en\/kontakt\/\">\n\t\t\t\t\t\t<span class=\"elementor-button-content-wrapper\">\n\t\t\t\t\t\t<span class=\"elementor-button-icon\">\n\t\t\t\t<i aria-hidden=\"true\" class=\"fas fa-mail-bulk\"><\/i>\t\t\t<\/span>\n\t\t\t\t\t\t\t\t\t<span class=\"elementor-button-text\">Contact us<\/span>\n\t\t\t\t\t<\/span>\n\t\t\t\t\t<\/a>\n\t\t\t\t<\/div>\n\t\t\t\t\t\t\t\t<\/div>\n\t\t\t\t<\/div>\n\t\t\t\t\t<\/div>\n\t\t\t\t<\/div>\n\t\t\t\t<\/div>","protected":false},"excerpt":{"rendered":"<p>Zosta\u0142em Liderem i co dalej? Kluczowe kompetencje lidera Opis warsztatu \u015awiadome i skuteczne przyw\u00f3dztwo to fundament sukcesu ka\u017cdego zespo\u0142u i organizacji. Podczas dwudniowego warsztatu uczestnicy odkryj\u0105, co oznacza rola lidera w praktyce, jak budowa\u0107 autorytet, rozwija\u0107 zesp\u00f3\u0142 oraz efektywnie zarz\u0105dza\u0107 codziennymi wyzwaniami. Warsztat \u0142\u0105czy teori\u0119 z praktyk\u0105 \u2013 uczestnicy b\u0119d\u0105 pracowa\u0107 na rzeczywistych przyk\u0142adach, rozwijaj\u0105c <a class=\"read-more\" href=\"https:\/\/skilldo.pl\/en\/warsztat-zostalem-liderem-i-co-dalej-kluczowe-kompetencje-lidera\/\">[&#8230;] <\/a><\/p>\n","protected":false},"author":1,"featured_media":0,"parent":0,"menu_order":100,"comment_status":"closed","ping_status":"closed","template":"","meta":{"site-sidebar-layout":"no-sidebar","site-content-layout":"page-builder","ast-site-content-layout":"full-width-container","site-content-style":"default","site-sidebar-style":"default","ast-global-header-display":"","ast-banner-title-visibility":"","ast-main-header-display":"","ast-hfb-above-header-display":"","ast-hfb-below-header-display":"","ast-hfb-mobile-header-display":"","site-post-title":"disabled","ast-breadcrumbs-content":"","ast-featured-img":"disabled","footer-sml-layout":"","theme-transparent-header-meta":"enabled","adv-header-id-meta":"","stick-header-meta":"","header-above-stick-meta":"","header-main-stick-meta":"","header-below-stick-meta":"","astra-migrate-meta-layouts":"set","ast-page-background-enabled":"default","ast-page-background-meta":{"desktop":{"background-color":"var(--ast-global-color-4)","background-image":"","background-repeat":"repeat","background-position":"center center","background-size":"auto","background-attachment":"scroll","background-type":"","background-media":"","overlay-type":"","overlay-color":"","overlay-opacity":"","overlay-gradient":""},"tablet":{"background-color":"","background-image":"","background-repeat":"repeat","background-position":"center center","background-size":"auto","background-attachment":"scroll","background-type":"","background-media":"","overlay-type":"","overlay-color":"","overlay-opacity":"","overlay-gradient":""},"mobile":{"background-color":"","background-image":"","background-repeat":"repeat","background-position":"center center","background-size":"auto","background-attachment":"scroll","background-type":"","background-media":"","overlay-type":"","overlay-color":"","overlay-opacity":"","overlay-gradient":""}},"ast-content-background-meta":{"desktop":{"background-color":"var(--ast-global-color-5)","background-image":"","background-repeat":"repeat","background-position":"center center","background-size":"auto","background-attachment":"scroll","background-type":"","background-media":"","overlay-type":"","overlay-color":"","overlay-opacity":"","overlay-gradient":""},"tablet":{"background-color":"var(--ast-global-color-5)","background-image":"","background-repeat":"repeat","background-position":"center center","background-size":"auto","background-attachment":"scroll","background-type":"","background-media":"","overlay-type":"","overlay-color":"","overlay-opacity":"","overlay-gradient":""},"mobile":{"background-color":"var(--ast-global-color-5)","background-image":"","background-repeat":"repeat","background-position":"center center","background-size":"auto","background-attachment":"scroll","background-type":"","background-media":"","overlay-type":"","overlay-color":"","overlay-opacity":"","overlay-gradient":""}},"footnotes":""},"class_list":["post-3102","page","type-page","status-publish","hentry"],"yoast_head":"<!-- This site is optimized with the Yoast SEO plugin v26.7 - https:\/\/yoast.com\/wordpress\/plugins\/seo\/ -->\n<title>Warsztat: Zosta\u0142em Liderem i co dalej? \u2013 Kluczowe kompetencje lidera | Skilldo<\/title>\n<meta name=\"description\" content=\"Zosta\u0142e\u015b liderem i zastanawiasz si\u0119, co dalej? Poznaj kluczowe kompetencje lidera i naucz si\u0119 skutecznie zarz\u0105dza\u0107 zespo\u0142em oraz relacjami\" \/>\n<meta name=\"robots\" content=\"index, follow, max-snippet:-1, max-image-preview:large, max-video-preview:-1\" \/>\n<link rel=\"canonical\" href=\"https:\/\/skilldo.pl\/en\/warsztat-zostalem-liderem-i-co-dalej-kluczowe-kompetencje-lidera\/\" \/>\n<meta property=\"og:locale\" content=\"en_GB\" \/>\n<meta property=\"og:type\" content=\"article\" \/>\n<meta property=\"og:title\" content=\"Warsztat: Zosta\u0142em Liderem i co dalej? \u2013 Kluczowe kompetencje lidera | Skilldo\" \/>\n<meta property=\"og:description\" content=\"Zosta\u0142e\u015b liderem i zastanawiasz si\u0119, co dalej? Poznaj kluczowe kompetencje lidera i naucz si\u0119 skutecznie zarz\u0105dza\u0107 zespo\u0142em oraz relacjami\" \/>\n<meta property=\"og:url\" content=\"https:\/\/skilldo.pl\/en\/warsztat-zostalem-liderem-i-co-dalej-kluczowe-kompetencje-lidera\/\" \/>\n<meta property=\"og:site_name\" content=\"Skilldo\" \/>\n<meta property=\"article:modified_time\" content=\"2026-01-22T21:04:17+00:00\" \/>\n<meta property=\"og:image\" content=\"https:\/\/skilldo.pl\/wp-content\/uploads\/2026\/01\/zostalem_liderem-731x1024.jpg\" \/>\n<meta name=\"twitter:card\" content=\"summary_large_image\" \/>\n<meta name=\"twitter:label1\" content=\"Estimated reading time\" \/>\n\t<meta name=\"twitter:data1\" content=\"2 minutes\" \/>\n<script type=\"application\/ld+json\" class=\"yoast-schema-graph\">{\"@context\":\"https:\/\/schema.org\",\"@graph\":[{\"@type\":\"WebPage\",\"@id\":\"https:\/\/skilldo.pl\/warsztat-zostalem-liderem-i-co-dalej-kluczowe-kompetencje-lidera\/\",\"url\":\"https:\/\/skilldo.pl\/warsztat-zostalem-liderem-i-co-dalej-kluczowe-kompetencje-lidera\/\",\"name\":\"Warsztat: Zosta\u0142em Liderem i co dalej? \u2013 Kluczowe kompetencje lidera | Skilldo\",\"isPartOf\":{\"@id\":\"https:\/\/skilldo.pl\/#website\"},\"primaryImageOfPage\":{\"@id\":\"https:\/\/skilldo.pl\/warsztat-zostalem-liderem-i-co-dalej-kluczowe-kompetencje-lidera\/#primaryimage\"},\"image\":{\"@id\":\"https:\/\/skilldo.pl\/warsztat-zostalem-liderem-i-co-dalej-kluczowe-kompetencje-lidera\/#primaryimage\"},\"thumbnailUrl\":\"https:\/\/skilldo.pl\/wp-content\/uploads\/2026\/01\/zostalem_liderem-731x1024.jpg\",\"datePublished\":\"2025-10-30T11:45:38+00:00\",\"dateModified\":\"2026-01-22T21:04:17+00:00\",\"description\":\"Zosta\u0142e\u015b liderem i zastanawiasz si\u0119, co dalej? Poznaj kluczowe kompetencje lidera i naucz si\u0119 skutecznie zarz\u0105dza\u0107 zespo\u0142em oraz relacjami\",\"breadcrumb\":{\"@id\":\"https:\/\/skilldo.pl\/warsztat-zostalem-liderem-i-co-dalej-kluczowe-kompetencje-lidera\/#breadcrumb\"},\"inLanguage\":\"en-GB\",\"potentialAction\":[{\"@type\":\"ReadAction\",\"target\":[\"https:\/\/skilldo.pl\/warsztat-zostalem-liderem-i-co-dalej-kluczowe-kompetencje-lidera\/\"]}]},{\"@type\":\"ImageObject\",\"inLanguage\":\"en-GB\",\"@id\":\"https:\/\/skilldo.pl\/warsztat-zostalem-liderem-i-co-dalej-kluczowe-kompetencje-lidera\/#primaryimage\",\"url\":\"https:\/\/skilldo.pl\/wp-content\/uploads\/2026\/01\/zostalem_liderem-731x1024.jpg\",\"contentUrl\":\"https:\/\/skilldo.pl\/wp-content\/uploads\/2026\/01\/zostalem_liderem-731x1024.jpg\"},{\"@type\":\"BreadcrumbList\",\"@id\":\"https:\/\/skilldo.pl\/warsztat-zostalem-liderem-i-co-dalej-kluczowe-kompetencje-lidera\/#breadcrumb\",\"itemListElement\":[{\"@type\":\"ListItem\",\"position\":1,\"name\":\"Strona g\u0142\u00f3wna\",\"item\":\"https:\/\/skilldo.pl\/\"},{\"@type\":\"ListItem\",\"position\":2,\"name\":\"Zosta\u0142em Liderem i co dalej? \u2013 Kluczowe kompetencje lidera\"}]},{\"@type\":\"WebSite\",\"@id\":\"https:\/\/skilldo.pl\/#website\",\"url\":\"https:\/\/skilldo.pl\/\",\"name\":\"Skilldo\",\"description\":\"Skilldo - szkolenia dla lider\u00f3w i zespo\u0142\u00f3w\",\"publisher\":{\"@id\":\"https:\/\/skilldo.pl\/#organization\"},\"alternateName\":\"Skilldo\",\"potentialAction\":[{\"@type\":\"SearchAction\",\"target\":{\"@type\":\"EntryPoint\",\"urlTemplate\":\"https:\/\/skilldo.pl\/?s={search_term_string}\"},\"query-input\":{\"@type\":\"PropertyValueSpecification\",\"valueRequired\":true,\"valueName\":\"search_term_string\"}}],\"inLanguage\":\"en-GB\"},{\"@type\":\"Organization\",\"@id\":\"https:\/\/skilldo.pl\/#organization\",\"name\":\"Skilldo\",\"alternateName\":\"Skilldo\",\"url\":\"https:\/\/skilldo.pl\/\",\"logo\":{\"@type\":\"ImageObject\",\"inLanguage\":\"en-GB\",\"@id\":\"https:\/\/skilldo.pl\/#\/schema\/logo\/image\/\",\"url\":\"https:\/\/skilldo.pl\/wp-content\/uploads\/2025\/10\/skilldo-page.png\",\"contentUrl\":\"https:\/\/skilldo.pl\/wp-content\/uploads\/2025\/10\/skilldo-page.png\",\"width\":397,\"height\":164,\"caption\":\"Skilldo\"},\"image\":{\"@id\":\"https:\/\/skilldo.pl\/#\/schema\/logo\/image\/\"},\"sameAs\":[\"https:\/\/pl.linkedin.com\/in\/dagmara-solik\"]}]}<\/script>\n<!-- \/ Yoast SEO plugin. -->","yoast_head_json":{"title":"Warsztat: Zosta\u0142em Liderem i co dalej? \u2013 Kluczowe kompetencje lidera | Skilldo","description":"Zosta\u0142e\u015b liderem i zastanawiasz si\u0119, co dalej? Poznaj kluczowe kompetencje lidera i naucz si\u0119 skutecznie zarz\u0105dza\u0107 zespo\u0142em oraz relacjami","robots":{"index":"index","follow":"follow","max-snippet":"max-snippet:-1","max-image-preview":"max-image-preview:large","max-video-preview":"max-video-preview:-1"},"canonical":"https:\/\/skilldo.pl\/en\/warsztat-zostalem-liderem-i-co-dalej-kluczowe-kompetencje-lidera\/","og_locale":"en_GB","og_type":"article","og_title":"Warsztat: Zosta\u0142em Liderem i co dalej? \u2013 Kluczowe kompetencje lidera | Skilldo","og_description":"Zosta\u0142e\u015b liderem i zastanawiasz si\u0119, co dalej? Poznaj kluczowe kompetencje lidera i naucz si\u0119 skutecznie zarz\u0105dza\u0107 zespo\u0142em oraz relacjami","og_url":"https:\/\/skilldo.pl\/en\/warsztat-zostalem-liderem-i-co-dalej-kluczowe-kompetencje-lidera\/","og_site_name":"Skilldo","article_modified_time":"2026-01-22T21:04:17+00:00","og_image":[{"url":"https:\/\/skilldo.pl\/wp-content\/uploads\/2026\/01\/zostalem_liderem-731x1024.jpg","type":"","width":"","height":""}],"twitter_card":"summary_large_image","twitter_misc":{"Estimated reading time":"2 minutes"},"schema":{"@context":"https:\/\/schema.org","@graph":[{"@type":"WebPage","@id":"https:\/\/skilldo.pl\/warsztat-zostalem-liderem-i-co-dalej-kluczowe-kompetencje-lidera\/","url":"https:\/\/skilldo.pl\/warsztat-zostalem-liderem-i-co-dalej-kluczowe-kompetencje-lidera\/","name":"Warsztat: Zosta\u0142em Liderem i co dalej? \u2013 Kluczowe kompetencje lidera | Skilldo","isPartOf":{"@id":"https:\/\/skilldo.pl\/#website"},"primaryImageOfPage":{"@id":"https:\/\/skilldo.pl\/warsztat-zostalem-liderem-i-co-dalej-kluczowe-kompetencje-lidera\/#primaryimage"},"image":{"@id":"https:\/\/skilldo.pl\/warsztat-zostalem-liderem-i-co-dalej-kluczowe-kompetencje-lidera\/#primaryimage"},"thumbnailUrl":"https:\/\/skilldo.pl\/wp-content\/uploads\/2026\/01\/zostalem_liderem-731x1024.jpg","datePublished":"2025-10-30T11:45:38+00:00","dateModified":"2026-01-22T21:04:17+00:00","description":"Zosta\u0142e\u015b liderem i zastanawiasz si\u0119, co dalej? Poznaj kluczowe kompetencje lidera i naucz si\u0119 skutecznie zarz\u0105dza\u0107 zespo\u0142em oraz relacjami","breadcrumb":{"@id":"https:\/\/skilldo.pl\/warsztat-zostalem-liderem-i-co-dalej-kluczowe-kompetencje-lidera\/#breadcrumb"},"inLanguage":"en-GB","potentialAction":[{"@type":"ReadAction","target":["https:\/\/skilldo.pl\/warsztat-zostalem-liderem-i-co-dalej-kluczowe-kompetencje-lidera\/"]}]},{"@type":"ImageObject","inLanguage":"en-GB","@id":"https:\/\/skilldo.pl\/warsztat-zostalem-liderem-i-co-dalej-kluczowe-kompetencje-lidera\/#primaryimage","url":"https:\/\/skilldo.pl\/wp-content\/uploads\/2026\/01\/zostalem_liderem-731x1024.jpg","contentUrl":"https:\/\/skilldo.pl\/wp-content\/uploads\/2026\/01\/zostalem_liderem-731x1024.jpg"},{"@type":"BreadcrumbList","@id":"https:\/\/skilldo.pl\/warsztat-zostalem-liderem-i-co-dalej-kluczowe-kompetencje-lidera\/#breadcrumb","itemListElement":[{"@type":"ListItem","position":1,"name":"Strona g\u0142\u00f3wna","item":"https:\/\/skilldo.pl\/"},{"@type":"ListItem","position":2,"name":"Zosta\u0142em Liderem i co dalej? \u2013 Kluczowe kompetencje lidera"}]},{"@type":"WebSite","@id":"https:\/\/skilldo.pl\/#website","url":"https:\/\/skilldo.pl\/","name":"Skilldo","description":"Skilldo - szkolenia dla lider\u00f3w i zespo\u0142\u00f3w","publisher":{"@id":"https:\/\/skilldo.pl\/#organization"},"alternateName":"Skilldo","potentialAction":[{"@type":"SearchAction","target":{"@type":"EntryPoint","urlTemplate":"https:\/\/skilldo.pl\/?s={search_term_string}"},"query-input":{"@type":"PropertyValueSpecification","valueRequired":true,"valueName":"search_term_string"}}],"inLanguage":"en-GB"},{"@type":"Organization","@id":"https:\/\/skilldo.pl\/#organization","name":"Skilldo","alternateName":"Skilldo","url":"https:\/\/skilldo.pl\/","logo":{"@type":"ImageObject","inLanguage":"en-GB","@id":"https:\/\/skilldo.pl\/#\/schema\/logo\/image\/","url":"https:\/\/skilldo.pl\/wp-content\/uploads\/2025\/10\/skilldo-page.png","contentUrl":"https:\/\/skilldo.pl\/wp-content\/uploads\/2025\/10\/skilldo-page.png","width":397,"height":164,"caption":"Skilldo"},"image":{"@id":"https:\/\/skilldo.pl\/#\/schema\/logo\/image\/"},"sameAs":["https:\/\/pl.linkedin.com\/in\/dagmara-solik"]}]}},"_links":{"self":[{"href":"https:\/\/skilldo.pl\/en\/wp-json\/wp\/v2\/pages\/3102","targetHints":{"allow":["GET"]}}],"collection":[{"href":"https:\/\/skilldo.pl\/en\/wp-json\/wp\/v2\/pages"}],"about":[{"href":"https:\/\/skilldo.pl\/en\/wp-json\/wp\/v2\/types\/page"}],"author":[{"embeddable":true,"href":"https:\/\/skilldo.pl\/en\/wp-json\/wp\/v2\/users\/1"}],"replies":[{"embeddable":true,"href":"https:\/\/skilldo.pl\/en\/wp-json\/wp\/v2\/comments?post=3102"}],"version-history":[{"count":30,"href":"https:\/\/skilldo.pl\/en\/wp-json\/wp\/v2\/pages\/3102\/revisions"}],"predecessor-version":[{"id":3975,"href":"https:\/\/skilldo.pl\/en\/wp-json\/wp\/v2\/pages\/3102\/revisions\/3975"}],"wp:attachment":[{"href":"https:\/\/skilldo.pl\/en\/wp-json\/wp\/v2\/media?parent=3102"}],"curies":[{"name":"wp","href":"https:\/\/api.w.org\/{rel}","templated":true}]}}