{"id":2882,"date":"2025-10-27T08:23:47","date_gmt":"2025-10-27T08:23:47","guid":{"rendered":"https:\/\/skilldo.wiechula.ovh\/?page_id=2882"},"modified":"2026-01-22T22:24:06","modified_gmt":"2026-01-22T22:24:06","slug":"kontakt","status":"publish","type":"page","link":"https:\/\/skilldo.pl\/en\/kontakt\/","title":{"rendered":"Contact"},"content":{"rendered":"\t\t<div data-elementor-type=\"wp-page\" data-elementor-id=\"2882\" class=\"elementor elementor-2882\">\n\t\t\t\t<div class=\"elementor-element elementor-element-9c9c0d6 e-flex e-con-boxed e-con e-parent\" data-id=\"9c9c0d6\" data-element_type=\"container\" data-settings=\"{&quot;background_background&quot;:&quot;classic&quot;}\">\n\t\t\t\t\t<div class=\"e-con-inner\">\n\t\t<div class=\"elementor-element elementor-element-2774994 e-con-full e-flex e-con e-child\" data-id=\"2774994\" data-element_type=\"container\">\n\t\t\t\t<div class=\"elementor-element elementor-element-add3558 elementor-widget elementor-widget-heading\" data-id=\"add3558\" data-element_type=\"widget\" data-widget_type=\"heading.default\">\n\t\t\t\t<div class=\"elementor-widget-container\">\n\t\t\t\t\t<h1 class=\"elementor-heading-title elementor-size-default\">Kontakt<\/h1>\t\t\t\t<\/div>\n\t\t\t\t<\/div>\n\t\t\t\t<\/div>\n\t\t\t\t\t<\/div>\n\t\t\t\t<\/div>\n\t\t<div class=\"elementor-element elementor-element-5bad6da e-flex e-con-boxed e-con e-parent\" data-id=\"5bad6da\" data-element_type=\"container\">\n\t\t\t\t\t<div class=\"e-con-inner\">\n\t\t<div class=\"elementor-element elementor-element-bd91198 e-con-full e-flex e-con e-child\" data-id=\"bd91198\" data-element_type=\"container\">\n\t\t<div class=\"elementor-element elementor-element-3b3710f e-con-full e-flex e-con e-child\" data-id=\"3b3710f\" data-element_type=\"container\">\n\t\t\t\t<div class=\"elementor-element elementor-element-eb62324 elementor-widget elementor-widget-heading\" data-id=\"eb62324\" data-element_type=\"widget\" data-widget_type=\"heading.default\">\n\t\t\t\t<div class=\"elementor-widget-container\">\n\t\t\t\t\t<h2 class=\"elementor-heading-title elementor-size-default\">B\u0105d\u017amy w kontakcie<\/h2>\t\t\t\t<\/div>\n\t\t\t\t<\/div>\n\t\t\t\t<div class=\"elementor-element elementor-element-93a5484 elementor-widget elementor-widget-heading\" data-id=\"93a5484\" data-element_type=\"widget\" data-widget_type=\"heading.default\">\n\t\t\t\t<div class=\"elementor-widget-container\">\n\t\t\t\t\t<h3 class=\"elementor-heading-title elementor-size-default\">Skilldo, Dagmara Solik<\/h3>\t\t\t\t<\/div>\n\t\t\t\t<\/div>\n\t\t<div class=\"elementor-element elementor-element-a0e3c4e e-con-full e-flex e-con e-child\" data-id=\"a0e3c4e\" data-element_type=\"container\">\n\t\t<div class=\"elementor-element elementor-element-2fbfb66 e-con-full e-flex e-con e-child\" data-id=\"2fbfb66\" data-element_type=\"container\">\n\t\t\t\t<div class=\"elementor-element elementor-element-d3281ba elementor-widget elementor-widget-text-editor\" data-id=\"d3281ba\" data-element_type=\"widget\" data-widget_type=\"text-editor.default\">\n\t\t\t\t<div class=\"elementor-widget-container\">\n\t\t\t\t\t\t\t\t\t<p><i class=\"fas fa-phone-square-alt\"><\/i>\u00a0\u00a0 <a href=\"tel:+48502184304\">+48 502 184 304<\/a><br \/><i class=\"fas fa-envelope\"><\/i>\u00a0 \u00a0<a href=\"mailto:dagmara.solik@skilldo.pl\">dagmara.solik@skilldo.pl<\/a><br \/><i class=\"fab fa-linkedin\"><\/i>\u00a0 \u00a0<a href=\"https:\/\/pl.linkedin.com\/in\/dagmara-solik\" target=\"_blank\" rel=\"noopener\">dagmara-solik<\/a><\/p>\t\t\t\t\t\t\t\t<\/div>\n\t\t\t\t<\/div>\n\t\t\t\t<\/div>\n\t\t\t\t<\/div>\n\t\t\t\t<\/div>\n\t\t<div class=\"elementor-element elementor-element-16e5dfe e-con-full e-flex e-con e-child\" data-id=\"16e5dfe\" data-element_type=\"container\" data-settings=\"{&quot;background_background&quot;:&quot;classic&quot;}\">\n\t\t\t\t<div class=\"elementor-element elementor-element-d6b6468 elementor-widget__width-initial elementor-widget-mobile__width-initial elementor-widget elementor-widget-wpforms\" data-id=\"d6b6468\" data-element_type=\"widget\" data-widget_type=\"wpforms.default\">\n\t\t\t\t<div class=\"elementor-widget-container\">\n\t\t\t\t\t<div class=\"wpforms-container \" id=\"wpforms-2892\"><form id=\"wpforms-form-2892\" class=\"wpforms-validate wpforms-form wpforms-ajax-form\" data-formid=\"2892\" method=\"post\" enctype=\"multipart\/form-data\" action=\"\/en\/wp-json\/wp\/v2\/pages\/2882\" data-token=\"865e7546bc560007f4cd873f1b2c669f\" data-token-time=\"1777539332\"><noscript class=\"wpforms-error-noscript\">Please enable JavaScript in your browser to complete this form.<\/noscript><div class=\"wpforms-field-container\"><div id=\"wpforms-2892-field_1-container\" class=\"wpforms-field wpforms-field-name\" data-field-id=\"1\"><label class=\"wpforms-field-label\" for=\"wpforms-2892-field_1\">Imi\u0119 i nazwisko <span class=\"wpforms-required-label\">*<\/span><\/label><div class=\"wpforms-field-row wpforms-field-large\"><div class=\"wpforms-field-row-block wpforms-first wpforms-one-half\"><input type=\"text\" id=\"wpforms-2892-field_1\" class=\"wpforms-field-name-first wpforms-field-required\" name=\"wpforms[fields][1][first]\" placeholder=\"Imi\u0119\" required><label for=\"wpforms-2892-field_1\" class=\"wpforms-field-sublabel after wpforms-sublabel-hide\">First<\/label><\/div><div class=\"wpforms-field-row-block wpforms-one-half\"><input type=\"text\" id=\"wpforms-2892-field_1-last\" class=\"wpforms-field-name-last wpforms-field-required\" name=\"wpforms[fields][1][last]\" placeholder=\"Nazwisko\" required><label for=\"wpforms-2892-field_1-last\" class=\"wpforms-field-sublabel after wpforms-sublabel-hide\">Last<\/label><\/div><\/div><\/div>\t\t<div id=\"wpforms-2892-field_4-container\"\n\t\t\tclass=\"wpforms-field wpforms-field-text\"\n\t\t\tdata-field-type=\"text\"\n\t\t\tdata-field-id=\"4\"\n\t\t\t>\n\t\t\t<label class=\"wpforms-field-label\" for=\"wpforms-2892-field_4\" >e-mail lub Komentarz<\/label>\n\t\t\t<input type=\"text\" id=\"wpforms-2892-field_4\" class=\"wpforms-field-medium\" name=\"wpforms[fields][4]\" >\n\t\t<\/div>\n\t\t<div id=\"wpforms-2892-field_2-container\" class=\"wpforms-field wpforms-field-email\" data-field-id=\"2\"><label class=\"wpforms-field-label\" for=\"wpforms-2892-field_2\">Adres e-mail <span class=\"wpforms-required-label\">*<\/span><\/label><input type=\"email\" id=\"wpforms-2892-field_2\" class=\"wpforms-field-large wpforms-field-required\" name=\"wpforms[fields][2]\" spellcheck=\"false\" required><\/div><div id=\"wpforms-2892-field_3-container\" class=\"wpforms-field wpforms-field-textarea\" data-field-id=\"3\"><label class=\"wpforms-field-label\" for=\"wpforms-2892-field_3\">Komentarz lub wiadomo\u015b\u0107<\/label><textarea id=\"wpforms-2892-field_3\" class=\"wpforms-field-medium\" name=\"wpforms[fields][3]\" ><\/textarea><\/div><script>\n\t\t\t\t( function() {\n\t\t\t\t\tconst style = document.createElement( 'style' );\n\t\t\t\t\tstyle.appendChild( document.createTextNode( '#wpforms-2892-field_4-container { position: absolute !important; overflow: hidden !important; display: inline !important; height: 1px !important; width: 1px !important; z-index: -1000 !important; padding: 0 !important; } #wpforms-2892-field_4-container input { visibility: hidden; } #wpforms-conversational-form-page #wpforms-2892-field_4-container label { counter-increment: none; }' ) );\n\t\t\t\t\tdocument.head.appendChild( style );\n\t\t\t\t\tdocument.currentScript?.remove();\n\t\t\t\t} )();\n\t\t\t<\/script><\/div><!-- .wpforms-field-container --><div class=\"wpforms-submit-container\" ><input type=\"hidden\" name=\"wpforms[id]\" value=\"2892\"><input type=\"hidden\" name=\"page_title\" value=\"\"><input type=\"hidden\" name=\"page_url\" value=\"https:\/\/skilldo.pl\/en\/wp-json\/wp\/v2\/pages\/2882\"><input type=\"hidden\" name=\"url_referer\" value=\"\"><button type=\"submit\" name=\"wpforms[submit]\" id=\"wpforms-submit-2892\" class=\"wpforms-submit\" data-alt-text=\"Wysy\u0142anie...\" data-submit-text=\"Prze\u015blij\" aria-live=\"assertive\" value=\"wpforms-submit\">Prze\u015blij<\/button><img decoding=\"async\" src=\"https:\/\/skilldo.pl\/wp-content\/plugins\/wpforms-lite\/assets\/images\/submit-spin.svg\" class=\"wpforms-submit-spinner\" style=\"display: none;\" width=\"26\" height=\"26\" alt=\"Loading\"><\/div><\/form><\/div>  <!-- .wpforms-container -->\t\t\t\t<\/div>\n\t\t\t\t<\/div>\n\t\t\t\t<\/div>\n\t\t\t\t<\/div>\n\t\t<div class=\"elementor-element elementor-element-5632279 e-con-full e-flex e-con e-child\" data-id=\"5632279\" data-element_type=\"container\">\n\t\t\t\t<div class=\"elementor-element elementor-element-aa18af6 elementor-widget elementor-widget-image\" data-id=\"aa18af6\" data-element_type=\"widget\" data-widget_type=\"image.default\">\n\t\t\t\t<div class=\"elementor-widget-container\">\n\t\t\t\t\t\t\t\t\t\t\t\t\t\t\t<img fetchpriority=\"high\" decoding=\"async\" width=\"683\" height=\"1024\" src=\"https:\/\/skilldo.pl\/wp-content\/uploads\/2025\/12\/DS_03_sm-683x1024.jpg\" class=\"attachment-large size-large wp-image-3643\" alt=\"ds 03 sm\" srcset=\"https:\/\/skilldo.pl\/wp-content\/uploads\/2025\/12\/DS_03_sm-683x1024.jpg 683w, https:\/\/skilldo.pl\/wp-content\/uploads\/2025\/12\/DS_03_sm-200x300.jpg 200w, https:\/\/skilldo.pl\/wp-content\/uploads\/2025\/12\/DS_03_sm-768x1152.jpg 768w, https:\/\/skilldo.pl\/wp-content\/uploads\/2025\/12\/DS_03_sm.jpg 800w\" sizes=\"(max-width: 683px) 100vw, 683px\" \/>\t\t\t\t\t\t\t\t\t\t\t\t\t\t\t<\/div>\n\t\t\t\t<\/div>\n\t\t\t\t<\/div>\n\t\t\t\t\t<\/div>\n\t\t\t\t<\/div>\n\t\t<div class=\"elementor-element elementor-element-38476a0 e-flex e-con-boxed e-con e-parent\" data-id=\"38476a0\" data-element_type=\"container\" data-settings=\"{&quot;background_background&quot;:&quot;classic&quot;}\">\n\t\t\t\t\t<div class=\"e-con-inner\">\n\t\t\t\t\t<\/div>\n\t\t\t\t<\/div>\n\t\t\t\t<\/div>\n\t\t","protected":false},"excerpt":{"rendered":"<p>Kontakt B\u0105d\u017amy w kontakcie Skilldo, Dagmara Solik \u00a0\u00a0 +48 502 184 304\u00a0 \u00a0dagmara.solik@skilldo.pl\u00a0 \u00a0dagmara-solik Aby wype\u0142ni\u0107 ten formularz, w\u0142\u0105cz obs\u0142ug\u0119 JavaScript w przegl\u0105darce.Imi\u0119 i nazwisko *PierwszyOstatniAdres e-mail *Komentarz lub wiadomo\u015b\u0107 Prze\u015blij<\/p>","protected":false},"author":1,"featured_media":0,"parent":0,"menu_order":80,"comment_status":"closed","ping_status":"closed","template":"","meta":{"site-sidebar-layout":"no-sidebar","site-content-layout":"page-builder","ast-site-content-layout":"full-width-container","site-content-style":"default","site-sidebar-style":"default","ast-global-header-display":"","ast-banner-title-visibility":"","ast-main-header-display":"","ast-hfb-above-header-display":"","ast-hfb-below-header-display":"","ast-hfb-mobile-header-display":"","site-post-title":"disabled","ast-breadcrumbs-content":"","ast-featured-img":"disabled","footer-sml-layout":"","theme-transparent-header-meta":"enabled","adv-header-id-meta":"","stick-header-meta":"","header-above-stick-meta":"","header-main-stick-meta":"","header-below-stick-meta":"","astra-migrate-meta-layouts":"set","ast-page-background-enabled":"default","ast-page-background-meta":{"desktop":{"background-color":"var(--ast-global-color-4)","background-image":"","background-repeat":"repeat","background-position":"center center","background-size":"auto","background-attachment":"scroll","background-type":"","background-media":"","overlay-type":"","overlay-color":"","overlay-opacity":"","overlay-gradient":""},"tablet":{"background-color":"","background-image":"","background-repeat":"repeat","background-position":"center center","background-size":"auto","background-attachment":"scroll","background-type":"","background-media":"","overlay-type":"","overlay-color":"","overlay-opacity":"","overlay-gradient":""},"mobile":{"background-color":"","background-image":"","background-repeat":"repeat","background-position":"center center","background-size":"auto","background-attachment":"scroll","background-type":"","background-media":"","overlay-type":"","overlay-color":"","overlay-opacity":"","overlay-gradient":""}},"ast-content-background-meta":{"desktop":{"background-color":"var(--ast-global-color-5)","background-image":"","background-repeat":"repeat","background-position":"center center","background-size":"auto","background-attachment":"scroll","background-type":"","background-media":"","overlay-type":"","overlay-color":"","overlay-opacity":"","overlay-gradient":""},"tablet":{"background-color":"var(--ast-global-color-5)","background-image":"","background-repeat":"repeat","background-position":"center center","background-size":"auto","background-attachment":"scroll","background-type":"","background-media":"","overlay-type":"","overlay-color":"","overlay-opacity":"","overlay-gradient":""},"mobile":{"background-color":"var(--ast-global-color-5)","background-image":"","background-repeat":"repeat","background-position":"center center","background-size":"auto","background-attachment":"scroll","background-type":"","background-media":"","overlay-type":"","overlay-color":"","overlay-opacity":"","overlay-gradient":""}},"footnotes":""},"class_list":["post-2882","page","type-page","status-publish","hentry"],"yoast_head":"<!-- This site is optimized with the Yoast SEO plugin v26.7 - https:\/\/yoast.com\/wordpress\/plugins\/seo\/ -->\n<title>Dagmara Solik trener, mentor i certyfikowany konsultant Insights Discovery | Skilldo<\/title>\n<meta name=\"description\" content=\"Dagmara Solik trener, mentor i certyfikowany konsultant Insights Discovery. Skontaktuj si\u0119! Zapytaj o warsztat, szkolenie.\" \/>\n<meta name=\"robots\" content=\"index, follow, max-snippet:-1, max-image-preview:large, max-video-preview:-1\" \/>\n<link rel=\"canonical\" href=\"https:\/\/skilldo.pl\/en\/kontakt\/\" \/>\n<meta property=\"og:locale\" content=\"en_GB\" \/>\n<meta property=\"og:type\" content=\"article\" \/>\n<meta property=\"og:title\" content=\"Dagmara Solik trener, mentor i certyfikowany konsultant Insights Discovery | Skilldo\" \/>\n<meta property=\"og:description\" content=\"Dagmara Solik trener, mentor i certyfikowany konsultant Insights Discovery. Skontaktuj si\u0119! Zapytaj o warsztat, szkolenie.\" \/>\n<meta property=\"og:url\" content=\"https:\/\/skilldo.pl\/en\/kontakt\/\" \/>\n<meta property=\"og:site_name\" content=\"Skilldo\" \/>\n<meta property=\"article:modified_time\" content=\"2026-01-22T22:24:06+00:00\" \/>\n<meta property=\"og:image\" content=\"https:\/\/skilldo.pl\/wp-content\/plugins\/wpforms-lite\/assets\/images\/submit-spin.svg\" \/>\n<meta name=\"twitter:card\" content=\"summary_large_image\" \/>\n<meta name=\"twitter:label1\" content=\"Estimated reading time\" \/>\n\t<meta name=\"twitter:data1\" content=\"1 minute\" \/>\n<script type=\"application\/ld+json\" class=\"yoast-schema-graph\">{\"@context\":\"https:\/\/schema.org\",\"@graph\":[{\"@type\":\"WebPage\",\"@id\":\"https:\/\/skilldo.pl\/kontakt\/\",\"url\":\"https:\/\/skilldo.pl\/kontakt\/\",\"name\":\"Dagmara Solik trener, mentor i certyfikowany konsultant Insights Discovery | Skilldo\",\"isPartOf\":{\"@id\":\"https:\/\/skilldo.pl\/#website\"},\"primaryImageOfPage\":{\"@id\":\"https:\/\/skilldo.pl\/kontakt\/#primaryimage\"},\"image\":{\"@id\":\"https:\/\/skilldo.pl\/kontakt\/#primaryimage\"},\"thumbnailUrl\":\"https:\/\/skilldo.pl\/wp-content\/plugins\/wpforms-lite\/assets\/images\/submit-spin.svg\",\"datePublished\":\"2025-10-27T08:23:47+00:00\",\"dateModified\":\"2026-01-22T22:24:06+00:00\",\"description\":\"Dagmara Solik trener, mentor i certyfikowany konsultant Insights Discovery. Skontaktuj si\u0119! Zapytaj o warsztat, szkolenie.\",\"breadcrumb\":{\"@id\":\"https:\/\/skilldo.pl\/kontakt\/#breadcrumb\"},\"inLanguage\":\"en-GB\",\"potentialAction\":[{\"@type\":\"ReadAction\",\"target\":[\"https:\/\/skilldo.pl\/kontakt\/\"]}]},{\"@type\":\"ImageObject\",\"inLanguage\":\"en-GB\",\"@id\":\"https:\/\/skilldo.pl\/kontakt\/#primaryimage\",\"url\":\"https:\/\/skilldo.pl\/wp-content\/plugins\/wpforms-lite\/assets\/images\/submit-spin.svg\",\"contentUrl\":\"https:\/\/skilldo.pl\/wp-content\/plugins\/wpforms-lite\/assets\/images\/submit-spin.svg\"},{\"@type\":\"BreadcrumbList\",\"@id\":\"https:\/\/skilldo.pl\/kontakt\/#breadcrumb\",\"itemListElement\":[{\"@type\":\"ListItem\",\"position\":1,\"name\":\"Strona g\u0142\u00f3wna\",\"item\":\"https:\/\/skilldo.pl\/\"},{\"@type\":\"ListItem\",\"position\":2,\"name\":\"Kontakt\"}]},{\"@type\":\"WebSite\",\"@id\":\"https:\/\/skilldo.pl\/#website\",\"url\":\"https:\/\/skilldo.pl\/\",\"name\":\"Skilldo\",\"description\":\"Skilldo - szkolenia dla lider\u00f3w i zespo\u0142\u00f3w\",\"publisher\":{\"@id\":\"https:\/\/skilldo.pl\/#organization\"},\"alternateName\":\"Skilldo\",\"potentialAction\":[{\"@type\":\"SearchAction\",\"target\":{\"@type\":\"EntryPoint\",\"urlTemplate\":\"https:\/\/skilldo.pl\/?s={search_term_string}\"},\"query-input\":{\"@type\":\"PropertyValueSpecification\",\"valueRequired\":true,\"valueName\":\"search_term_string\"}}],\"inLanguage\":\"en-GB\"},{\"@type\":\"Organization\",\"@id\":\"https:\/\/skilldo.pl\/#organization\",\"name\":\"Skilldo\",\"alternateName\":\"Skilldo\",\"url\":\"https:\/\/skilldo.pl\/\",\"logo\":{\"@type\":\"ImageObject\",\"inLanguage\":\"en-GB\",\"@id\":\"https:\/\/skilldo.pl\/#\/schema\/logo\/image\/\",\"url\":\"https:\/\/skilldo.pl\/wp-content\/uploads\/2025\/10\/skilldo-page.png\",\"contentUrl\":\"https:\/\/skilldo.pl\/wp-content\/uploads\/2025\/10\/skilldo-page.png\",\"width\":397,\"height\":164,\"caption\":\"Skilldo\"},\"image\":{\"@id\":\"https:\/\/skilldo.pl\/#\/schema\/logo\/image\/\"},\"sameAs\":[\"https:\/\/pl.linkedin.com\/in\/dagmara-solik\"]}]}<\/script>\n<!-- \/ Yoast SEO plugin. -->","yoast_head_json":{"title":"Dagmara Solik trener, mentor i certyfikowany konsultant Insights Discovery | Skilldo","description":"Dagmara Solik trener, mentor i certyfikowany konsultant Insights Discovery. Skontaktuj si\u0119! Zapytaj o warsztat, szkolenie.","robots":{"index":"index","follow":"follow","max-snippet":"max-snippet:-1","max-image-preview":"max-image-preview:large","max-video-preview":"max-video-preview:-1"},"canonical":"https:\/\/skilldo.pl\/en\/kontakt\/","og_locale":"en_GB","og_type":"article","og_title":"Dagmara Solik trener, mentor i certyfikowany konsultant Insights Discovery | Skilldo","og_description":"Dagmara Solik trener, mentor i certyfikowany konsultant Insights Discovery. Skontaktuj si\u0119! Zapytaj o warsztat, szkolenie.","og_url":"https:\/\/skilldo.pl\/en\/kontakt\/","og_site_name":"Skilldo","article_modified_time":"2026-01-22T22:24:06+00:00","og_image":[{"url":"https:\/\/skilldo.pl\/wp-content\/plugins\/wpforms-lite\/assets\/images\/submit-spin.svg","type":"","width":"","height":""}],"twitter_card":"summary_large_image","twitter_misc":{"Estimated reading time":"1 minute"},"schema":{"@context":"https:\/\/schema.org","@graph":[{"@type":"WebPage","@id":"https:\/\/skilldo.pl\/kontakt\/","url":"https:\/\/skilldo.pl\/kontakt\/","name":"Dagmara Solik trener, mentor i certyfikowany konsultant Insights Discovery | Skilldo","isPartOf":{"@id":"https:\/\/skilldo.pl\/#website"},"primaryImageOfPage":{"@id":"https:\/\/skilldo.pl\/kontakt\/#primaryimage"},"image":{"@id":"https:\/\/skilldo.pl\/kontakt\/#primaryimage"},"thumbnailUrl":"https:\/\/skilldo.pl\/wp-content\/plugins\/wpforms-lite\/assets\/images\/submit-spin.svg","datePublished":"2025-10-27T08:23:47+00:00","dateModified":"2026-01-22T22:24:06+00:00","description":"Dagmara Solik trener, mentor i certyfikowany konsultant Insights Discovery. Skontaktuj si\u0119! Zapytaj o warsztat, szkolenie.","breadcrumb":{"@id":"https:\/\/skilldo.pl\/kontakt\/#breadcrumb"},"inLanguage":"en-GB","potentialAction":[{"@type":"ReadAction","target":["https:\/\/skilldo.pl\/kontakt\/"]}]},{"@type":"ImageObject","inLanguage":"en-GB","@id":"https:\/\/skilldo.pl\/kontakt\/#primaryimage","url":"https:\/\/skilldo.pl\/wp-content\/plugins\/wpforms-lite\/assets\/images\/submit-spin.svg","contentUrl":"https:\/\/skilldo.pl\/wp-content\/plugins\/wpforms-lite\/assets\/images\/submit-spin.svg"},{"@type":"BreadcrumbList","@id":"https:\/\/skilldo.pl\/kontakt\/#breadcrumb","itemListElement":[{"@type":"ListItem","position":1,"name":"Strona g\u0142\u00f3wna","item":"https:\/\/skilldo.pl\/"},{"@type":"ListItem","position":2,"name":"Kontakt"}]},{"@type":"WebSite","@id":"https:\/\/skilldo.pl\/#website","url":"https:\/\/skilldo.pl\/","name":"Skilldo","description":"Skilldo - szkolenia dla lider\u00f3w i zespo\u0142\u00f3w","publisher":{"@id":"https:\/\/skilldo.pl\/#organization"},"alternateName":"Skilldo","potentialAction":[{"@type":"SearchAction","target":{"@type":"EntryPoint","urlTemplate":"https:\/\/skilldo.pl\/?s={search_term_string}"},"query-input":{"@type":"PropertyValueSpecification","valueRequired":true,"valueName":"search_term_string"}}],"inLanguage":"en-GB"},{"@type":"Organization","@id":"https:\/\/skilldo.pl\/#organization","name":"Skilldo","alternateName":"Skilldo","url":"https:\/\/skilldo.pl\/","logo":{"@type":"ImageObject","inLanguage":"en-GB","@id":"https:\/\/skilldo.pl\/#\/schema\/logo\/image\/","url":"https:\/\/skilldo.pl\/wp-content\/uploads\/2025\/10\/skilldo-page.png","contentUrl":"https:\/\/skilldo.pl\/wp-content\/uploads\/2025\/10\/skilldo-page.png","width":397,"height":164,"caption":"Skilldo"},"image":{"@id":"https:\/\/skilldo.pl\/#\/schema\/logo\/image\/"},"sameAs":["https:\/\/pl.linkedin.com\/in\/dagmara-solik"]}]}},"_links":{"self":[{"href":"https:\/\/skilldo.pl\/en\/wp-json\/wp\/v2\/pages\/2882","targetHints":{"allow":["GET"]}}],"collection":[{"href":"https:\/\/skilldo.pl\/en\/wp-json\/wp\/v2\/pages"}],"about":[{"href":"https:\/\/skilldo.pl\/en\/wp-json\/wp\/v2\/types\/page"}],"author":[{"embeddable":true,"href":"https:\/\/skilldo.pl\/en\/wp-json\/wp\/v2\/users\/1"}],"replies":[{"embeddable":true,"href":"https:\/\/skilldo.pl\/en\/wp-json\/wp\/v2\/comments?post=2882"}],"version-history":[{"count":70,"href":"https:\/\/skilldo.pl\/en\/wp-json\/wp\/v2\/pages\/2882\/revisions"}],"predecessor-version":[{"id":4022,"href":"https:\/\/skilldo.pl\/en\/wp-json\/wp\/v2\/pages\/2882\/revisions\/4022"}],"wp:attachment":[{"href":"https:\/\/skilldo.pl\/en\/wp-json\/wp\/v2\/media?parent=2882"}],"curies":[{"name":"wp","href":"https:\/\/api.w.org\/{rel}","templated":true}]}}