{"id":2611,"date":"2025-10-25T10:57:18","date_gmt":"2025-10-25T10:57:18","guid":{"rendered":"https:\/\/skilldo.wiechula.ovh\/?page_id=2611"},"modified":"2026-01-22T22:31:07","modified_gmt":"2026-01-22T22:31:07","slug":"mentoring","status":"publish","type":"page","link":"https:\/\/skilldo.pl\/en\/mentoring\/","title":{"rendered":"Mentoring"},"content":{"rendered":"<div data-elementor-type=\"wp-page\" data-elementor-id=\"2611\" class=\"elementor elementor-2611\">\n\t\t\t\t<div class=\"elementor-element elementor-element-9c9c0d6 e-flex e-con-boxed e-con e-parent\" data-id=\"9c9c0d6\" data-element_type=\"container\" data-settings=\"{&quot;background_background&quot;:&quot;classic&quot;}\">\n\t\t\t\t\t<div class=\"e-con-inner\">\n\t\t<div class=\"elementor-element elementor-element-2774994 e-con-full e-flex e-con e-child\" data-id=\"2774994\" data-element_type=\"container\">\n\t\t\t\t<div class=\"elementor-element elementor-element-add3558 elementor-widget elementor-widget-heading\" data-id=\"add3558\" data-element_type=\"widget\" data-widget_type=\"heading.default\">\n\t\t\t\t<div class=\"elementor-widget-container\">\n\t\t\t\t\t<h1 class=\"elementor-heading-title elementor-size-default\">Business coaching and mentoring<\/h1>\t\t\t\t<\/div>\n\t\t\t\t<\/div>\n\t\t\t\t<\/div>\n\t\t\t\t\t<\/div>\n\t\t\t\t<\/div>\n\t\t<div class=\"elementor-element elementor-element-38476a0 e-flex e-con-boxed e-con e-parent\" data-id=\"38476a0\" data-element_type=\"container\">\n\t\t\t\t\t<div class=\"e-con-inner\">\n\t\t<div class=\"elementor-element elementor-element-3b3710f e-con-full e-flex e-con e-child\" data-id=\"3b3710f\" data-element_type=\"container\">\n\t\t\t\t<div class=\"elementor-element elementor-element-eb62324 elementor-widget elementor-widget-heading\" data-id=\"eb62324\" data-element_type=\"widget\" data-widget_type=\"heading.default\">\n\t\t\t\t<div class=\"elementor-widget-container\">\n\t\t\t\t\t<h2 class=\"elementor-heading-title elementor-size-default\">Business Coaching and Mentoring<\/h2>\t\t\t\t<\/div>\n\t\t\t\t<\/div>\n\t\t\t\t<div class=\"elementor-element elementor-element-2352195 elementor-widget elementor-widget-text-editor\" data-id=\"2352195\" data-element_type=\"widget\" data-widget_type=\"text-editor.default\">\n\t\t\t\t<div class=\"elementor-widget-container\">\n\t\t\t\t\t\t\t\t\t<p>In a dynamic business environment, leaders and teams face constant change, rising expectations, and the need to make informed decisions. Coaching and mentoring are effective forms of development that support both individual employees and entire organizations in achieving their strategic goals.<\/p>\t\t\t\t\t\t\t\t<\/div>\n\t\t\t\t<\/div>\n\t\t\t\t<\/div>\n\t\t<div class=\"elementor-element elementor-element-16e5dfe e-con-full e-flex e-con e-child\" data-id=\"16e5dfe\" data-element_type=\"container\">\n\t\t\t\t<div class=\"elementor-element elementor-element-3fd3d1c elementor-widget elementor-widget-image\" data-id=\"3fd3d1c\" data-element_type=\"widget\" data-widget_type=\"image.default\">\n\t\t\t\t<div class=\"elementor-widget-container\">\n\t\t\t\t\t\t\t\t\t\t\t\t\t\t\t<img fetchpriority=\"high\" decoding=\"async\" width=\"1024\" height=\"683\" src=\"https:\/\/skilldo.pl\/wp-content\/uploads\/2026\/01\/mentoring.jpg\" class=\"attachment-large size-large wp-image-4023\" alt=\"\" srcset=\"https:\/\/skilldo.pl\/wp-content\/uploads\/2026\/01\/mentoring.jpg 1024w, https:\/\/skilldo.pl\/wp-content\/uploads\/2026\/01\/mentoring-300x200.jpg 300w, https:\/\/skilldo.pl\/wp-content\/uploads\/2026\/01\/mentoring-768x512.jpg 768w\" sizes=\"(max-width: 1024px) 100vw, 1024px\" \/>\t\t\t\t\t\t\t\t\t\t\t\t\t\t\t<\/div>\n\t\t\t\t<\/div>\n\t\t\t\t<\/div>\n\t\t\t\t\t<\/div>\n\t\t\t\t<\/div>\n\t\t<div class=\"elementor-element elementor-element-850c3c6 e-flex e-con-boxed e-con e-parent\" data-id=\"850c3c6\" data-element_type=\"container\" data-settings=\"{&quot;background_background&quot;:&quot;classic&quot;}\">\n\t\t\t\t\t<div class=\"e-con-inner\">\n\t\t<div class=\"elementor-element elementor-element-448314e e-con-full e-flex e-con e-child\" data-id=\"448314e\" data-element_type=\"container\">\n\t\t\t\t<div class=\"elementor-element elementor-element-63fc861 elementor-widget elementor-widget-heading\" data-id=\"63fc861\" data-element_type=\"widget\" data-widget_type=\"heading.default\">\n\t\t\t\t<div class=\"elementor-widget-container\">\n\t\t\t\t\t<h3 class=\"elementor-heading-title elementor-size-default\">What do we focus on?<\/h3>\t\t\t\t<\/div>\n\t\t\t\t<\/div>\n\t\t\t\t<\/div>\n\t\t<div class=\"elementor-element elementor-element-45bfc0a e-con-full e-flex e-con e-child\" data-id=\"45bfc0a\" data-element_type=\"container\">\n\t\t\t\t<div class=\"elementor-element elementor-element-0bc10e6 elementor-widget elementor-widget-text-editor\" data-id=\"0bc10e6\" data-element_type=\"widget\" data-widget_type=\"text-editor.default\">\n\t\t\t\t<div class=\"elementor-widget-container\">\n\t\t\t\t\t\t\t\t\t<ul><li>developing leadership and communication skills\nbuilding self-confidence as a leader<\/li><li>building self-confidence as a leader<\/li><li>coping with team management challenges<\/li><li>planning your career path and personal development<\/li><li>strengthening the effectiveness of actions in an environment of change<\/li><\/ul>\t\t\t\t\t\t\t\t<\/div>\n\t\t\t\t<\/div>\n\t\t\t\t<\/div>\n\t\t\t\t\t<\/div>\n\t\t\t\t<\/div>\n\t\t<div class=\"elementor-element elementor-element-722061f e-flex e-con-boxed e-con e-parent\" data-id=\"722061f\" data-element_type=\"container\">\n\t\t\t\t\t<div class=\"e-con-inner\">\n\t\t\t\t<div class=\"elementor-element elementor-element-9142c78 elementor-widget elementor-widget-text-editor\" data-id=\"9142c78\" data-element_type=\"widget\" data-widget_type=\"text-editor.default\">\n\t\t\t\t<div class=\"elementor-widget-container\">\n\t\t\t\t\t\t\t\t\t<p>In the development process, we use proven diagnostic tools such as:<\/p>\t\t\t\t\t\t\t\t<\/div>\n\t\t\t\t<\/div>\n\t\t<div class=\"elementor-element elementor-element-ac950a4 e-con-full e-flex e-con e-child\" data-id=\"ac950a4\" data-element_type=\"container\">\n\t\t<div class=\"elementor-element elementor-element-b997a19 e-con-full e-flex e-con e-child\" data-id=\"b997a19\" data-element_type=\"container\">\n\t\t\t\t<div class=\"elementor-element elementor-element-676a1de elementor-widget elementor-widget-html\" data-id=\"676a1de\" data-element_type=\"widget\" data-widget_type=\"html.default\">\n\t\t\t\t<div class=\"elementor-widget-container\">\n\t\t\t\t\t<div class=\"e-step\">\n  <div class=\"e-number\">1<\/div>\n  <p class=\"e-step-text\">Insights Discovery \u2013 An Individual Effectiveness Profile that allows you to understand your own work style, strengths and areas requiring development.<\/p>\n<\/div>\t\t\t\t<\/div>\n\t\t\t\t<\/div>\n\t\t\t\t<\/div>\n\t\t<div class=\"elementor-element elementor-element-54c5de6 e-con-full e-flex e-con e-child\" data-id=\"54c5de6\" data-element_type=\"container\">\n\t\t\t\t<div class=\"elementor-element elementor-element-8b01891 elementor-widget elementor-widget-html\" data-id=\"8b01891\" data-element_type=\"widget\" data-widget_type=\"html.default\">\n\t\t\t\t<div class=\"elementor-widget-container\">\n\t\t\t\t\t<div class=\"e-step\">\n  <div class=\"e-number\">2<\/div>\n  <p class=\"e-step-text\">Insights Discovery Full Circle \u2013 a 360\u00b0 tool that provides an in-depth perspective through feedback from colleagues and stakeholders.<\/p>\n<\/div>\t\t\t\t<\/div>\n\t\t\t\t<\/div>\n\t\t\t\t<\/div>\n\t\t\t\t<\/div>\n\t\t\t\t\t<\/div>\n\t\t\t\t<\/div>\n\t\t<div class=\"elementor-element elementor-element-612e5c9 e-flex e-con-boxed e-con e-parent\" data-id=\"612e5c9\" data-element_type=\"container\" data-settings=\"{&quot;background_background&quot;:&quot;classic&quot;}\">\n\t\t\t\t\t<div class=\"e-con-inner\">\n\t\t<div class=\"elementor-element elementor-element-36b47ff e-con-full e-flex e-con e-child\" data-id=\"36b47ff\" data-element_type=\"container\">\n\t\t<div class=\"elementor-element elementor-element-8a49c83 e-con-full e-flex e-con e-child\" data-id=\"8a49c83\" data-element_type=\"container\">\n\t\t\t\t<div class=\"elementor-element elementor-element-b831eca elementor-widget elementor-widget-heading\" data-id=\"b831eca\" data-element_type=\"widget\" data-widget_type=\"heading.default\">\n\t\t\t\t<div class=\"elementor-widget-container\">\n\t\t\t\t\t<h3 class=\"elementor-heading-title elementor-size-default\">Our approach<\/h3>\t\t\t\t<\/div>\n\t\t\t\t<\/div>\n\t\t\t\t<div class=\"elementor-element elementor-element-47b422e elementor-widget elementor-widget-text-editor\" data-id=\"47b422e\" data-element_type=\"widget\" data-widget_type=\"text-editor.default\">\n\t\t\t\t<div class=\"elementor-widget-container\">\n\t\t\t\t\t\t\t\t\t<p>Our approach is based on trust, practical solutions and working on everyday challenges, which translates into measurable business results, such as:<\/p>\t\t\t\t\t\t\t\t<\/div>\n\t\t\t\t<\/div>\n\t\t\t\t<\/div>\n\t\t<div class=\"elementor-element elementor-element-a43380b e-con-full e-flex e-con e-child\" data-id=\"a43380b\" data-element_type=\"container\">\n\t\t\t\t<div class=\"elementor-element elementor-element-d410a06 elementor-widget elementor-widget-text-editor\" data-id=\"d410a06\" data-element_type=\"widget\" data-widget_type=\"text-editor.default\">\n\t\t\t\t<div class=\"elementor-widget-container\">\n\t\t\t\t\t\t\t\t\t<ul><li><p>improving team engagement<\/p><\/li><li><p>more effective leadership<\/p><\/li><li><p>better communication<\/p><\/li><li>planning your career path and personal development<\/li><li><p>greater organizational efficiency<\/p><\/li><\/ul>\t\t\t\t\t\t\t\t<\/div>\n\t\t\t\t<\/div>\n\t\t\t\t<\/div>\n\t\t\t\t<\/div>\n\t\t\t\t\t<\/div>\n\t\t\t\t<\/div>\n\t\t<div class=\"elementor-element elementor-element-0d43f1c e-flex e-con-boxed e-con e-parent\" data-id=\"0d43f1c\" data-element_type=\"container\">\n\t\t\t\t\t<div class=\"e-con-inner\">\n\t\t<div class=\"elementor-element elementor-element-e56fc2a e-con-full e-flex e-con e-child\" data-id=\"e56fc2a\" data-element_type=\"container\">\n\t\t\t\t<div class=\"elementor-element elementor-element-8779b04 elementor-widget elementor-widget-text-editor\" data-id=\"8779b04\" data-element_type=\"widget\" data-widget_type=\"text-editor.default\">\n\t\t\t\t<div class=\"elementor-widget-container\">\n\t\t\t\t\t\t\t\t\t\nThe optimal mentoring process includes 6\u20138 individual 1:1 meetings, but its length can be flexibly shortened or extended, fully adapting to the client's needs and goals.\t\t\t\t\t\t\t\t<\/div>\n\t\t\t\t<\/div>\n\t\t\t\t<\/div>\n\t\t\t\t\t<\/div>\n\t\t\t\t<\/div>\n\t\t<div class=\"elementor-element elementor-element-dabf396 e-flex e-con-boxed e-con e-parent\" data-id=\"dabf396\" data-element_type=\"container\">\n\t\t\t\t\t<div class=\"e-con-inner\">\n\t\t\t\t<div class=\"elementor-element elementor-element-7e9071c big-btn elementor-widget elementor-widget-button\" data-id=\"7e9071c\" data-element_type=\"widget\" data-widget_type=\"button.default\">\n\t\t\t\t<div class=\"elementor-widget-container\">\n\t\t\t\t\t\t\t\t\t<div class=\"elementor-button-wrapper\">\n\t\t\t\t\t<a class=\"elementor-button elementor-button-link elementor-size-sm\" href=\"\/en\/kontakt\/\">\n\t\t\t\t\t\t<span class=\"elementor-button-content-wrapper\">\n\t\t\t\t\t\t<span class=\"elementor-button-icon\">\n\t\t\t\t<i aria-hidden=\"true\" class=\"fas fa-mail-bulk\"><\/i>\t\t\t<\/span>\n\t\t\t\t\t\t\t\t\t<span class=\"elementor-button-text\">Contact us<\/span>\n\t\t\t\t\t<\/span>\n\t\t\t\t\t<\/a>\n\t\t\t\t<\/div>\n\t\t\t\t\t\t\t\t<\/div>\n\t\t\t\t<\/div>\n\t\t\t\t\t<\/div>\n\t\t\t\t<\/div>\n\t\t\t\t<\/div>","protected":false},"excerpt":{"rendered":"<p>Coaching i mentoring biznesowy Coaching i Mentoring Biznesowy W dynamicznym \u015brodowisku biznesowym liderzy i zespo\u0142y mierz\u0105 si\u0119 z ci\u0105g\u0142ymi zmianami, rosn\u0105cymi oczekiwaniami i konieczno\u015bci\u0105 podejmowania trafnych decyzji. Coaching i mentoring to skuteczne formy rozwoju, kt\u00f3re wspieraj\u0105 zar\u00f3wno indywidualnych pracownik\u00f3w, jak i ca\u0142e organizacje w osi\u0105ganiu cel\u00f3w strategicznych. Na czym si\u0119 koncentrujemy? rozwijaniu umiej\u0119tno\u015bci przyw\u00f3dczych i <a class=\"read-more\" href=\"https:\/\/skilldo.pl\/en\/mentoring\/\">[&#8230;] <\/a><\/p>\n","protected":false},"author":1,"featured_media":0,"parent":0,"menu_order":4,"comment_status":"closed","ping_status":"closed","template":"","meta":{"site-sidebar-layout":"no-sidebar","site-content-layout":"page-builder","ast-site-content-layout":"full-width-container","site-content-style":"default","site-sidebar-style":"default","ast-global-header-display":"","ast-banner-title-visibility":"","ast-main-header-display":"","ast-hfb-above-header-display":"","ast-hfb-below-header-display":"","ast-hfb-mobile-header-display":"","site-post-title":"disabled","ast-breadcrumbs-content":"","ast-featured-img":"disabled","footer-sml-layout":"","theme-transparent-header-meta":"enabled","adv-header-id-meta":"","stick-header-meta":"","header-above-stick-meta":"","header-main-stick-meta":"","header-below-stick-meta":"","astra-migrate-meta-layouts":"set","ast-page-background-enabled":"default","ast-page-background-meta":{"desktop":{"background-color":"var(--ast-global-color-4)","background-image":"","background-repeat":"repeat","background-position":"center center","background-size":"auto","background-attachment":"scroll","background-type":"","background-media":"","overlay-type":"","overlay-color":"","overlay-opacity":"","overlay-gradient":""},"tablet":{"background-color":"","background-image":"","background-repeat":"repeat","background-position":"center center","background-size":"auto","background-attachment":"scroll","background-type":"","background-media":"","overlay-type":"","overlay-color":"","overlay-opacity":"","overlay-gradient":""},"mobile":{"background-color":"","background-image":"","background-repeat":"repeat","background-position":"center center","background-size":"auto","background-attachment":"scroll","background-type":"","background-media":"","overlay-type":"","overlay-color":"","overlay-opacity":"","overlay-gradient":""}},"ast-content-background-meta":{"desktop":{"background-color":"var(--ast-global-color-5)","background-image":"","background-repeat":"repeat","background-position":"center center","background-size":"auto","background-attachment":"scroll","background-type":"","background-media":"","overlay-type":"","overlay-color":"","overlay-opacity":"","overlay-gradient":""},"tablet":{"background-color":"var(--ast-global-color-5)","background-image":"","background-repeat":"repeat","background-position":"center center","background-size":"auto","background-attachment":"scroll","background-type":"","background-media":"","overlay-type":"","overlay-color":"","overlay-opacity":"","overlay-gradient":""},"mobile":{"background-color":"var(--ast-global-color-5)","background-image":"","background-repeat":"repeat","background-position":"center center","background-size":"auto","background-attachment":"scroll","background-type":"","background-media":"","overlay-type":"","overlay-color":"","overlay-opacity":"","overlay-gradient":""}},"footnotes":""},"class_list":["post-2611","page","type-page","status-publish","hentry"],"yoast_head":"<!-- This site is optimized with the Yoast SEO plugin v26.7 - https:\/\/yoast.com\/wordpress\/plugins\/seo\/ -->\n<title>Coaching i Mentoring Biznesowy + Insights Discovery | Skilldo<\/title>\n<meta name=\"description\" content=\"Coaching i Mentoring Biznesowy z nami to: poprawa zaanga\u017cowania zespo\u0142\u00f3w, skuteczniejsze przyw\u00f3dztwo, lepsza komunikacja, wi\u0119ksza efektywno\u015b\u0107 organizacyjna. Mamy ogromne do\u015bwiadczenie, w polskich i zagranicznych wsp\u00f3\u0142pracach.\" \/>\n<meta name=\"robots\" content=\"index, follow, max-snippet:-1, max-image-preview:large, max-video-preview:-1\" \/>\n<link rel=\"canonical\" href=\"https:\/\/skilldo.pl\/en\/mentoring\/\" \/>\n<meta property=\"og:locale\" content=\"en_GB\" \/>\n<meta property=\"og:type\" content=\"article\" \/>\n<meta property=\"og:title\" content=\"Coaching i Mentoring Biznesowy + Insights Discovery | Skilldo\" \/>\n<meta property=\"og:description\" content=\"Coaching i Mentoring Biznesowy z nami to: poprawa zaanga\u017cowania zespo\u0142\u00f3w, skuteczniejsze przyw\u00f3dztwo, lepsza komunikacja, wi\u0119ksza efektywno\u015b\u0107 organizacyjna. Mamy ogromne do\u015bwiadczenie, w polskich i zagranicznych wsp\u00f3\u0142pracach.\" \/>\n<meta property=\"og:url\" content=\"https:\/\/skilldo.pl\/en\/mentoring\/\" \/>\n<meta property=\"og:site_name\" content=\"Skilldo\" \/>\n<meta property=\"article:modified_time\" content=\"2026-01-22T22:31:07+00:00\" \/>\n<meta property=\"og:image\" content=\"https:\/\/skilldo.pl\/wp-content\/uploads\/2026\/01\/mentoring.jpg\" \/>\n<meta name=\"twitter:card\" content=\"summary_large_image\" \/>\n<meta name=\"twitter:label1\" content=\"Estimated reading time\" \/>\n\t<meta name=\"twitter:data1\" content=\"2 minutes\" \/>\n<script type=\"application\/ld+json\" class=\"yoast-schema-graph\">{\"@context\":\"https:\/\/schema.org\",\"@graph\":[{\"@type\":\"WebPage\",\"@id\":\"https:\/\/skilldo.pl\/mentoring\/\",\"url\":\"https:\/\/skilldo.pl\/mentoring\/\",\"name\":\"Coaching i Mentoring Biznesowy + Insights Discovery | Skilldo\",\"isPartOf\":{\"@id\":\"https:\/\/skilldo.pl\/#website\"},\"primaryImageOfPage\":{\"@id\":\"https:\/\/skilldo.pl\/mentoring\/#primaryimage\"},\"image\":{\"@id\":\"https:\/\/skilldo.pl\/mentoring\/#primaryimage\"},\"thumbnailUrl\":\"https:\/\/skilldo.pl\/wp-content\/uploads\/2026\/01\/mentoring.jpg\",\"datePublished\":\"2025-10-25T10:57:18+00:00\",\"dateModified\":\"2026-01-22T22:31:07+00:00\",\"description\":\"Coaching i Mentoring Biznesowy z nami to: poprawa zaanga\u017cowania zespo\u0142\u00f3w, skuteczniejsze przyw\u00f3dztwo, lepsza komunikacja, wi\u0119ksza efektywno\u015b\u0107 organizacyjna. Mamy ogromne do\u015bwiadczenie, w polskich i zagranicznych wsp\u00f3\u0142pracach.\",\"breadcrumb\":{\"@id\":\"https:\/\/skilldo.pl\/mentoring\/#breadcrumb\"},\"inLanguage\":\"en-GB\",\"potentialAction\":[{\"@type\":\"ReadAction\",\"target\":[\"https:\/\/skilldo.pl\/mentoring\/\"]}]},{\"@type\":\"ImageObject\",\"inLanguage\":\"en-GB\",\"@id\":\"https:\/\/skilldo.pl\/mentoring\/#primaryimage\",\"url\":\"https:\/\/skilldo.pl\/wp-content\/uploads\/2026\/01\/mentoring.jpg\",\"contentUrl\":\"https:\/\/skilldo.pl\/wp-content\/uploads\/2026\/01\/mentoring.jpg\"},{\"@type\":\"BreadcrumbList\",\"@id\":\"https:\/\/skilldo.pl\/mentoring\/#breadcrumb\",\"itemListElement\":[{\"@type\":\"ListItem\",\"position\":1,\"name\":\"Strona g\u0142\u00f3wna\",\"item\":\"https:\/\/skilldo.pl\/\"},{\"@type\":\"ListItem\",\"position\":2,\"name\":\"Mentoring\"}]},{\"@type\":\"WebSite\",\"@id\":\"https:\/\/skilldo.pl\/#website\",\"url\":\"https:\/\/skilldo.pl\/\",\"name\":\"Skilldo\",\"description\":\"Skilldo - szkolenia dla lider\u00f3w i zespo\u0142\u00f3w\",\"publisher\":{\"@id\":\"https:\/\/skilldo.pl\/#organization\"},\"alternateName\":\"Skilldo\",\"potentialAction\":[{\"@type\":\"SearchAction\",\"target\":{\"@type\":\"EntryPoint\",\"urlTemplate\":\"https:\/\/skilldo.pl\/?s={search_term_string}\"},\"query-input\":{\"@type\":\"PropertyValueSpecification\",\"valueRequired\":true,\"valueName\":\"search_term_string\"}}],\"inLanguage\":\"en-GB\"},{\"@type\":\"Organization\",\"@id\":\"https:\/\/skilldo.pl\/#organization\",\"name\":\"Skilldo\",\"alternateName\":\"Skilldo\",\"url\":\"https:\/\/skilldo.pl\/\",\"logo\":{\"@type\":\"ImageObject\",\"inLanguage\":\"en-GB\",\"@id\":\"https:\/\/skilldo.pl\/#\/schema\/logo\/image\/\",\"url\":\"https:\/\/skilldo.pl\/wp-content\/uploads\/2025\/10\/skilldo-page.png\",\"contentUrl\":\"https:\/\/skilldo.pl\/wp-content\/uploads\/2025\/10\/skilldo-page.png\",\"width\":397,\"height\":164,\"caption\":\"Skilldo\"},\"image\":{\"@id\":\"https:\/\/skilldo.pl\/#\/schema\/logo\/image\/\"},\"sameAs\":[\"https:\/\/pl.linkedin.com\/in\/dagmara-solik\"]}]}<\/script>\n<!-- \/ Yoast SEO plugin. -->","yoast_head_json":{"title":"Coaching i Mentoring Biznesowy + Insights Discovery | Skilldo","description":"Coaching i Mentoring Biznesowy z nami to: poprawa zaanga\u017cowania zespo\u0142\u00f3w, skuteczniejsze przyw\u00f3dztwo, lepsza komunikacja, wi\u0119ksza efektywno\u015b\u0107 organizacyjna. Mamy ogromne do\u015bwiadczenie, w polskich i zagranicznych wsp\u00f3\u0142pracach.","robots":{"index":"index","follow":"follow","max-snippet":"max-snippet:-1","max-image-preview":"max-image-preview:large","max-video-preview":"max-video-preview:-1"},"canonical":"https:\/\/skilldo.pl\/en\/mentoring\/","og_locale":"en_GB","og_type":"article","og_title":"Coaching i Mentoring Biznesowy + Insights Discovery | Skilldo","og_description":"Coaching i Mentoring Biznesowy z nami to: poprawa zaanga\u017cowania zespo\u0142\u00f3w, skuteczniejsze przyw\u00f3dztwo, lepsza komunikacja, wi\u0119ksza efektywno\u015b\u0107 organizacyjna. Mamy ogromne do\u015bwiadczenie, w polskich i zagranicznych wsp\u00f3\u0142pracach.","og_url":"https:\/\/skilldo.pl\/en\/mentoring\/","og_site_name":"Skilldo","article_modified_time":"2026-01-22T22:31:07+00:00","og_image":[{"url":"https:\/\/skilldo.pl\/wp-content\/uploads\/2026\/01\/mentoring.jpg","type":"","width":"","height":""}],"twitter_card":"summary_large_image","twitter_misc":{"Estimated reading time":"2 minutes"},"schema":{"@context":"https:\/\/schema.org","@graph":[{"@type":"WebPage","@id":"https:\/\/skilldo.pl\/mentoring\/","url":"https:\/\/skilldo.pl\/mentoring\/","name":"Coaching i Mentoring Biznesowy + Insights Discovery | Skilldo","isPartOf":{"@id":"https:\/\/skilldo.pl\/#website"},"primaryImageOfPage":{"@id":"https:\/\/skilldo.pl\/mentoring\/#primaryimage"},"image":{"@id":"https:\/\/skilldo.pl\/mentoring\/#primaryimage"},"thumbnailUrl":"https:\/\/skilldo.pl\/wp-content\/uploads\/2026\/01\/mentoring.jpg","datePublished":"2025-10-25T10:57:18+00:00","dateModified":"2026-01-22T22:31:07+00:00","description":"Coaching i Mentoring Biznesowy z nami to: poprawa zaanga\u017cowania zespo\u0142\u00f3w, skuteczniejsze przyw\u00f3dztwo, lepsza komunikacja, wi\u0119ksza efektywno\u015b\u0107 organizacyjna. Mamy ogromne do\u015bwiadczenie, w polskich i zagranicznych wsp\u00f3\u0142pracach.","breadcrumb":{"@id":"https:\/\/skilldo.pl\/mentoring\/#breadcrumb"},"inLanguage":"en-GB","potentialAction":[{"@type":"ReadAction","target":["https:\/\/skilldo.pl\/mentoring\/"]}]},{"@type":"ImageObject","inLanguage":"en-GB","@id":"https:\/\/skilldo.pl\/mentoring\/#primaryimage","url":"https:\/\/skilldo.pl\/wp-content\/uploads\/2026\/01\/mentoring.jpg","contentUrl":"https:\/\/skilldo.pl\/wp-content\/uploads\/2026\/01\/mentoring.jpg"},{"@type":"BreadcrumbList","@id":"https:\/\/skilldo.pl\/mentoring\/#breadcrumb","itemListElement":[{"@type":"ListItem","position":1,"name":"Strona g\u0142\u00f3wna","item":"https:\/\/skilldo.pl\/"},{"@type":"ListItem","position":2,"name":"Mentoring"}]},{"@type":"WebSite","@id":"https:\/\/skilldo.pl\/#website","url":"https:\/\/skilldo.pl\/","name":"Skilldo","description":"Skilldo - szkolenia dla lider\u00f3w i zespo\u0142\u00f3w","publisher":{"@id":"https:\/\/skilldo.pl\/#organization"},"alternateName":"Skilldo","potentialAction":[{"@type":"SearchAction","target":{"@type":"EntryPoint","urlTemplate":"https:\/\/skilldo.pl\/?s={search_term_string}"},"query-input":{"@type":"PropertyValueSpecification","valueRequired":true,"valueName":"search_term_string"}}],"inLanguage":"en-GB"},{"@type":"Organization","@id":"https:\/\/skilldo.pl\/#organization","name":"Skilldo","alternateName":"Skilldo","url":"https:\/\/skilldo.pl\/","logo":{"@type":"ImageObject","inLanguage":"en-GB","@id":"https:\/\/skilldo.pl\/#\/schema\/logo\/image\/","url":"https:\/\/skilldo.pl\/wp-content\/uploads\/2025\/10\/skilldo-page.png","contentUrl":"https:\/\/skilldo.pl\/wp-content\/uploads\/2025\/10\/skilldo-page.png","width":397,"height":164,"caption":"Skilldo"},"image":{"@id":"https:\/\/skilldo.pl\/#\/schema\/logo\/image\/"},"sameAs":["https:\/\/pl.linkedin.com\/in\/dagmara-solik"]}]}},"_links":{"self":[{"href":"https:\/\/skilldo.pl\/en\/wp-json\/wp\/v2\/pages\/2611","targetHints":{"allow":["GET"]}}],"collection":[{"href":"https:\/\/skilldo.pl\/en\/wp-json\/wp\/v2\/pages"}],"about":[{"href":"https:\/\/skilldo.pl\/en\/wp-json\/wp\/v2\/types\/page"}],"author":[{"embeddable":true,"href":"https:\/\/skilldo.pl\/en\/wp-json\/wp\/v2\/users\/1"}],"replies":[{"embeddable":true,"href":"https:\/\/skilldo.pl\/en\/wp-json\/wp\/v2\/comments?post=2611"}],"version-history":[{"count":92,"href":"https:\/\/skilldo.pl\/en\/wp-json\/wp\/v2\/pages\/2611\/revisions"}],"predecessor-version":[{"id":4026,"href":"https:\/\/skilldo.pl\/en\/wp-json\/wp\/v2\/pages\/2611\/revisions\/4026"}],"wp:attachment":[{"href":"https:\/\/skilldo.pl\/en\/wp-json\/wp\/v2\/media?parent=2611"}],"curies":[{"name":"wp","href":"https:\/\/api.w.org\/{rel}","templated":true}]}}